{"id":2842,"date":"2018-06-18T08:33:59","date_gmt":"2018-06-18T07:33:59","guid":{"rendered":"http:\/\/sandbox.scanico.com\/cuiseur-spirale-pasteurisateur\/"},"modified":"2019-01-15T16:04:25","modified_gmt":"2019-01-15T15:04:25","slug":"cuiseur-a-vapeur-pasteurisateur","status":"publish","type":"page","link":"https:\/\/scanico.com\/fr\/nos-produits\/cuiseur-a-vapeur-pasteurisateur\/","title":{"rendered":"Cuiseur \u00e0 vapeur \/ pasteurisateur"},"content":{"rendered":"\n<style type=\"text\/css\" data-created_by=\"avia_inline_auto\" id=\"style-css-av-av_one_full-6126cab7d8fab8d08143dd2dacdf673c\">\n.flex_column.av-av_one_full-6126cab7d8fab8d08143dd2dacdf673c{\nborder-radius:0px 0px 0px 0px;\npadding:0px 0px 0px 0px;\n}\n<\/style>\n<div  class='flex_column av-av_one_full-6126cab7d8fab8d08143dd2dacdf673c av_one_full  avia-builder-el-0  el_before_av_three_fourth  avia-builder-el-first  first flex_column_div av-zero-column-padding  '     ><div  class='avia-slideshow av-av_slideshow-4d3e6f4bd49a99f6ad73a8cdbc7e63b4 avia-slideshow-featured av_slideshow avia-slide-slider  avia-builder-el-1  avia-builder-el-no-sibling  av-slideshow-ui av-control-default av-slideshow-autoplay av-loop-endless av-loop-manual-endless av-default-height-applied avia-slideshow-1' data-slideshow-options=\"{&quot;animation&quot;:&quot;slide&quot;,&quot;autoplay&quot;:true,&quot;loop_autoplay&quot;:&quot;endless&quot;,&quot;interval&quot;:5,&quot;loop_manual&quot;:&quot;manual-endless&quot;,&quot;autoplay_stopper&quot;:false,&quot;noNavigation&quot;:false,&quot;bg_slider&quot;:false,&quot;keep_padding&quot;:false,&quot;hoverpause&quot;:false,&quot;show_slide_delay&quot;:0}\"  itemprop=\"image\" itemscope=\"itemscope\" itemtype=\"https:\/\/schema.org\/ImageObject\" ><ul class='avia-slideshow-inner ' style='padding-bottom: 28.666666666667%;'><li  class='avia-slideshow-slide av-av_slideshow-4d3e6f4bd49a99f6ad73a8cdbc7e63b4__0  slide-1 slide-odd'><div data-rel='slideshow-1' class='avia-slide-wrap '  title='Scanico spiral steamer product in-feed' ><img decoding=\"async\" fetchpriority=\"high\" class=\"wp-image-2727 avia-img-lazy-loading-not-2727\"  src=\"https:\/\/scanico.com\/wp-content\/uploads\/2017\/05\/Steamer1_web-1500x430.jpg\" width=\"1500\" height=\"430\" title='Scanico Steamer' alt=''  itemprop=\"thumbnailUrl\"   \/><\/div><\/li><li  class='avia-slideshow-slide av-av_slideshow-4d3e6f4bd49a99f6ad73a8cdbc7e63b4__1  slide-2 slide-even'><div data-rel='slideshow-1' class='avia-slide-wrap '  title='Steam valve for Scanico steamer and proofer' ><img decoding=\"async\" fetchpriority=\"high\" class=\"wp-image-2729 avia-img-lazy-loading-not-2729\"  src=\"https:\/\/scanico.com\/wp-content\/uploads\/2017\/05\/Steamer2_web2-1500x430.jpg\" width=\"1500\" height=\"430\" title='Steam valve' alt=''  itemprop=\"thumbnailUrl\"   \/><\/div><\/li><\/ul><div class='avia-slideshow-arrows avia-slideshow-controls' ><a href='#prev' class='prev-slide  avia-svg-icon avia-font-svg_entypo-fontello' data-av_svg_icon='left-open-big' data-av_iconset='svg_entypo-fontello' tabindex='-1' title=\"Pr\u00e9c\u00e9dent\"><svg version=\"1.1\" xmlns=\"http:\/\/www.w3.org\/2000\/svg\" width=\"15\" height=\"32\" viewBox=\"0 0 15 32\" preserveAspectRatio=\"xMidYMid meet\" aria-labelledby='av-svg-title-1' aria-describedby='av-svg-desc-1' role=\"graphics-symbol\" aria-hidden=\"true\">\n<title id='av-svg-title-1'>Pr\u00e9c\u00e9dent<\/title>\n<desc id='av-svg-desc-1'>Pr\u00e9c\u00e9dent<\/desc>\n<path d=\"M14.464 27.84q0.832 0.832 0 1.536-0.832 0.832-1.536 0l-12.544-12.608q-0.768-0.768 0-1.6l12.544-12.608q0.704-0.832 1.536 0 0.832 0.704 0 1.536l-11.456 11.904z\"><\/path>\n<\/svg><span class='avia_hidden_link_text'>Pr\u00e9c\u00e9dent<\/span><\/a><a href='#next' class='next-slide  avia-svg-icon avia-font-svg_entypo-fontello' data-av_svg_icon='right-open-big' data-av_iconset='svg_entypo-fontello' tabindex='-1' title=\"Suivant\"><svg version=\"1.1\" xmlns=\"http:\/\/www.w3.org\/2000\/svg\" width=\"15\" height=\"32\" viewBox=\"0 0 15 32\" preserveAspectRatio=\"xMidYMid meet\" aria-labelledby='av-svg-title-2' aria-describedby='av-svg-desc-2' role=\"graphics-symbol\" aria-hidden=\"true\">\n<title id='av-svg-title-2'>Suivant<\/title>\n<desc id='av-svg-desc-2'>Suivant<\/desc>\n<path d=\"M0.416 27.84l11.456-11.84-11.456-11.904q-0.832-0.832 0-1.536 0.832-0.832 1.536 0l12.544 12.608q0.768 0.832 0 1.6l-12.544 12.608q-0.704 0.832-1.536 0-0.832-0.704 0-1.536z\"><\/path>\n<\/svg><span class='avia_hidden_link_text'>Suivant<\/span><\/a><\/div><div class='avia-slideshow-dots avia-slideshow-controls'><a href='#1' class='goto-slide active' >1<\/a><a href='#2' class='goto-slide ' >2<\/a><\/div><\/div><\/div>\n\n<style type=\"text\/css\" data-created_by=\"avia_inline_auto\" id=\"style-css-av-av_three_fourth-6126cab7d8fab8d08143dd2dacdf673c\">\n.flex_column.av-av_three_fourth-6126cab7d8fab8d08143dd2dacdf673c{\nborder-radius:0px 0px 0px 0px;\npadding:0px 0px 0px 0px;\n}\n<\/style>\n<div  class='flex_column av-av_three_fourth-6126cab7d8fab8d08143dd2dacdf673c av_three_fourth  avia-builder-el-2  el_after_av_one_full  el_before_av_one_fourth  first flex_column_div av-zero-column-padding  column-top-margin'     ><p>\n<style type=\"text\/css\" data-created_by=\"avia_inline_auto\" id=\"style-css-av-jpmis41d-07f05cc5c061b5deff3b5d7c26c582cf\">\n#top .av-special-heading.av-jpmis41d-07f05cc5c061b5deff3b5d7c26c582cf{\npadding-bottom:0;\n}\nbody .av-special-heading.av-jpmis41d-07f05cc5c061b5deff3b5d7c26c582cf .av-special-heading-tag .heading-char{\nfont-size:25px;\n}\n.av-special-heading.av-jpmis41d-07f05cc5c061b5deff3b5d7c26c582cf .av-subheading{\nfont-size:15px;\n}\n<\/style>\n<div  class='av-special-heading av-jpmis41d-07f05cc5c061b5deff3b5d7c26c582cf av-special-heading-h2 blockquote modern-quote  avia-builder-el-3  el_before_av_hr  avia-builder-el-first '><h2 class='av-special-heading-tag '  itemprop=\"headline\"  >Cuiseur a vapeur \/ pasteurisateur <\/h2><div class=\"special-heading-border\"><div class=\"special-heading-inner-border\"><\/div><\/div><\/div><br \/>\n\n<style type=\"text\/css\" data-created_by=\"avia_inline_auto\" id=\"style-css-av-av_hr-2d4f9671cc57d9913a2ef5d4cfec1e91\">\n#top .hr.av-av_hr-2d4f9671cc57d9913a2ef5d4cfec1e91{\nmargin-top:10px;\nmargin-bottom:10px;\n}\n.hr.av-av_hr-2d4f9671cc57d9913a2ef5d4cfec1e91 .hr-inner{\nwidth:50px;\nborder-color:#258b8f;\n}\n<\/style>\n<div  class='hr av-av_hr-2d4f9671cc57d9913a2ef5d4cfec1e91 hr-custom  avia-builder-el-4  el_after_av_heading  el_before_av_textblock  hr-left hr-icon-no'><span class='hr-inner inner-border-av-border-fat'><span class=\"hr-inner-style\"><\/span><\/span><\/div><br \/>\n<section  class='av_textblock_section av-jkb80c7b-3962fa0f0681d240f71da4c4cca06b7a '   itemscope=\"itemscope\" itemtype=\"https:\/\/schema.org\/CreativeWork\" ><div class='avia_textblock'  itemprop=\"text\" ><p>Le cuiseur\u00a0\u00e0 vapeur \/ pasteurisateur de Scanico convient aux lignes de production \/ pasteurisation de haute capacit\u00e9, pour le traitement \u00e0 chaud de produits emball\u00e9s ou non. La temp\u00e9rature et l&rsquo;humidit\u00e9 sont constamment surveill\u00e9es et contr\u00f4l\u00e9es tout au long du processus. Ventilateurs pour flux d\u2019air efficace.<\/p>\n<\/div><\/section><br \/>\n<div  class='togglecontainer av-jkb81ghn-8808a534af3132ef49c8d647253e1de5  avia-builder-el-6  el_after_av_textblock  avia-builder-el-last  toggle_close_all' >\n<section class='av_toggle_section av-av_toggle-aad1fe64fa6b21e6205aee32236f136a'  itemscope=\"itemscope\" itemtype=\"https:\/\/schema.org\/CreativeWork\" ><div role=\"tablist\" class=\"single_toggle\" data-tags=\"{Tout} \"  ><p id='toggle-toggle-id-1' data-fake-id='#toggle-id-1' class='toggler  av-title-above '  itemprop=\"headline\"  role='tab' tabindex='0' aria-controls='toggle-id-1' data-slide-speed=\"200\" data-title=\"Sp\u00e9cifications techniques\" data-title-open=\"\" data-aria_collapsed=\"Cliquez pour \u00e9tendre : Sp\u00e9cifications techniques\" data-aria_expanded=\"Cliquez pour r\u00e9duire : Sp\u00e9cifications techniques\">Sp\u00e9cifications techniques<span class=\"toggle_icon\"><span class=\"vert_icon\"><\/span><span class=\"hor_icon\"><\/span><\/span><\/p><div id='toggle-id-1' aria-labelledby='toggle-toggle-id-1' role='region' class='toggle_wrap  av-title-above'  ><div class='toggle_content invers-color '  itemprop=\"text\" ><ul>\n<li>Largeur tapis jusqu&rsquo;\u00e0 1000 mm<\/li>\n<li>Tambour simple ou double<\/li>\n<li>Chauffage vapeur direct ou indirect<\/li>\n<li>Tapis acier<\/li>\n<\/ul>\n<\/div><\/div><\/div><\/section>\n<section class='av_toggle_section av-av_toggle-7018235a57f37944a34582746900aebf'  itemscope=\"itemscope\" itemtype=\"https:\/\/schema.org\/CreativeWork\" ><div role=\"tablist\" class=\"single_toggle\" data-tags=\"{Tout} \"  ><p id='toggle-toggle-id-2' data-fake-id='#toggle-id-2' class='toggler  av-title-above '  itemprop=\"headline\"  role='tab' tabindex='0' aria-controls='toggle-id-2' data-slide-speed=\"200\" data-title=\"Avantages\" data-title-open=\"\" data-aria_collapsed=\"Cliquez pour \u00e9tendre : Avantages\" data-aria_expanded=\"Cliquez pour r\u00e9duire : Avantages\">Avantages<span class=\"toggle_icon\"><span class=\"vert_icon\"><\/span><span class=\"hor_icon\"><\/span><\/span><\/p><div id='toggle-id-2' aria-labelledby='toggle-toggle-id-2' role='region' class='toggle_wrap  av-title-above'  ><div class='toggle_content invers-color '  itemprop=\"text\" ><ul>\n<li>Multiples moteurs d\u2019entrainement<\/li>\n<li>Contr\u00f4le recette pour utilisation simplifi\u00e9e<\/li>\n<li>Design flexible avec plusieurs possibilit\u00e9s d\u2019agencement<\/li>\n<li>Fabriqu\u00e9 en acier inoxydable avec profiles ouverts pour nettoyage simplifi\u00e9.<\/li>\n<\/ul>\n<\/div><\/div><\/div><\/section>\n<section class='av_toggle_section av-av_toggle-d20e79b1f6893f18422063ccaffa9d33'  itemscope=\"itemscope\" itemtype=\"https:\/\/schema.org\/CreativeWork\" ><div role=\"tablist\" class=\"single_toggle\" data-tags=\"{Tout} \"  ><p id='toggle-toggle-id-3' data-fake-id='#toggle-id-3' class='toggler  av-title-above '  itemprop=\"headline\"  role='tab' tabindex='0' aria-controls='toggle-id-3' data-slide-speed=\"200\" data-title=\"Informations compl\u00e9mentaires\" data-title-open=\"\" data-aria_collapsed=\"Cliquez pour \u00e9tendre : Informations compl\u00e9mentaires\" data-aria_expanded=\"Cliquez pour r\u00e9duire : Informations compl\u00e9mentaires\">Informations compl\u00e9mentaires<span class=\"toggle_icon\"><span class=\"vert_icon\"><\/span><span class=\"hor_icon\"><\/span><\/span><\/p><div id='toggle-id-3' aria-labelledby='toggle-toggle-id-3' role='region' class='toggle_wrap  av-title-above'  ><div class='toggle_content invers-color '  itemprop=\"text\" ><p><a href=\"https:\/\/scanico.com\/fr\/contact\/ventes\/\">Pour de plus amples informations, contacter notre D\u00e9partement Ventes<\/a><\/p>\n<\/div><\/div><\/div><\/section>\n<\/div><\/p><\/div>\n<style type=\"text\/css\" data-created_by=\"avia_inline_auto\" id=\"style-css-av-av_one_fourth-0aa7055fe62c3622faec82866afbaeb2\">\n.flex_column.av-av_one_fourth-0aa7055fe62c3622faec82866afbaeb2{\nborder-radius:0px 0px 0px 0px;\npadding:0px 0px 0px 0px;\n}\n<\/style>\n<div  class='flex_column av-av_one_fourth-0aa7055fe62c3622faec82866afbaeb2 av_one_fourth  avia-builder-el-7  el_after_av_three_fourth  avia-builder-el-last  flex_column_div av-zero-column-padding  column-top-margin'     ><p>\n<style type=\"text\/css\" data-created_by=\"avia_inline_auto\" id=\"style-css-av-av_image-1b0d02857a40cf640a0cb6fefb1e17b0\">\n.avia-image-container.av-av_image-1b0d02857a40cf640a0cb6fefb1e17b0 img.avia_image{\nbox-shadow:none;\n}\n.avia-image-container.av-av_image-1b0d02857a40cf640a0cb6fefb1e17b0 .av-image-caption-overlay-center{\ncolor:#ffffff;\n}\n<\/style>\n<div  class='avia-image-container av-av_image-1b0d02857a40cf640a0cb6fefb1e17b0 av-styling- avia-align-center  avia-builder-el-8  el_before_av_heading  avia-builder-el-first '   itemprop=\"image\" itemscope=\"itemscope\" itemtype=\"https:\/\/schema.org\/ImageObject\" ><div class=\"avia-image-container-inner\"><div class=\"avia-image-overlay-wrap\"><img decoding=\"async\" fetchpriority=\"high\" class='wp-image-2543 avia-img-lazy-loading-not-2543 avia_image ' src=\"https:\/\/scanico.com\/wp-content\/uploads\/2017\/03\/Spiral-Cooker_Pasteurizer-244x204px.jpg\" alt='' title='Spiral Cooker - Pasteurizer'  height=\"204\" width=\"244\"  itemprop=\"thumbnailUrl\"  \/><\/div><\/div><\/div><br \/>\n\n<style type=\"text\/css\" data-created_by=\"avia_inline_auto\" id=\"style-css-av-jpl1rvrq-bde057809480c7d21bbccce83e389f45\">\n#top .av-special-heading.av-jpl1rvrq-bde057809480c7d21bbccce83e389f45{\npadding-bottom:10px;\n}\nbody .av-special-heading.av-jpl1rvrq-bde057809480c7d21bbccce83e389f45 .av-special-heading-tag .heading-char{\nfont-size:25px;\n}\n.av-special-heading.av-jpl1rvrq-bde057809480c7d21bbccce83e389f45 .av-subheading{\nfont-size:15px;\n}\n<\/style>\n<div  class='av-special-heading av-jpl1rvrq-bde057809480c7d21bbccce83e389f45 av-special-heading-h4 blockquote modern-quote modern-centered  avia-builder-el-9  el_after_av_image  el_before_av_image '><h4 class='av-special-heading-tag '  itemprop=\"headline\"  >IDEAL POUR:<\/h4><div class=\"special-heading-border\"><div class=\"special-heading-inner-border\"><\/div><\/div><\/div><br \/>\n\n<style type=\"text\/css\" data-created_by=\"avia_inline_auto\" id=\"style-css-av-av_image-5dbedc70aad09e4ca8062735796755bc\">\n.avia-image-container.av-av_image-5dbedc70aad09e4ca8062735796755bc img.avia_image{\nbox-shadow:none;\n}\n.avia-image-container.av-av_image-5dbedc70aad09e4ca8062735796755bc .av-image-caption-overlay-center{\ncolor:#ffffff;\n}\n<\/style>\n<div  class='avia-image-container av-av_image-5dbedc70aad09e4ca8062735796755bc av-styling- avia-align-center  avia-builder-el-10  el_after_av_heading  el_before_av_image '   itemprop=\"image\" itemscope=\"itemscope\" itemtype=\"https:\/\/schema.org\/ImageObject\" ><div class=\"avia-image-container-inner\"><div class=\"avia-image-overlay-wrap\"><img decoding=\"async\" fetchpriority=\"high\" class='wp-image-2643 avia-img-lazy-loading-not-2643 avia_image ' src=\"https:\/\/scanico.com\/wp-content\/uploads\/2017\/04\/Meat_products-80x80.png\" alt='' title='Meat'  height=\"80\" width=\"80\"  itemprop=\"thumbnailUrl\" srcset=\"https:\/\/scanico.com\/wp-content\/uploads\/2017\/04\/Meat_products-80x80.png 80w, https:\/\/scanico.com\/wp-content\/uploads\/2017\/04\/Meat_products-300x300.png 300w, https:\/\/scanico.com\/wp-content\/uploads\/2017\/04\/Meat_products-768x768.png 768w, https:\/\/scanico.com\/wp-content\/uploads\/2017\/04\/Meat_products-36x36.png 36w, https:\/\/scanico.com\/wp-content\/uploads\/2017\/04\/Meat_products-180x180.png 180w, https:\/\/scanico.com\/wp-content\/uploads\/2017\/04\/Meat_products-705x705.png 705w, https:\/\/scanico.com\/wp-content\/uploads\/2017\/04\/Meat_products-120x120.png 120w, https:\/\/scanico.com\/wp-content\/uploads\/2017\/04\/Meat_products-450x450.png 450w, https:\/\/scanico.com\/wp-content\/uploads\/2017\/04\/Meat_products.png 800w\" sizes=\"(max-width: 80px) 100vw, 80px\" \/><\/div><\/div><\/div><br \/>\n\n<style type=\"text\/css\" data-created_by=\"avia_inline_auto\" id=\"style-css-av-av_image-054e199788267423048151b4f7e241e4\">\n.avia-image-container.av-av_image-054e199788267423048151b4f7e241e4 img.avia_image{\nbox-shadow:none;\n}\n.avia-image-container.av-av_image-054e199788267423048151b4f7e241e4 .av-image-caption-overlay-center{\ncolor:#ffffff;\n}\n<\/style>\n<div  class='avia-image-container av-av_image-054e199788267423048151b4f7e241e4 av-styling- avia-align-center  avia-builder-el-11  el_after_av_image  el_before_av_image '   itemprop=\"image\" itemscope=\"itemscope\" itemtype=\"https:\/\/schema.org\/ImageObject\" ><div class=\"avia-image-container-inner\"><div class=\"avia-image-overlay-wrap\"><img decoding=\"async\" fetchpriority=\"high\" class='wp-image-2645 avia-img-lazy-loading-not-2645 avia_image ' src=\"https:\/\/scanico.com\/wp-content\/uploads\/2017\/04\/Poultry_products-80x80.png\" alt='' title='Poultry'  height=\"80\" width=\"80\"  itemprop=\"thumbnailUrl\" srcset=\"https:\/\/scanico.com\/wp-content\/uploads\/2017\/04\/Poultry_products-80x80.png 80w, https:\/\/scanico.com\/wp-content\/uploads\/2017\/04\/Poultry_products-300x300.png 300w, https:\/\/scanico.com\/wp-content\/uploads\/2017\/04\/Poultry_products-768x768.png 768w, https:\/\/scanico.com\/wp-content\/uploads\/2017\/04\/Poultry_products-36x36.png 36w, https:\/\/scanico.com\/wp-content\/uploads\/2017\/04\/Poultry_products-180x180.png 180w, https:\/\/scanico.com\/wp-content\/uploads\/2017\/04\/Poultry_products-705x705.png 705w, https:\/\/scanico.com\/wp-content\/uploads\/2017\/04\/Poultry_products-120x120.png 120w, https:\/\/scanico.com\/wp-content\/uploads\/2017\/04\/Poultry_products-450x450.png 450w, https:\/\/scanico.com\/wp-content\/uploads\/2017\/04\/Poultry_products.png 800w\" sizes=\"(max-width: 80px) 100vw, 80px\" \/><\/div><\/div><\/div><br \/>\n\n<style type=\"text\/css\" data-created_by=\"avia_inline_auto\" id=\"style-css-av-av_image-92d9cda88b2611508d208b7cf2038c2c\">\n.avia-image-container.av-av_image-92d9cda88b2611508d208b7cf2038c2c img.avia_image{\nbox-shadow:none;\n}\n.avia-image-container.av-av_image-92d9cda88b2611508d208b7cf2038c2c .av-image-caption-overlay-center{\ncolor:#ffffff;\n}\n<\/style>\n<div  class='avia-image-container av-av_image-92d9cda88b2611508d208b7cf2038c2c av-styling- avia-align-center  avia-builder-el-12  el_after_av_image  el_before_av_image '   itemprop=\"image\" itemscope=\"itemscope\" itemtype=\"https:\/\/schema.org\/ImageObject\" ><div class=\"avia-image-container-inner\"><div class=\"avia-image-overlay-wrap\"><img decoding=\"async\" fetchpriority=\"high\" class='wp-image-2647 avia-img-lazy-loading-not-2647 avia_image ' src=\"https:\/\/scanico.com\/wp-content\/uploads\/2017\/04\/Seafood_products-80x80.png\" alt='' title='Seafood'  height=\"80\" width=\"80\"  itemprop=\"thumbnailUrl\" srcset=\"https:\/\/scanico.com\/wp-content\/uploads\/2017\/04\/Seafood_products-80x80.png 80w, https:\/\/scanico.com\/wp-content\/uploads\/2017\/04\/Seafood_products-300x300.png 300w, https:\/\/scanico.com\/wp-content\/uploads\/2017\/04\/Seafood_products-768x768.png 768w, https:\/\/scanico.com\/wp-content\/uploads\/2017\/04\/Seafood_products-36x36.png 36w, https:\/\/scanico.com\/wp-content\/uploads\/2017\/04\/Seafood_products-180x180.png 180w, https:\/\/scanico.com\/wp-content\/uploads\/2017\/04\/Seafood_products-705x705.png 705w, https:\/\/scanico.com\/wp-content\/uploads\/2017\/04\/Seafood_products-120x120.png 120w, https:\/\/scanico.com\/wp-content\/uploads\/2017\/04\/Seafood_products-450x450.png 450w, https:\/\/scanico.com\/wp-content\/uploads\/2017\/04\/Seafood_products.png 800w\" sizes=\"(max-width: 80px) 100vw, 80px\" \/><\/div><\/div><\/div><br \/>\n\n<style type=\"text\/css\" data-created_by=\"avia_inline_auto\" id=\"style-css-av-av_image-38ef8fa18a91c231fc58ea67e944f166\">\n.avia-image-container.av-av_image-38ef8fa18a91c231fc58ea67e944f166 img.avia_image{\nbox-shadow:none;\n}\n.avia-image-container.av-av_image-38ef8fa18a91c231fc58ea67e944f166 .av-image-caption-overlay-center{\ncolor:#ffffff;\n}\n<\/style>\n<div  class='avia-image-container av-av_image-38ef8fa18a91c231fc58ea67e944f166 av-styling- avia-align-center  avia-builder-el-13  el_after_av_image  avia-builder-el-last '   itemprop=\"image\" itemscope=\"itemscope\" itemtype=\"https:\/\/schema.org\/ImageObject\" ><div class=\"avia-image-container-inner\"><div class=\"avia-image-overlay-wrap\"><img decoding=\"async\" fetchpriority=\"high\" class='wp-image-2635 avia-img-lazy-loading-not-2635 avia_image ' src=\"https:\/\/scanico.com\/wp-content\/uploads\/2017\/04\/Convenience_products-80x80.png\" alt='' title='Convenience food'  height=\"80\" width=\"80\"  itemprop=\"thumbnailUrl\" srcset=\"https:\/\/scanico.com\/wp-content\/uploads\/2017\/04\/Convenience_products-80x80.png 80w, https:\/\/scanico.com\/wp-content\/uploads\/2017\/04\/Convenience_products-300x300.png 300w, https:\/\/scanico.com\/wp-content\/uploads\/2017\/04\/Convenience_products-768x768.png 768w, https:\/\/scanico.com\/wp-content\/uploads\/2017\/04\/Convenience_products-36x36.png 36w, https:\/\/scanico.com\/wp-content\/uploads\/2017\/04\/Convenience_products-180x180.png 180w, https:\/\/scanico.com\/wp-content\/uploads\/2017\/04\/Convenience_products-705x705.png 705w, https:\/\/scanico.com\/wp-content\/uploads\/2017\/04\/Convenience_products-120x120.png 120w, https:\/\/scanico.com\/wp-content\/uploads\/2017\/04\/Convenience_products-450x450.png 450w, https:\/\/scanico.com\/wp-content\/uploads\/2017\/04\/Convenience_products.png 800w\" sizes=\"(max-width: 80px) 100vw, 80px\" \/><\/div><\/div><\/div><\/p><\/div>\n","protected":false},"excerpt":{"rendered":"","protected":false},"author":3,"featured_media":0,"parent":2862,"menu_order":10,"comment_status":"closed","ping_status":"closed","template":"","meta":{"footnotes":""},"class_list":["post-2842","page","type-page","status-publish","hentry"],"_links":{"self":[{"href":"https:\/\/scanico.com\/fr\/wp-json\/wp\/v2\/pages\/2842","targetHints":{"allow":["GET"]}}],"collection":[{"href":"https:\/\/scanico.com\/fr\/wp-json\/wp\/v2\/pages"}],"about":[{"href":"https:\/\/scanico.com\/fr\/wp-json\/wp\/v2\/types\/page"}],"author":[{"embeddable":true,"href":"https:\/\/scanico.com\/fr\/wp-json\/wp\/v2\/users\/3"}],"replies":[{"embeddable":true,"href":"https:\/\/scanico.com\/fr\/wp-json\/wp\/v2\/comments?post=2842"}],"version-history":[{"count":5,"href":"https:\/\/scanico.com\/fr\/wp-json\/wp\/v2\/pages\/2842\/revisions"}],"predecessor-version":[{"id":3680,"href":"https:\/\/scanico.com\/fr\/wp-json\/wp\/v2\/pages\/2842\/revisions\/3680"}],"up":[{"embeddable":true,"href":"https:\/\/scanico.com\/fr\/wp-json\/wp\/v2\/pages\/2862"}],"wp:attachment":[{"href":"https:\/\/scanico.com\/fr\/wp-json\/wp\/v2\/media?parent=2842"}],"curies":[{"name":"wp","href":"https:\/\/api.w.org\/{rel}","templated":true}]}}