{"id":2796,"date":"2018-06-18T08:33:41","date_gmt":"2018-06-18T07:33:41","guid":{"rendered":"http:\/\/sandbox.scanico.com\/contact\/ventes\/"},"modified":"2025-01-07T11:56:10","modified_gmt":"2025-01-07T10:56:10","slug":"ventes","status":"publish","type":"page","link":"https:\/\/scanico.com\/fr\/contact\/ventes\/","title":{"rendered":"Ventes"},"content":{"rendered":"\n<style type=\"text\/css\" data-created_by=\"avia_inline_auto\" id=\"style-css-av-av_one_full-b18ec1635791c30194c2fc90ea77ba9c\">\n.flex_column.av-av_one_full-b18ec1635791c30194c2fc90ea77ba9c{\nborder-radius:0px 0px 0px 0px;\npadding:0px 0px 0px 0px;\n}\n<\/style>\n<div  class='flex_column av-av_one_full-b18ec1635791c30194c2fc90ea77ba9c av_one_full  avia-builder-el-0  el_before_av_one_third  avia-builder-el-first  first flex_column_div av-zero-column-padding  '     ><p>\n<style type=\"text\/css\" data-created_by=\"avia_inline_auto\" id=\"style-css-av-av_heading-03c49027ac8872090acf07ce77312f8c\">\n#top .av-special-heading.av-av_heading-03c49027ac8872090acf07ce77312f8c{\npadding-bottom:0;\n}\nbody .av-special-heading.av-av_heading-03c49027ac8872090acf07ce77312f8c .av-special-heading-tag .heading-char{\nfont-size:25px;\n}\n.av-special-heading.av-av_heading-03c49027ac8872090acf07ce77312f8c .av-subheading{\nfont-size:15px;\n}\n<\/style>\n<div  class='av-special-heading av-av_heading-03c49027ac8872090acf07ce77312f8c av-special-heading-h2 blockquote modern-quote modern-centered  avia-builder-el-1  el_before_av_hr  avia-builder-el-first '><h2 class='av-special-heading-tag '  itemprop=\"headline\"  >D\u00e9partement Ventes<\/h2><div class=\"special-heading-border\"><div class=\"special-heading-inner-border\"><\/div><\/div><\/div><br \/>\n\n<style type=\"text\/css\" data-created_by=\"avia_inline_auto\" id=\"style-css-av-lf0yig96-7f09cfbb8207e921fb0a9fbd3b3417ad\">\n#top .hr.av-lf0yig96-7f09cfbb8207e921fb0a9fbd3b3417ad{\nmargin-top:10px;\nmargin-bottom:10px;\n}\n.hr.av-lf0yig96-7f09cfbb8207e921fb0a9fbd3b3417ad .hr-inner{\nwidth:50px;\nborder-color:#f05a3f;\n}\n<\/style>\n<div  class='hr av-lf0yig96-7f09cfbb8207e921fb0a9fbd3b3417ad hr-custom  avia-builder-el-2  el_after_av_heading  avia-builder-el-last  hr-center hr-icon-no'><span class='hr-inner inner-border-av-border-fat'><span class=\"hr-inner-style\"><\/span><\/span><\/div><\/p><\/div>\n\n<style type=\"text\/css\" data-created_by=\"avia_inline_auto\" id=\"style-css-av-av_one_third-b631c2767f58f0c8c42999fc85ef54ef\">\n.flex_column.av-av_one_third-b631c2767f58f0c8c42999fc85ef54ef{\nborder-radius:0px 0px 0px 0px;\npadding:10px 50px 10px 50px;\n}\n<\/style>\n<div  class='flex_column av-av_one_third-b631c2767f58f0c8c42999fc85ef54ef av_one_third  avia-builder-el-3  el_after_av_one_full  el_before_av_one_third  first flex_column_div  column-top-margin'     ><p>\n<style type=\"text\/css\" data-created_by=\"avia_inline_auto\" id=\"style-css-av-ku55ad95-cb4bd164c085107cd29e0994eef39ff4\">\n.avia-image-container.av-ku55ad95-cb4bd164c085107cd29e0994eef39ff4 img.avia_image{\nbox-shadow:none;\n}\n.avia-image-container.av-ku55ad95-cb4bd164c085107cd29e0994eef39ff4 .av-image-caption-overlay-center{\ncolor:#ffffff;\n}\n<\/style>\n<div  class='avia-image-container av-ku55ad95-cb4bd164c085107cd29e0994eef39ff4 av-styling- avia-align-center  avia-builder-el-4  el_before_av_heading  avia-builder-el-first '   itemprop=\"image\" itemscope=\"itemscope\" itemtype=\"https:\/\/schema.org\/ImageObject\" ><div class=\"avia-image-container-inner\"><div class=\"avia-image-overlay-wrap\"><img decoding=\"async\" fetchpriority=\"high\" class='wp-image-5616 avia-img-lazy-loading-not-5616 avia_image ' src=\"https:\/\/scanico.com\/wp-content\/uploads\/2021\/09\/Lars-Soderman-300x300.jpg\" alt='Lars Soederman, Scanico' title='Lars Soederman, Scanico'  height=\"300\" width=\"300\"  itemprop=\"thumbnailUrl\" srcset=\"https:\/\/scanico.com\/wp-content\/uploads\/2021\/09\/Lars-Soderman-300x300.jpg 300w, https:\/\/scanico.com\/wp-content\/uploads\/2021\/09\/Lars-Soderman-80x80.jpg 80w, https:\/\/scanico.com\/wp-content\/uploads\/2021\/09\/Lars-Soderman-36x36.jpg 36w, https:\/\/scanico.com\/wp-content\/uploads\/2021\/09\/Lars-Soderman-180x180.jpg 180w, https:\/\/scanico.com\/wp-content\/uploads\/2021\/09\/Lars-Soderman-120x120.jpg 120w, https:\/\/scanico.com\/wp-content\/uploads\/2021\/09\/Lars-Soderman-450x451.jpg 450w, https:\/\/scanico.com\/wp-content\/uploads\/2021\/09\/Lars-Soderman.jpg 600w\" sizes=\"(max-width: 300px) 100vw, 300px\" \/><\/div><\/div><\/div><br \/>\n\n<style type=\"text\/css\" data-created_by=\"avia_inline_auto\" id=\"style-css-av-av_heading-ed6191b1d61d61629ba6dfba68ee6bcc\">\n#top .av-special-heading.av-av_heading-ed6191b1d61d61629ba6dfba68ee6bcc{\npadding-bottom:0;\ncolor:#63666a;\n}\nbody .av-special-heading.av-av_heading-ed6191b1d61d61629ba6dfba68ee6bcc .av-special-heading-tag .heading-char{\nfont-size:25px;\n}\n.av-special-heading.av-av_heading-ed6191b1d61d61629ba6dfba68ee6bcc .special-heading-inner-border{\nborder-color:#63666a;\n}\n.av-special-heading.av-av_heading-ed6191b1d61d61629ba6dfba68ee6bcc .av-subheading{\nfont-size:15px;\n}\n<\/style>\n<div  class='av-special-heading av-av_heading-ed6191b1d61d61629ba6dfba68ee6bcc av-special-heading-h3 custom-color-heading  avia-builder-el-5  el_after_av_image  el_before_av_textblock '><h3 class='av-special-heading-tag '  itemprop=\"headline\"  >Lars S\u00f8derman<\/h3><div class=\"special-heading-border\"><div class=\"special-heading-inner-border\"><\/div><\/div><\/div><br \/>\n<section  class='av_textblock_section av-jozgajtf-23df078d7aaeeda833ecfb0ad9ed3f99 '   itemscope=\"itemscope\" itemtype=\"https:\/\/schema.org\/CreativeWork\" ><div class='avia_textblock'  itemprop=\"text\" ><div class=\"team-member-job-title \">Directeur des Ventes<\/div>\n<p><a href=\"tel:+4596203086\">\n<style type=\"text\/css\" data-created_by=\"avia_inline_auto\" id=\"style-css-av-av_font_icon-e4eb4a2291daea55b8cdb2fb7a14b579\">\n.av_font_icon.av-av_font_icon-e4eb4a2291daea55b8cdb2fb7a14b579 .av-icon-char{\nfont-size:20px;\nline-height:20px;\n}\n<\/style>\n<span  class='av_font_icon av-av_font_icon-e4eb4a2291daea55b8cdb2fb7a14b579 avia_animate_when_visible av-icon-style- avia-icon-pos-left avia-iconfont avia-font-entypo-fontello av-no-color avia-icon-animate'><span class='av-icon-char' data-av_icon='\ue854' data-av_iconfont='entypo-fontello' aria-hidden=\"true\" ><\/span><\/span> +45 96 20 30 86\u00a0<\/a><\/p>\n<p><a href=\"tel:+4529636126\">\n<style type=\"text\/css\" data-created_by=\"avia_inline_auto\" id=\"style-css-av-av_font_icon-67d2bfb42c06ec83e73a72c7867c1098\">\n.av_font_icon.av-av_font_icon-67d2bfb42c06ec83e73a72c7867c1098 .av-icon-char{\nfont-size:20px;\nline-height:20px;\n}\n<\/style>\n<span  class='av_font_icon av-av_font_icon-67d2bfb42c06ec83e73a72c7867c1098 avia_animate_when_visible av-icon-style- avia-icon-pos-left avia-iconfont avia-font-entypo-fontello av-no-color avia-icon-animate'><span class='av-icon-char' data-av_icon='\ue8ac' data-av_iconfont='entypo-fontello' aria-hidden=\"true\" ><\/span><\/span> +45 29 63 61 26\u00a0<\/a><\/p>\n<p><a href=\"mailto:lso@scanico.com\">\n<style type=\"text\/css\" data-created_by=\"avia_inline_auto\" id=\"style-css-av-av_font_icon-1926d87e7481f5458c9c712a3c081021\">\n.av_font_icon.av-av_font_icon-1926d87e7481f5458c9c712a3c081021 .av-icon-char{\nfont-size:20px;\nline-height:20px;\n}\n<\/style>\n<span  class='av_font_icon av-av_font_icon-1926d87e7481f5458c9c712a3c081021 avia_animate_when_visible av-icon-style- avia-icon-pos-left avia-iconfont avia-font-entypo-fontello av-no-color avia-icon-animate'><span class='av-icon-char' data-av_icon='\ue805' data-av_iconfont='entypo-fontello' aria-hidden=\"true\" ><\/span><\/span>\u00a0lso@scanico.com<\/a><\/p>\n<\/div><\/section><\/p><\/div>\n\n<style type=\"text\/css\" data-created_by=\"avia_inline_auto\" id=\"style-css-av-av_one_third-0c19149d19a07be7acd742c84a1edd80\">\n.flex_column.av-av_one_third-0c19149d19a07be7acd742c84a1edd80{\nborder-radius:0px 0px 0px 0px;\npadding:10px 50px 10px 50px;\n}\n<\/style>\n<div  class='flex_column av-av_one_third-0c19149d19a07be7acd742c84a1edd80 av_one_third  avia-builder-el-10  el_after_av_one_third  el_before_av_one_third  flex_column_div  column-top-margin'     ><p>\n<style type=\"text\/css\" data-created_by=\"avia_inline_auto\" id=\"style-css-av-ku55asy8-5070632a0532598ef771959a41b3a582\">\n.avia-image-container.av-ku55asy8-5070632a0532598ef771959a41b3a582 img.avia_image{\nbox-shadow:none;\n}\n.avia-image-container.av-ku55asy8-5070632a0532598ef771959a41b3a582 .av-image-caption-overlay-center{\ncolor:#ffffff;\n}\n<\/style>\n<div  class='avia-image-container av-ku55asy8-5070632a0532598ef771959a41b3a582 av-styling- avia-align-center  avia-builder-el-11  el_before_av_heading  avia-builder-el-first '   itemprop=\"image\" itemscope=\"itemscope\" itemtype=\"https:\/\/schema.org\/ImageObject\" ><div class=\"avia-image-container-inner\"><div class=\"avia-image-overlay-wrap\"><img decoding=\"async\" fetchpriority=\"high\" class='wp-image-5608 avia-img-lazy-loading-not-5608 avia_image ' src=\"https:\/\/scanico.com\/wp-content\/uploads\/2021\/09\/Peter-G-S-300x300.jpg\" alt='Peter G. Soerensen, Scanico' title='Peter G. Soerensen, Scanico'  height=\"300\" width=\"300\"  itemprop=\"thumbnailUrl\" srcset=\"https:\/\/scanico.com\/wp-content\/uploads\/2021\/09\/Peter-G-S-300x300.jpg 300w, https:\/\/scanico.com\/wp-content\/uploads\/2021\/09\/Peter-G-S-80x80.jpg 80w, https:\/\/scanico.com\/wp-content\/uploads\/2021\/09\/Peter-G-S-36x36.jpg 36w, https:\/\/scanico.com\/wp-content\/uploads\/2021\/09\/Peter-G-S-180x180.jpg 180w, https:\/\/scanico.com\/wp-content\/uploads\/2021\/09\/Peter-G-S-120x120.jpg 120w, https:\/\/scanico.com\/wp-content\/uploads\/2021\/09\/Peter-G-S-450x452.jpg 450w, https:\/\/scanico.com\/wp-content\/uploads\/2021\/09\/Peter-G-S.jpg 600w\" sizes=\"(max-width: 300px) 100vw, 300px\" \/><\/div><\/div><\/div><br \/>\n\n<style type=\"text\/css\" data-created_by=\"avia_inline_auto\" id=\"style-css-av-av_heading-701c44a1e7ad61898d9b81a60cb7cf2e\">\n#top .av-special-heading.av-av_heading-701c44a1e7ad61898d9b81a60cb7cf2e{\npadding-bottom:0;\ncolor:#63666a;\n}\nbody .av-special-heading.av-av_heading-701c44a1e7ad61898d9b81a60cb7cf2e .av-special-heading-tag .heading-char{\nfont-size:25px;\n}\n.av-special-heading.av-av_heading-701c44a1e7ad61898d9b81a60cb7cf2e .special-heading-inner-border{\nborder-color:#63666a;\n}\n.av-special-heading.av-av_heading-701c44a1e7ad61898d9b81a60cb7cf2e .av-subheading{\nfont-size:15px;\n}\n<\/style>\n<div  class='av-special-heading av-av_heading-701c44a1e7ad61898d9b81a60cb7cf2e av-special-heading-h3 custom-color-heading  avia-builder-el-12  el_after_av_image  el_before_av_textblock '><h3 class='av-special-heading-tag '  itemprop=\"headline\"  >Peter G. S\u00f8rensen<\/h3><div class=\"special-heading-border\"><div class=\"special-heading-inner-border\"><\/div><\/div><\/div><br \/>\n<section  class='av_textblock_section av-kltifb38-a984fa0382be132da8346ad3ef39a356 '   itemscope=\"itemscope\" itemtype=\"https:\/\/schema.org\/CreativeWork\" ><div class='avia_textblock'  itemprop=\"text\" ><div class=\"team-member-job-title \">Directeur R\u00e9gional des Ventes<\/div>\n<div>Am\u00e9rique du Sud<\/div>\n<div>Produits laitiers et glaces &#8211; dans le monde<\/div>\n<p><a href=\"tel:+4596203060\">\n<style type=\"text\/css\" data-created_by=\"avia_inline_auto\" id=\"style-css-av-av_font_icon-e4eb4a2291daea55b8cdb2fb7a14b579\">\n.av_font_icon.av-av_font_icon-e4eb4a2291daea55b8cdb2fb7a14b579 .av-icon-char{\nfont-size:20px;\nline-height:20px;\n}\n<\/style>\n<span  class='av_font_icon av-av_font_icon-e4eb4a2291daea55b8cdb2fb7a14b579 avia_animate_when_visible av-icon-style- avia-icon-pos-left avia-iconfont avia-font-entypo-fontello av-no-color avia-icon-animate'><span class='av-icon-char' data-av_icon='\ue854' data-av_iconfont='entypo-fontello' aria-hidden=\"true\" ><\/span><\/span> +45 96 20\u00a030 60\u00a0<\/a><\/p>\n<p><a href=\"tel:+4520703560\">\n<style type=\"text\/css\" data-created_by=\"avia_inline_auto\" id=\"style-css-av-av_font_icon-67d2bfb42c06ec83e73a72c7867c1098\">\n.av_font_icon.av-av_font_icon-67d2bfb42c06ec83e73a72c7867c1098 .av-icon-char{\nfont-size:20px;\nline-height:20px;\n}\n<\/style>\n<span  class='av_font_icon av-av_font_icon-67d2bfb42c06ec83e73a72c7867c1098 avia_animate_when_visible av-icon-style- avia-icon-pos-left avia-iconfont avia-font-entypo-fontello av-no-color avia-icon-animate'><span class='av-icon-char' data-av_icon='\ue8ac' data-av_iconfont='entypo-fontello' aria-hidden=\"true\" ><\/span><\/span> +45 20 70 35 60\u00a0<\/a><\/p>\n<p><a href=\"mailto:pgs@scanico.com\">\n<style type=\"text\/css\" data-created_by=\"avia_inline_auto\" id=\"style-css-av-av_font_icon-1926d87e7481f5458c9c712a3c081021\">\n.av_font_icon.av-av_font_icon-1926d87e7481f5458c9c712a3c081021 .av-icon-char{\nfont-size:20px;\nline-height:20px;\n}\n<\/style>\n<span  class='av_font_icon av-av_font_icon-1926d87e7481f5458c9c712a3c081021 avia_animate_when_visible av-icon-style- avia-icon-pos-left avia-iconfont avia-font-entypo-fontello av-no-color avia-icon-animate'><span class='av-icon-char' data-av_icon='\ue805' data-av_iconfont='entypo-fontello' aria-hidden=\"true\" ><\/span><\/span>\u00a0pgs@scanico.com<\/a><\/p>\n<\/div><\/section><\/p><\/div>\n\n<style type=\"text\/css\" data-created_by=\"avia_inline_auto\" id=\"style-css-av-av_one_third-0c19149d19a07be7acd742c84a1edd80\">\n.flex_column.av-av_one_third-0c19149d19a07be7acd742c84a1edd80{\nborder-radius:0px 0px 0px 0px;\npadding:10px 50px 10px 50px;\n}\n<\/style>\n<div  class='flex_column av-av_one_third-0c19149d19a07be7acd742c84a1edd80 av_one_third  avia-builder-el-17  el_after_av_one_third  el_before_av_one_third  flex_column_div  column-top-margin'     ><p>\n<style type=\"text\/css\" data-created_by=\"avia_inline_auto\" id=\"style-css-av-jozgawo6-d5460f16dc1205d38175bd146ea1be1d\">\n.avia-image-container.av-jozgawo6-d5460f16dc1205d38175bd146ea1be1d img.avia_image{\nbox-shadow:none;\n}\n.avia-image-container.av-jozgawo6-d5460f16dc1205d38175bd146ea1be1d .av-image-caption-overlay-center{\ncolor:#ffffff;\n}\n<\/style>\n<div  class='avia-image-container av-jozgawo6-d5460f16dc1205d38175bd146ea1be1d av-styling- avia-align-center  avia-builder-el-18  el_before_av_heading  avia-builder-el-first '   itemprop=\"image\" itemscope=\"itemscope\" itemtype=\"https:\/\/schema.org\/ImageObject\" ><div class=\"avia-image-container-inner\"><div class=\"avia-image-overlay-wrap\"><img decoding=\"async\" fetchpriority=\"high\" class='wp-image-5624 avia-img-lazy-loading-not-5624 avia_image ' src=\"https:\/\/scanico.com\/wp-content\/uploads\/2021\/09\/Mogens-Bang_2-300x300.jpg\" alt='Mogens Bang, Scanico' title='Mogens Bang, Scanico'  height=\"300\" width=\"300\"  itemprop=\"thumbnailUrl\" srcset=\"https:\/\/scanico.com\/wp-content\/uploads\/2021\/09\/Mogens-Bang_2-300x300.jpg 300w, https:\/\/scanico.com\/wp-content\/uploads\/2021\/09\/Mogens-Bang_2-80x80.jpg 80w, https:\/\/scanico.com\/wp-content\/uploads\/2021\/09\/Mogens-Bang_2-36x36.jpg 36w, https:\/\/scanico.com\/wp-content\/uploads\/2021\/09\/Mogens-Bang_2-180x180.jpg 180w, https:\/\/scanico.com\/wp-content\/uploads\/2021\/09\/Mogens-Bang_2-120x120.jpg 120w, https:\/\/scanico.com\/wp-content\/uploads\/2021\/09\/Mogens-Bang_2-450x451.jpg 450w, https:\/\/scanico.com\/wp-content\/uploads\/2021\/09\/Mogens-Bang_2.jpg 600w\" sizes=\"(max-width: 300px) 100vw, 300px\" \/><\/div><\/div><\/div><br \/>\n\n<style type=\"text\/css\" data-created_by=\"avia_inline_auto\" id=\"style-css-av-av_heading-4b996b956c271f17148724d488f49288\">\n#top .av-special-heading.av-av_heading-4b996b956c271f17148724d488f49288{\npadding-bottom:0;\ncolor:#63666a;\n}\nbody .av-special-heading.av-av_heading-4b996b956c271f17148724d488f49288 .av-special-heading-tag .heading-char{\nfont-size:25px;\n}\n.av-special-heading.av-av_heading-4b996b956c271f17148724d488f49288 .special-heading-inner-border{\nborder-color:#63666a;\n}\n.av-special-heading.av-av_heading-4b996b956c271f17148724d488f49288 .av-subheading{\nfont-size:15px;\n}\n<\/style>\n<div  class='av-special-heading av-av_heading-4b996b956c271f17148724d488f49288 av-special-heading-h3 custom-color-heading  avia-builder-el-19  el_after_av_image  el_before_av_textblock '><h3 class='av-special-heading-tag '  itemprop=\"headline\"  >Mogens Bang<\/h3><div class=\"special-heading-border\"><div class=\"special-heading-inner-border\"><\/div><\/div><\/div><br \/>\n<section  class='av_textblock_section av-kltjrtwk-fbc4cfd43b592e375f68ff83f916c3bd '   itemscope=\"itemscope\" itemtype=\"https:\/\/schema.org\/CreativeWork\" ><div class='avia_textblock'  itemprop=\"text\" ><div class=\"team-member-job-title \">Directeur R\u00e9gional des Ventes<\/div>\n<div>Europe, Russie et Asie du Sud-Est<\/div>\n<p><a href=\"tel:+4596203088\">\n<style type=\"text\/css\" data-created_by=\"avia_inline_auto\" id=\"style-css-av-av_font_icon-e4eb4a2291daea55b8cdb2fb7a14b579\">\n.av_font_icon.av-av_font_icon-e4eb4a2291daea55b8cdb2fb7a14b579 .av-icon-char{\nfont-size:20px;\nline-height:20px;\n}\n<\/style>\n<span  class='av_font_icon av-av_font_icon-e4eb4a2291daea55b8cdb2fb7a14b579 avia_animate_when_visible av-icon-style- avia-icon-pos-left avia-iconfont avia-font-entypo-fontello av-no-color avia-icon-animate'><span class='av-icon-char' data-av_icon='\ue854' data-av_iconfont='entypo-fontello' aria-hidden=\"true\" ><\/span><\/span> +45 96 20 30\u00a088\u00a0<\/a><\/p>\n<p><a href=\"tel:+4530950488\">\n<style type=\"text\/css\" data-created_by=\"avia_inline_auto\" id=\"style-css-av-av_font_icon-67d2bfb42c06ec83e73a72c7867c1098\">\n.av_font_icon.av-av_font_icon-67d2bfb42c06ec83e73a72c7867c1098 .av-icon-char{\nfont-size:20px;\nline-height:20px;\n}\n<\/style>\n<span  class='av_font_icon av-av_font_icon-67d2bfb42c06ec83e73a72c7867c1098 avia_animate_when_visible av-icon-style- avia-icon-pos-left avia-iconfont avia-font-entypo-fontello av-no-color avia-icon-animate'><span class='av-icon-char' data-av_icon='\ue8ac' data-av_iconfont='entypo-fontello' aria-hidden=\"true\" ><\/span><\/span> +45 30 95 04 88<\/a><\/p>\n<p><a href=\"mailto:mb@scanico.com\">\n<style type=\"text\/css\" data-created_by=\"avia_inline_auto\" id=\"style-css-av-av_font_icon-1926d87e7481f5458c9c712a3c081021\">\n.av_font_icon.av-av_font_icon-1926d87e7481f5458c9c712a3c081021 .av-icon-char{\nfont-size:20px;\nline-height:20px;\n}\n<\/style>\n<span  class='av_font_icon av-av_font_icon-1926d87e7481f5458c9c712a3c081021 avia_animate_when_visible av-icon-style- avia-icon-pos-left avia-iconfont avia-font-entypo-fontello av-no-color avia-icon-animate'><span class='av-icon-char' data-av_icon='\ue805' data-av_iconfont='entypo-fontello' aria-hidden=\"true\" ><\/span><\/span>\u00a0mb@scanico.com<\/a><\/p>\n<\/div><\/section><\/p><\/div>\n\n<style type=\"text\/css\" data-created_by=\"avia_inline_auto\" id=\"style-css-av-av_one_third-b631c2767f58f0c8c42999fc85ef54ef\">\n.flex_column.av-av_one_third-b631c2767f58f0c8c42999fc85ef54ef{\nborder-radius:0px 0px 0px 0px;\npadding:10px 50px 10px 50px;\n}\n<\/style>\n<div  class='flex_column av-av_one_third-b631c2767f58f0c8c42999fc85ef54ef av_one_third  avia-builder-el-24  el_after_av_one_third  el_before_av_one_full  first flex_column_div  column-top-margin'     ><p>\n<style type=\"text\/css\" data-created_by=\"avia_inline_auto\" id=\"style-css-av-jozgawo6-a9ca1940ffbd05d058239f78168a6c4b\">\n.avia-image-container.av-jozgawo6-a9ca1940ffbd05d058239f78168a6c4b img.avia_image{\nbox-shadow:none;\n}\n.avia-image-container.av-jozgawo6-a9ca1940ffbd05d058239f78168a6c4b .av-image-caption-overlay-center{\ncolor:#ffffff;\n}\n<\/style>\n<div  class='avia-image-container av-jozgawo6-a9ca1940ffbd05d058239f78168a6c4b av-styling- avia-align-center  avia-builder-el-25  el_before_av_heading  avia-builder-el-first '   itemprop=\"image\" itemscope=\"itemscope\" itemtype=\"https:\/\/schema.org\/ImageObject\" ><div class=\"avia-image-container-inner\"><div class=\"avia-image-overlay-wrap\"><img decoding=\"async\" fetchpriority=\"high\" class='wp-image-6564 avia-img-lazy-loading-not-6564 avia_image ' src=\"https:\/\/scanico.com\/wp-content\/uploads\/2024\/03\/Ben-Chaplin_2-300x300.jpg\" alt='Ben Chaplin, Scanico A\/S' title='Ben-Chaplin_2'  height=\"300\" width=\"300\"  itemprop=\"thumbnailUrl\" srcset=\"https:\/\/scanico.com\/wp-content\/uploads\/2024\/03\/Ben-Chaplin_2-300x300.jpg 300w, https:\/\/scanico.com\/wp-content\/uploads\/2024\/03\/Ben-Chaplin_2-80x80.jpg 80w, https:\/\/scanico.com\/wp-content\/uploads\/2024\/03\/Ben-Chaplin_2-36x36.jpg 36w, https:\/\/scanico.com\/wp-content\/uploads\/2024\/03\/Ben-Chaplin_2-180x180.jpg 180w, https:\/\/scanico.com\/wp-content\/uploads\/2024\/03\/Ben-Chaplin_2.jpg 600w\" sizes=\"(max-width: 300px) 100vw, 300px\" \/><\/div><\/div><\/div><br \/>\n\n<style type=\"text\/css\" data-created_by=\"avia_inline_auto\" id=\"style-css-av-av_heading-312ac8177773961cebcfd2845ae6d0d2\">\n#top .av-special-heading.av-av_heading-312ac8177773961cebcfd2845ae6d0d2{\npadding-bottom:0;\ncolor:#63666a;\n}\nbody .av-special-heading.av-av_heading-312ac8177773961cebcfd2845ae6d0d2 .av-special-heading-tag .heading-char{\nfont-size:25px;\n}\n.av-special-heading.av-av_heading-312ac8177773961cebcfd2845ae6d0d2 .special-heading-inner-border{\nborder-color:#63666a;\n}\n.av-special-heading.av-av_heading-312ac8177773961cebcfd2845ae6d0d2 .av-subheading{\nfont-size:15px;\n}\n<\/style>\n<div  class='av-special-heading av-av_heading-312ac8177773961cebcfd2845ae6d0d2 av-special-heading-h3 custom-color-heading  avia-builder-el-26  el_after_av_image  el_before_av_textblock '><h3 class='av-special-heading-tag '  itemprop=\"headline\"  >Ben Chaplin<\/h3><div class=\"special-heading-border\"><div class=\"special-heading-inner-border\"><\/div><\/div><\/div><br \/>\n<section  class='av_textblock_section av-jozgdqjo-9bcfd2fc449cae9039bfb4c08b34c562 '   itemscope=\"itemscope\" itemtype=\"https:\/\/schema.org\/CreativeWork\" ><div class='avia_textblock'  itemprop=\"text\" ><div class=\"team-member-job-title \">Directeur R\u00e9gional des Ventes<\/div>\n<div class=\"team-member-job-title \">Am\u00e9rique Latine<\/div>\n<p><a href=\"tel:+528182804760\">\n<style type=\"text\/css\" data-created_by=\"avia_inline_auto\" id=\"style-css-av-av_font_icon-67d2bfb42c06ec83e73a72c7867c1098\">\n.av_font_icon.av-av_font_icon-67d2bfb42c06ec83e73a72c7867c1098 .av-icon-char{\nfont-size:20px;\nline-height:20px;\n}\n<\/style>\n<span  class='av_font_icon av-av_font_icon-67d2bfb42c06ec83e73a72c7867c1098 avia_animate_when_visible av-icon-style- avia-icon-pos-left avia-iconfont avia-font-entypo-fontello av-no-color avia-icon-animate'><span class='av-icon-char' data-av_icon='\ue8ac' data-av_iconfont='entypo-fontello' aria-hidden=\"true\" ><\/span><\/span> +52 81 8280 4760<\/a><\/p>\n<p><a href=\"mailto:bchaplin@middleby.com\">\n<style type=\"text\/css\" data-created_by=\"avia_inline_auto\" id=\"style-css-av-av_font_icon-1926d87e7481f5458c9c712a3c081021\">\n.av_font_icon.av-av_font_icon-1926d87e7481f5458c9c712a3c081021 .av-icon-char{\nfont-size:20px;\nline-height:20px;\n}\n<\/style>\n<span  class='av_font_icon av-av_font_icon-1926d87e7481f5458c9c712a3c081021 avia_animate_when_visible av-icon-style- avia-icon-pos-left avia-iconfont avia-font-entypo-fontello av-no-color avia-icon-animate'><span class='av-icon-char' data-av_icon='\ue805' data-av_iconfont='entypo-fontello' aria-hidden=\"true\" ><\/span><\/span> <\/a><a href=\"mailto:bchaplin@middleby.com\">bchaplin@middleby.com<\/a><\/p>\n<\/div><\/section><\/p><\/div>\n<style type=\"text\/css\" data-created_by=\"avia_inline_auto\" id=\"style-css-av-av_one_full-6126cab7d8fab8d08143dd2dacdf673c\">\n.flex_column.av-av_one_full-6126cab7d8fab8d08143dd2dacdf673c{\nborder-radius:0px 0px 0px 0px;\npadding:0px 0px 0px 0px;\n}\n<\/style>\n<div  class='flex_column av-av_one_full-6126cab7d8fab8d08143dd2dacdf673c av_one_full  avia-builder-el-30  el_after_av_one_third  avia-builder-el-last  first flex_column_div av-zero-column-padding  column-top-margin'     ><p>\n<style type=\"text\/css\" data-created_by=\"avia_inline_auto\" id=\"style-css-av-l0mjk4fa-7be92b2ac1101b7a624619f1ff7f8037\">\n#top .av-special-heading.av-l0mjk4fa-7be92b2ac1101b7a624619f1ff7f8037{\npadding-bottom:0;\n}\nbody .av-special-heading.av-l0mjk4fa-7be92b2ac1101b7a624619f1ff7f8037 .av-special-heading-tag .heading-char{\nfont-size:25px;\n}\n.av-special-heading.av-l0mjk4fa-7be92b2ac1101b7a624619f1ff7f8037 .av-subheading{\nfont-size:15px;\n}\n<\/style>\n<div  class='av-special-heading av-l0mjk4fa-7be92b2ac1101b7a624619f1ff7f8037 av-special-heading-h2 blockquote modern-quote modern-centered  avia-builder-el-31  el_before_av_hr  avia-builder-el-first '><h2 class='av-special-heading-tag '  itemprop=\"headline\"  >R\u00e9f\u00e9rences<\/h2><div class=\"special-heading-border\"><div class=\"special-heading-inner-border\"><\/div><\/div><\/div><br \/>\n\n<style type=\"text\/css\" data-created_by=\"avia_inline_auto\" id=\"style-css-av-lf0yine6-58872bbdf066d1131e42ec609047388a\">\n#top .hr.av-lf0yine6-58872bbdf066d1131e42ec609047388a{\nmargin-top:10px;\nmargin-bottom:10px;\n}\n.hr.av-lf0yine6-58872bbdf066d1131e42ec609047388a .hr-inner{\nwidth:50px;\nborder-color:#f05a3f;\n}\n<\/style>\n<div  class='hr av-lf0yine6-58872bbdf066d1131e42ec609047388a hr-custom  avia-builder-el-32  el_after_av_heading  el_before_av_textblock  hr-center hr-icon-no'><span class='hr-inner inner-border-av-border-fat'><span class=\"hr-inner-style\"><\/span><\/span><\/div><br \/>\n<section  class='av_textblock_section av-av_textblock-0366cc7376be6c9e82a3e9cc8987b64f '   itemscope=\"itemscope\" itemtype=\"https:\/\/schema.org\/CreativeWork\" ><div class='avia_textblock'  itemprop=\"text\" ><p>Nos clients appartiennent \u00e0 tous les secteurs de l\u2019industrie. Scanico con\u00e7oit et fabrique des syst\u00e8mes de cong\u00e9lation depuis plus de 20 ans. Aujourd\u2019hui, nous sommes reconnus et respect\u00e9s pour la qualit\u00e9 de nos produits, lesquels sont export\u00e9s vers plus de 25 pays.<\/p>\n<p>La cr\u00e9ation de partenariats avec nos clients permet d\u2019am\u00e9liorer de fa\u00e7on continue notre savoir-faire. Plusieurs de nos partenaires sont des entreprises d\u2019envergure internationale. Nous collaborons aussi avec des Ing\u00e9nieurs-consultants du monde entier.<\/p>\n<p>Une liste compl\u00e8te de r\u00e9f\u00e9rences est disponible via le D\u00e9partement Ventes sur demande.<\/p>\n<\/div><\/section><\/p><\/div>\n","protected":false},"excerpt":{"rendered":"","protected":false},"author":1,"featured_media":0,"parent":2786,"menu_order":1,"comment_status":"closed","ping_status":"closed","template":"","meta":{"footnotes":""},"class_list":["post-2796","page","type-page","status-publish","hentry"],"_links":{"self":[{"href":"https:\/\/scanico.com\/fr\/wp-json\/wp\/v2\/pages\/2796","targetHints":{"allow":["GET"]}}],"collection":[{"href":"https:\/\/scanico.com\/fr\/wp-json\/wp\/v2\/pages"}],"about":[{"href":"https:\/\/scanico.com\/fr\/wp-json\/wp\/v2\/types\/page"}],"author":[{"embeddable":true,"href":"https:\/\/scanico.com\/fr\/wp-json\/wp\/v2\/users\/1"}],"replies":[{"embeddable":true,"href":"https:\/\/scanico.com\/fr\/wp-json\/wp\/v2\/comments?post=2796"}],"version-history":[{"count":5,"href":"https:\/\/scanico.com\/fr\/wp-json\/wp\/v2\/pages\/2796\/revisions"}],"predecessor-version":[{"id":6846,"href":"https:\/\/scanico.com\/fr\/wp-json\/wp\/v2\/pages\/2796\/revisions\/6846"}],"up":[{"embeddable":true,"href":"https:\/\/scanico.com\/fr\/wp-json\/wp\/v2\/pages\/2786"}],"wp:attachment":[{"href":"https:\/\/scanico.com\/fr\/wp-json\/wp\/v2\/media?parent=2796"}],"curies":[{"name":"wp","href":"https:\/\/api.w.org\/{rel}","templated":true}]}}