{"id":2794,"date":"2018-06-18T08:33:41","date_gmt":"2018-06-18T07:33:41","guid":{"rendered":"http:\/\/sandbox.scanico.com\/references\/"},"modified":"2019-01-29T12:48:15","modified_gmt":"2019-01-29T11:48:15","slug":"references","status":"publish","type":"page","link":"https:\/\/scanico.com\/fr\/nos-produits\/references\/","title":{"rendered":"R\u00e9f\u00e9rences"},"content":{"rendered":"\n<style type=\"text\/css\" data-created_by=\"avia_inline_auto\" id=\"style-css-av-av_one_full-6126cab7d8fab8d08143dd2dacdf673c\">\n.flex_column.av-av_one_full-6126cab7d8fab8d08143dd2dacdf673c{\nborder-radius:0px 0px 0px 0px;\npadding:0px 0px 0px 0px;\n}\n<\/style>\n<div  class='flex_column av-av_one_full-6126cab7d8fab8d08143dd2dacdf673c av_one_full  avia-builder-el-0  el_before_av_hr  avia-builder-el-first  first flex_column_div av-zero-column-padding  '     ><style type=\"text\/css\" data-created_by=\"avia_inline_auto\" id=\"style-css-av-av_heading-bea9194616a6038df4131ee4b43a312e\">\n#top .av-special-heading.av-av_heading-bea9194616a6038df4131ee4b43a312e{\npadding-bottom:2px;\n}\nbody .av-special-heading.av-av_heading-bea9194616a6038df4131ee4b43a312e .av-special-heading-tag .heading-char{\nfont-size:25px;\n}\n.av-special-heading.av-av_heading-bea9194616a6038df4131ee4b43a312e .av-subheading{\nfont-size:15px;\n}\n<\/style>\n<div  class='av-special-heading av-av_heading-bea9194616a6038df4131ee4b43a312e av-special-heading-h2 blockquote modern-quote modern-centered  avia-builder-el-1  avia-builder-el-no-sibling '><h2 class='av-special-heading-tag '  itemprop=\"headline\"  >R\u00e9f\u00e9rences<\/h2><div class=\"special-heading-border\"><div class=\"special-heading-inner-border\"><\/div><\/div><\/div><\/div>\n\n<style type=\"text\/css\" data-created_by=\"avia_inline_auto\" id=\"style-css-av-av_hr-2ccc6f86e2d67cca779be023ad633f67\">\n#top .hr.av-av_hr-2ccc6f86e2d67cca779be023ad633f67{\nmargin-top:10px;\nmargin-bottom:30px;\n}\n.hr.av-av_hr-2ccc6f86e2d67cca779be023ad633f67 .hr-inner{\nwidth:100px;\nborder-color:#258b8f;\n}\n<\/style>\n<div  class='hr av-av_hr-2ccc6f86e2d67cca779be023ad633f67 hr-custom  avia-builder-el-2  el_after_av_one_full  el_before_av_textblock  hr-center hr-icon-no'><span class='hr-inner inner-border-av-border-fat'><span class=\"hr-inner-style\"><\/span><\/span><\/div>\n<section  class='av_textblock_section av-jrhp7331-1079224e86cd5bbebc24114a4e0404dd '   itemscope=\"itemscope\" itemtype=\"https:\/\/schema.org\/CreativeWork\" ><div class='avia_textblock'  itemprop=\"text\" ><p>Nos clients appartiennent \u00e0 tous les secteurs de l\u2019industrie. Scanico con\u00e7oit et fabrique des syst\u00e8mes de cong\u00e9lation depuis plus de 20 ans. Aujourd\u2019hui, nous sommes reconnus et respect\u00e9s pour la qualit\u00e9 de nos produits, lesquels sont export\u00e9s vers plus de 25 pays.<\/p>\n<p>La cr\u00e9ation de partenariats avec nos clients permet d\u2019am\u00e9liorer de fa\u00e7on continue notre savoir-faire. Plusieurs de nos partenaires sont des entreprises d\u2019envergure internationale. Nous collaborons aussi avec des Ing\u00e9nieurs-consultants du monde entier.<\/p>\n<p>Une liste compl\u00e8te de r\u00e9f\u00e9rences est disponible via le <a href=\"https:\/\/scanico.com\/fr\/contact\/ventes\/\"><strong>D\u00e9partement Ventes<\/strong><\/a> sur demande.<\/p>\n<\/div><\/section>\n","protected":false},"excerpt":{"rendered":"","protected":false},"author":1,"featured_media":0,"parent":2862,"menu_order":13,"comment_status":"closed","ping_status":"closed","template":"","meta":{"footnotes":""},"class_list":["post-2794","page","type-page","status-publish","hentry"],"_links":{"self":[{"href":"https:\/\/scanico.com\/fr\/wp-json\/wp\/v2\/pages\/2794","targetHints":{"allow":["GET"]}}],"collection":[{"href":"https:\/\/scanico.com\/fr\/wp-json\/wp\/v2\/pages"}],"about":[{"href":"https:\/\/scanico.com\/fr\/wp-json\/wp\/v2\/types\/page"}],"author":[{"embeddable":true,"href":"https:\/\/scanico.com\/fr\/wp-json\/wp\/v2\/users\/1"}],"replies":[{"embeddable":true,"href":"https:\/\/scanico.com\/fr\/wp-json\/wp\/v2\/comments?post=2794"}],"version-history":[{"count":3,"href":"https:\/\/scanico.com\/fr\/wp-json\/wp\/v2\/pages\/2794\/revisions"}],"predecessor-version":[{"id":3970,"href":"https:\/\/scanico.com\/fr\/wp-json\/wp\/v2\/pages\/2794\/revisions\/3970"}],"up":[{"embeddable":true,"href":"https:\/\/scanico.com\/fr\/wp-json\/wp\/v2\/pages\/2862"}],"wp:attachment":[{"href":"https:\/\/scanico.com\/fr\/wp-json\/wp\/v2\/media?parent=2794"}],"curies":[{"name":"wp","href":"https:\/\/api.w.org\/{rel}","templated":true}]}}