{"id":2786,"date":"2018-06-18T08:33:38","date_gmt":"2018-06-18T07:33:38","guid":{"rendered":"http:\/\/sandbox.scanico.com\/contact\/"},"modified":"2024-12-17T15:11:37","modified_gmt":"2024-12-17T14:11:37","slug":"contact","status":"publish","type":"page","link":"https:\/\/scanico.com\/fr\/contact\/","title":{"rendered":"Contact"},"content":{"rendered":"\n<style type=\"text\/css\" data-created_by=\"avia_inline_auto\" id=\"style-css-av-av_one_full-6126cab7d8fab8d08143dd2dacdf673c\">\n.flex_column.av-av_one_full-6126cab7d8fab8d08143dd2dacdf673c{\nborder-radius:0px 0px 0px 0px;\npadding:0px 0px 0px 0px;\n}\n<\/style>\n<div  class='flex_column av-av_one_full-6126cab7d8fab8d08143dd2dacdf673c av_one_full  avia-builder-el-0  el_before_av_one_fourth  avia-builder-el-first  first flex_column_div av-zero-column-padding  '     ><p>\n<style type=\"text\/css\" data-created_by=\"avia_inline_auto\" id=\"style-css-av-av_heading-0100e7a84efe8dd4d66c1076eff8b8b3\">\n#top .av-special-heading.av-av_heading-0100e7a84efe8dd4d66c1076eff8b8b3{\npadding-bottom:0;\n}\nbody .av-special-heading.av-av_heading-0100e7a84efe8dd4d66c1076eff8b8b3 .av-special-heading-tag .heading-char{\nfont-size:25px;\n}\n.av-special-heading.av-av_heading-0100e7a84efe8dd4d66c1076eff8b8b3 .av-subheading{\nfont-size:15px;\n}\n<\/style>\n<div  class='av-special-heading av-av_heading-0100e7a84efe8dd4d66c1076eff8b8b3 av-special-heading-h1 blockquote modern-quote modern-centered  avia-builder-el-1  el_before_av_hr  avia-builder-el-first '><h1 class='av-special-heading-tag '  itemprop=\"headline\"  >Contact<\/h1><div class=\"special-heading-border\"><div class=\"special-heading-inner-border\"><\/div><\/div><\/div><br \/>\n\n<style type=\"text\/css\" data-created_by=\"avia_inline_auto\" id=\"style-css-av-leyb3xbe-bd4b6c0a4ec560f962b932128ba6bf10\">\n#top .hr.av-leyb3xbe-bd4b6c0a4ec560f962b932128ba6bf10{\nmargin-top:10px;\nmargin-bottom:10px;\n}\n.hr.av-leyb3xbe-bd4b6c0a4ec560f962b932128ba6bf10 .hr-inner{\nwidth:50px;\nborder-color:#f05a3f;\n}\n<\/style>\n<div  class='hr av-leyb3xbe-bd4b6c0a4ec560f962b932128ba6bf10 hr-custom  avia-builder-el-2  el_after_av_heading  avia-builder-el-last  hr-center hr-icon-no'><span class='hr-inner inner-border-av-border-fat'><span class=\"hr-inner-style\"><\/span><\/span><\/div><\/p><\/div>\n\n<style type=\"text\/css\" data-created_by=\"avia_inline_auto\" id=\"style-css-av-av_one_fourth-6126cab7d8fab8d08143dd2dacdf673c\">\n.flex_column.av-av_one_fourth-6126cab7d8fab8d08143dd2dacdf673c{\nborder-radius:0px 0px 0px 0px;\npadding:0px 0px 0px 0px;\n}\n<\/style>\n<div  class='flex_column av-av_one_fourth-6126cab7d8fab8d08143dd2dacdf673c av_one_fourth  avia-builder-el-3  el_after_av_one_full  el_before_av_one_fourth  first flex_column_div av-zero-column-padding  column-top-margin'     ><p>\n<style type=\"text\/css\" data-created_by=\"avia_inline_auto\" id=\"style-css-av-jnlhiq9w-8d3f67fb814166626d5bb2b88e22818d\">\n.avia-image-container.av-jnlhiq9w-8d3f67fb814166626d5bb2b88e22818d img.avia_image{\nbox-shadow:none;\n}\n.avia-image-container.av-jnlhiq9w-8d3f67fb814166626d5bb2b88e22818d .av-image-caption-overlay-center{\ncolor:#ffffff;\n}\n<\/style>\n<div  class='avia-image-container av-jnlhiq9w-8d3f67fb814166626d5bb2b88e22818d av-styling- av-hover-grow av-img-linked avia-align-center  avia-builder-el-4  el_before_av_heading  avia-builder-el-first '   itemprop=\"image\" itemscope=\"itemscope\" itemtype=\"https:\/\/schema.org\/ImageObject\" ><div class=\"avia-image-container-inner\"><div class=\"avia-image-overlay-wrap\"><a href=\"https:\/\/scanico.com\/fr\/contact\/ventes\/\" class='avia_image '  aria-label='Sales-grey'><img decoding=\"async\" fetchpriority=\"high\" class='wp-image-6128 avia-img-lazy-loading-not-6128 avia_image ' src=\"https:\/\/scanico.com\/wp-content\/uploads\/2023\/03\/Sales-grey-300x300.png\" alt='Scanico Sales Department' title='Sales-grey'  height=\"300\" width=\"300\"  itemprop=\"thumbnailUrl\" srcset=\"https:\/\/scanico.com\/wp-content\/uploads\/2023\/03\/Sales-grey-300x300.png 300w, https:\/\/scanico.com\/wp-content\/uploads\/2023\/03\/Sales-grey-80x80.png 80w, https:\/\/scanico.com\/wp-content\/uploads\/2023\/03\/Sales-grey-36x36.png 36w, https:\/\/scanico.com\/wp-content\/uploads\/2023\/03\/Sales-grey-180x180.png 180w, https:\/\/scanico.com\/wp-content\/uploads\/2023\/03\/Sales-grey.png 400w\" sizes=\"(max-width: 300px) 100vw, 300px\" \/><\/a><\/div><\/div><\/div><br \/>\n\n<style type=\"text\/css\" data-created_by=\"avia_inline_auto\" id=\"style-css-av-av_heading-25d833fa23fabaa0eef6b36df6c31ee3\">\n#top .av-special-heading.av-av_heading-25d833fa23fabaa0eef6b36df6c31ee3{\npadding-bottom:10px;\n}\nbody .av-special-heading.av-av_heading-25d833fa23fabaa0eef6b36df6c31ee3 .av-special-heading-tag .heading-char{\nfont-size:25px;\n}\n.av-special-heading.av-av_heading-25d833fa23fabaa0eef6b36df6c31ee3 .av-subheading{\nfont-size:15px;\n}\n<\/style>\n<div  class='av-special-heading av-av_heading-25d833fa23fabaa0eef6b36df6c31ee3 av-special-heading-h3 blockquote modern-quote modern-centered  avia-builder-el-5  el_after_av_image  avia-builder-el-last '><h3 class='av-special-heading-tag '  itemprop=\"headline\"  >Ventes<\/h3><div class=\"special-heading-border\"><div class=\"special-heading-inner-border\"><\/div><\/div><\/div><\/p><\/div>\n\n<style type=\"text\/css\" data-created_by=\"avia_inline_auto\" id=\"style-css-av-av_one_fourth-0aa7055fe62c3622faec82866afbaeb2\">\n.flex_column.av-av_one_fourth-0aa7055fe62c3622faec82866afbaeb2{\nborder-radius:0px 0px 0px 0px;\npadding:0px 0px 0px 0px;\n}\n<\/style>\n<div  class='flex_column av-av_one_fourth-0aa7055fe62c3622faec82866afbaeb2 av_one_fourth  avia-builder-el-6  el_after_av_one_fourth  el_before_av_one_fourth  flex_column_div av-zero-column-padding  column-top-margin'     ><p>\n<style type=\"text\/css\" data-created_by=\"avia_inline_auto\" id=\"style-css-av-jnlhj1tf-5ea21e1f99245c2820a97b5eecf829ed\">\n.avia-image-container.av-jnlhj1tf-5ea21e1f99245c2820a97b5eecf829ed img.avia_image{\nbox-shadow:none;\n}\n.avia-image-container.av-jnlhj1tf-5ea21e1f99245c2820a97b5eecf829ed .av-image-caption-overlay-center{\ncolor:#ffffff;\n}\n<\/style>\n<div  class='avia-image-container av-jnlhj1tf-5ea21e1f99245c2820a97b5eecf829ed av-styling- av-hover-grow av-img-linked avia-align-center  avia-builder-el-7  el_before_av_heading  avia-builder-el-first '   itemprop=\"image\" itemscope=\"itemscope\" itemtype=\"https:\/\/schema.org\/ImageObject\" ><div class=\"avia-image-container-inner\"><div class=\"avia-image-overlay-wrap\"><a href=\"https:\/\/scanico.com\/fr\/contact\/maintenance\/\" class='avia_image '  aria-label='Service-grey'><img decoding=\"async\" fetchpriority=\"high\" class='wp-image-6131 avia-img-lazy-loading-not-6131 avia_image ' src=\"https:\/\/scanico.com\/wp-content\/uploads\/2023\/03\/Service-grey-300x300.png\" alt='Scanico Service Department' title='Service-grey'  height=\"300\" width=\"300\"  itemprop=\"thumbnailUrl\" srcset=\"https:\/\/scanico.com\/wp-content\/uploads\/2023\/03\/Service-grey-300x300.png 300w, https:\/\/scanico.com\/wp-content\/uploads\/2023\/03\/Service-grey-80x80.png 80w, https:\/\/scanico.com\/wp-content\/uploads\/2023\/03\/Service-grey-36x36.png 36w, https:\/\/scanico.com\/wp-content\/uploads\/2023\/03\/Service-grey-180x180.png 180w, https:\/\/scanico.com\/wp-content\/uploads\/2023\/03\/Service-grey.png 400w\" sizes=\"(max-width: 300px) 100vw, 300px\" \/><\/a><\/div><\/div><\/div><br \/>\n\n<style type=\"text\/css\" data-created_by=\"avia_inline_auto\" id=\"style-css-av-av_heading-7f19432c6e8a889fd07a03dce2ed6329\">\n#top .av-special-heading.av-av_heading-7f19432c6e8a889fd07a03dce2ed6329{\npadding-bottom:10px;\n}\nbody .av-special-heading.av-av_heading-7f19432c6e8a889fd07a03dce2ed6329 .av-special-heading-tag .heading-char{\nfont-size:25px;\n}\n.av-special-heading.av-av_heading-7f19432c6e8a889fd07a03dce2ed6329 .av-subheading{\nfont-size:15px;\n}\n<\/style>\n<div  class='av-special-heading av-av_heading-7f19432c6e8a889fd07a03dce2ed6329 av-special-heading-h3 blockquote modern-quote modern-centered  avia-builder-el-8  el_after_av_image  avia-builder-el-last '><h3 class='av-special-heading-tag '  itemprop=\"headline\"  >Maintenance<\/h3><div class=\"special-heading-border\"><div class=\"special-heading-inner-border\"><\/div><\/div><\/div><\/p><\/div>\n\n<style type=\"text\/css\" data-created_by=\"avia_inline_auto\" id=\"style-css-av-av_one_fourth-531d5d4d3d3a74d4c56d8363993d8877\">\n.flex_column.av-av_one_fourth-531d5d4d3d3a74d4c56d8363993d8877{\nborder-radius:0px 0px 0px 0px;\npadding:0px 0px 0px 0px;\n}\n<\/style>\n<div  class='flex_column av-av_one_fourth-531d5d4d3d3a74d4c56d8363993d8877 av_one_fourth  avia-builder-el-9  el_after_av_one_fourth  el_before_av_one_fourth  flex_column_div av-zero-column-padding  column-top-margin'     ><p>\n<style type=\"text\/css\" data-created_by=\"avia_inline_auto\" id=\"style-css-av-jnlhk23n-6ba988ad4baf4544fe7d89a941e51465\">\n.avia-image-container.av-jnlhk23n-6ba988ad4baf4544fe7d89a941e51465 img.avia_image{\nbox-shadow:none;\n}\n.avia-image-container.av-jnlhk23n-6ba988ad4baf4544fe7d89a941e51465 .av-image-caption-overlay-center{\ncolor:#ffffff;\n}\n<\/style>\n<div  class='avia-image-container av-jnlhk23n-6ba988ad4baf4544fe7d89a941e51465 av-styling- av-hover-grow av-img-linked avia-align-center  avia-builder-el-10  el_before_av_heading  avia-builder-el-first '   itemprop=\"image\" itemscope=\"itemscope\" itemtype=\"https:\/\/schema.org\/ImageObject\" ><div class=\"avia-image-container-inner\"><div class=\"avia-image-overlay-wrap\"><a href=\"https:\/\/scanico.com\/fr\/contact\/administration\/\" class='avia_image '  aria-label='Administration-grey'><img decoding=\"async\" fetchpriority=\"high\" class='wp-image-6137 avia-img-lazy-loading-not-6137 avia_image ' src=\"https:\/\/scanico.com\/wp-content\/uploads\/2023\/03\/Administration-grey-300x300.png\" alt='Scanico Administration' title='Administration-grey'  height=\"300\" width=\"300\"  itemprop=\"thumbnailUrl\" srcset=\"https:\/\/scanico.com\/wp-content\/uploads\/2023\/03\/Administration-grey-300x300.png 300w, https:\/\/scanico.com\/wp-content\/uploads\/2023\/03\/Administration-grey-80x80.png 80w, https:\/\/scanico.com\/wp-content\/uploads\/2023\/03\/Administration-grey-36x36.png 36w, https:\/\/scanico.com\/wp-content\/uploads\/2023\/03\/Administration-grey-180x180.png 180w, https:\/\/scanico.com\/wp-content\/uploads\/2023\/03\/Administration-grey.png 400w\" sizes=\"(max-width: 300px) 100vw, 300px\" \/><\/a><\/div><\/div><\/div><br \/>\n\n<style type=\"text\/css\" data-created_by=\"avia_inline_auto\" id=\"style-css-av-av_heading-c17bafc1c0276490bb7bcf3e7119ea98\">\n#top .av-special-heading.av-av_heading-c17bafc1c0276490bb7bcf3e7119ea98{\npadding-bottom:10px;\n}\nbody .av-special-heading.av-av_heading-c17bafc1c0276490bb7bcf3e7119ea98 .av-special-heading-tag .heading-char{\nfont-size:25px;\n}\n.av-special-heading.av-av_heading-c17bafc1c0276490bb7bcf3e7119ea98 .av-subheading{\nfont-size:15px;\n}\n<\/style>\n<div  class='av-special-heading av-av_heading-c17bafc1c0276490bb7bcf3e7119ea98 av-special-heading-h3 blockquote modern-quote modern-centered  avia-builder-el-11  el_after_av_image  avia-builder-el-last '><h3 class='av-special-heading-tag '  itemprop=\"headline\"  >Administration<\/h3><div class=\"special-heading-border\"><div class=\"special-heading-inner-border\"><\/div><\/div><\/div><\/p><\/div>\n\n<style type=\"text\/css\" data-created_by=\"avia_inline_auto\" id=\"style-css-av-av_one_fourth-531d5d4d3d3a74d4c56d8363993d8877\">\n.flex_column.av-av_one_fourth-531d5d4d3d3a74d4c56d8363993d8877{\nborder-radius:0px 0px 0px 0px;\npadding:0px 0px 0px 0px;\n}\n<\/style>\n<div  class='flex_column av-av_one_fourth-531d5d4d3d3a74d4c56d8363993d8877 av_one_fourth  avia-builder-el-12  el_after_av_one_fourth  el_before_av_one_half  flex_column_div av-zero-column-padding  column-top-margin'     ><p>\n<style type=\"text\/css\" data-created_by=\"avia_inline_auto\" id=\"style-css-av-jnlhkbct-40cfc9fc275b2ed95990679fff3efd28\">\n.avia-image-container.av-jnlhkbct-40cfc9fc275b2ed95990679fff3efd28 img.avia_image{\nbox-shadow:none;\n}\n.avia-image-container.av-jnlhkbct-40cfc9fc275b2ed95990679fff3efd28 .av-image-caption-overlay-center{\ncolor:#ffffff;\n}\n<\/style>\n<div  class='avia-image-container av-jnlhkbct-40cfc9fc275b2ed95990679fff3efd28 av-styling- av-hover-grow av-img-linked avia-align-center  avia-builder-el-13  el_before_av_heading  avia-builder-el-first '   itemprop=\"image\" itemscope=\"itemscope\" itemtype=\"https:\/\/schema.org\/ImageObject\" ><div class=\"avia-image-container-inner\"><div class=\"avia-image-overlay-wrap\"><a href=\"https:\/\/scanico.com\/fr\/contact\/comment-nous-trouver\/\" class='avia_image '  aria-label='Map-grey'><img decoding=\"async\" fetchpriority=\"high\" class='wp-image-6134 avia-img-lazy-loading-not-6134 avia_image ' src=\"https:\/\/scanico.com\/wp-content\/uploads\/2023\/03\/Map-grey-300x300.png\" alt='Scanico location map' title='Map-grey'  height=\"300\" width=\"300\"  itemprop=\"thumbnailUrl\" srcset=\"https:\/\/scanico.com\/wp-content\/uploads\/2023\/03\/Map-grey-300x300.png 300w, https:\/\/scanico.com\/wp-content\/uploads\/2023\/03\/Map-grey-80x80.png 80w, https:\/\/scanico.com\/wp-content\/uploads\/2023\/03\/Map-grey-36x36.png 36w, https:\/\/scanico.com\/wp-content\/uploads\/2023\/03\/Map-grey-180x180.png 180w, https:\/\/scanico.com\/wp-content\/uploads\/2023\/03\/Map-grey.png 400w\" sizes=\"(max-width: 300px) 100vw, 300px\" \/><\/a><\/div><\/div><\/div><br \/>\n\n<style type=\"text\/css\" data-created_by=\"avia_inline_auto\" id=\"style-css-av-av_heading-273502227f864a0d3373e96beff163a9\">\n#top .av-special-heading.av-av_heading-273502227f864a0d3373e96beff163a9{\npadding-bottom:10px;\n}\nbody .av-special-heading.av-av_heading-273502227f864a0d3373e96beff163a9 .av-special-heading-tag .heading-char{\nfont-size:25px;\n}\n.av-special-heading.av-av_heading-273502227f864a0d3373e96beff163a9 .av-subheading{\nfont-size:15px;\n}\n<\/style>\n<div  class='av-special-heading av-av_heading-273502227f864a0d3373e96beff163a9 av-special-heading-h3 blockquote modern-quote modern-centered  avia-builder-el-14  el_after_av_image  avia-builder-el-last '><h3 class='av-special-heading-tag '  itemprop=\"headline\"  >Comment nous trouver<\/h3><div class=\"special-heading-border\"><div class=\"special-heading-inner-border\"><\/div><\/div><\/div><\/p><\/div>\n\n<style type=\"text\/css\" data-created_by=\"avia_inline_auto\" id=\"style-css-av-av_one_half-6126cab7d8fab8d08143dd2dacdf673c\">\n.flex_column.av-av_one_half-6126cab7d8fab8d08143dd2dacdf673c{\nborder-radius:0px 0px 0px 0px;\npadding:0px 0px 0px 0px;\n}\n<\/style>\n<div  class='flex_column av-av_one_half-6126cab7d8fab8d08143dd2dacdf673c av_one_half  avia-builder-el-15  el_after_av_one_fourth  el_before_av_one_half  first flex_column_div av-zero-column-padding  column-top-margin'     ><p>\n<style type=\"text\/css\" data-created_by=\"avia_inline_auto\" id=\"style-css-av-av_heading-5c57d00f166e397cdfe8a5dc88bcdfbe\">\n#top .av-special-heading.av-av_heading-5c57d00f166e397cdfe8a5dc88bcdfbe{\npadding-bottom:0;\n}\nbody .av-special-heading.av-av_heading-5c57d00f166e397cdfe8a5dc88bcdfbe .av-special-heading-tag .heading-char{\nfont-size:25px;\n}\n.av-special-heading.av-av_heading-5c57d00f166e397cdfe8a5dc88bcdfbe .av-subheading{\nfont-size:15px;\n}\n<\/style>\n<div  class='av-special-heading av-av_heading-5c57d00f166e397cdfe8a5dc88bcdfbe av-special-heading-h2 blockquote modern-quote  avia-builder-el-16  el_before_av_hr  avia-builder-el-first '><h2 class='av-special-heading-tag '  itemprop=\"headline\"  >Heures d\u2019ouverture<\/h2><div class=\"special-heading-border\"><div class=\"special-heading-inner-border\"><\/div><\/div><\/div><br \/>\n\n<style type=\"text\/css\" data-created_by=\"avia_inline_auto\" id=\"style-css-av-leyb48ia-833d779ea364dc06118380c45e3d8ea4\">\n#top .hr.av-leyb48ia-833d779ea364dc06118380c45e3d8ea4{\nmargin-top:10px;\nmargin-bottom:10px;\n}\n.hr.av-leyb48ia-833d779ea364dc06118380c45e3d8ea4 .hr-inner{\nwidth:50px;\nborder-color:#f05a3f;\n}\n<\/style>\n<div  class='hr av-leyb48ia-833d779ea364dc06118380c45e3d8ea4 hr-custom  avia-builder-el-17  el_after_av_heading  el_before_av_iconlist  hr-left hr-icon-no'><span class='hr-inner inner-border-av-border-fat'><span class=\"hr-inner-style\"><\/span><\/span><\/div><br \/>\n\n<style type=\"text\/css\" data-created_by=\"avia_inline_auto\" id=\"style-css-av-jozty1ix-2279d56930f1422692474e7c837b7f18\">\n#top .avia-icon-list-container.av-jozty1ix-2279d56930f1422692474e7c837b7f18 .iconlist_icon{\nbackground-color:#f05a3f;\n}\n<\/style>\n<div  class='avia-icon-list-container av-jozty1ix-2279d56930f1422692474e7c837b7f18  avia-builder-el-18  el_after_av_hr  avia-builder-el-last '><ul class='avia-icon-list avia_animate_when_almost_visible avia-icon-list-left av-iconlist-big av-jozty1ix-2279d56930f1422692474e7c837b7f18 avia-iconlist-animate'>\n<li><div class='iconlist_icon av-lvxveasz-3ee227b29442272fe36e43850f20168f avia-font-entypo-fontello avia-iconfont avia-font-entypo-fontello'><span class='av-icon-char' data-av_icon='\ue862' data-av_iconfont='entypo-fontello' aria-hidden=\"true\"><\/span><\/div><article class=\"article-icon-entry \"  itemscope=\"itemscope\" itemtype=\"https:\/\/schema.org\/CreativeWork\" ><div class=\"iconlist_content_wrap\"><header class=\"entry-content-header\" aria-label=\"Ic\u00f4ne : Bureau\"><h4 class='av_iconlist_title iconlist_title  '  itemprop=\"headline\" >Bureau<\/h4><\/header><div class='iconlist_content '  itemprop=\"text\" ><p>Lundi &#8211; jeudi : 08.00 &#8211; 15.30<\/p>\n<p>Vendredi : 08.00 &#8211; 15.00<\/p>\n<\/div><\/div><footer class=\"entry-footer\"><\/footer><\/article><div class=\"iconlist-timeline\"><\/div><\/li>\n<li><div class='iconlist_icon av-av_iconlist_item-831072381a5986506844608b50fac78c avia-font-entypo-fontello avia-iconfont avia-font-entypo-fontello'><span class='av-icon-char' data-av_icon='\ue862' data-av_iconfont='entypo-fontello' aria-hidden=\"true\"><\/span><\/div><article class=\"article-icon-entry \"  itemscope=\"itemscope\" itemtype=\"https:\/\/schema.org\/CreativeWork\" ><div class=\"iconlist_content_wrap\"><header class=\"entry-content-header\" aria-label=\"Ic\u00f4ne : Entrep\u00f4t\"><h4 class='av_iconlist_title iconlist_title  '  itemprop=\"headline\" >Entrep\u00f4t<\/h4><\/header><div class='iconlist_content '  itemprop=\"text\" ><p>Lundi &#8211; jeudi : 07.00 &#8211; 15.00<\/p>\n<p>Vendredi : 07.00 &#8211; 14.30<\/p>\n<\/div><\/div><footer class=\"entry-footer\"><\/footer><\/article><div class=\"iconlist-timeline\"><\/div><\/li>\n<li><div class='iconlist_icon av-m4sjl636-4658a95687718812ba285891f5819dc3 avia-font-entypo-fontello avia-iconfont avia-font-entypo-fontello'><span class='av-icon-char' data-av_icon='\ue854' data-av_iconfont='entypo-fontello' aria-hidden=\"true\"><\/span><\/div><article class=\"article-icon-entry \"  itemscope=\"itemscope\" itemtype=\"https:\/\/schema.org\/CreativeWork\" ><div class=\"iconlist_content_wrap\"><header class=\"entry-content-header\" aria-label=\"Ic\u00f4ne : Hotline Maintenance\"><h4 class='av_iconlist_title iconlist_title  '  itemprop=\"headline\" >Hotline Maintenance<\/h4><\/header><div class='iconlist_content '  itemprop=\"text\" ><p>Les Clients b\u00e9n\u00e9ficiant d\u2019un accord de Service Prioritaire peuvent appeler notre hotline Maintenance \u00e9tendue entre 06.00 et 22.00.<\/p>\n<\/div><\/div><footer class=\"entry-footer\"><\/footer><\/article><div class=\"iconlist-timeline\"><\/div><\/li>\n<\/ul><\/div><\/p><\/div>\n<style type=\"text\/css\" data-created_by=\"avia_inline_auto\" id=\"style-css-av-leya9519-e8f219834a8f04cc0693694074c7696c\">\n.flex_column.av-leya9519-e8f219834a8f04cc0693694074c7696c{\nborder-radius:0px 0px 0px 0px;\npadding:10px 10px 10px 10px;\nbackground-color:#8b99a7;\n}\n<\/style>\n<div  class='flex_column av-leya9519-e8f219834a8f04cc0693694074c7696c av_one_half  avia-builder-el-19  el_after_av_one_half  el_before_av_four_fifth  flex_column_div  column-top-margin'     ><style type=\"text\/css\" data-created_by=\"avia_inline_auto\" id=\"style-css-av-av_textblock-45ffac5315a447b0d15c03c122e6f889\">\n#top .av_textblock_section.av-av_textblock-45ffac5315a447b0d15c03c122e6f889 .avia_textblock{\ncolor:#f8f8f8;\n}\n<\/style>\n<section  class='av_textblock_section av-av_textblock-45ffac5315a447b0d15c03c122e6f889 '   itemscope=\"itemscope\" itemtype=\"https:\/\/schema.org\/CreativeWork\" ><div class='avia_textblock av_inherit_color'  itemprop=\"text\" ><p>Notre organisation professionnelle de planification et de gestion couvre tous les aspects des processus : conception, fabrication, installation, formation client et service apr\u00e8s-vente.<\/p>\n<p>N&rsquo;h\u00e9sitez pas \u00e0 nous contacter et \u00e0 nous communiquer votre projet et vos besoins. Laissez-nous vous guider et vous proposer la solution optimale.<\/p>\n<\/div><\/section><\/div>\n\n<style type=\"text\/css\" data-created_by=\"avia_inline_auto\" id=\"style-css-av-av_four_fifth-6126cab7d8fab8d08143dd2dacdf673c\">\n.flex_column.av-av_four_fifth-6126cab7d8fab8d08143dd2dacdf673c{\nborder-radius:0px 0px 0px 0px;\npadding:0px 0px 0px 0px;\n}\n<\/style>\n<div  class='flex_column av-av_four_fifth-6126cab7d8fab8d08143dd2dacdf673c av_four_fifth  avia-builder-el-21  el_after_av_one_half  avia-builder-el-last  first flex_column_div av-zero-column-padding  column-top-margin'     ><\/div>\n","protected":false},"excerpt":{"rendered":"","protected":false},"author":1,"featured_media":0,"parent":0,"menu_order":0,"comment_status":"closed","ping_status":"closed","template":"","meta":{"footnotes":""},"class_list":["post-2786","page","type-page","status-publish","hentry"],"_links":{"self":[{"href":"https:\/\/scanico.com\/fr\/wp-json\/wp\/v2\/pages\/2786","targetHints":{"allow":["GET"]}}],"collection":[{"href":"https:\/\/scanico.com\/fr\/wp-json\/wp\/v2\/pages"}],"about":[{"href":"https:\/\/scanico.com\/fr\/wp-json\/wp\/v2\/types\/page"}],"author":[{"embeddable":true,"href":"https:\/\/scanico.com\/fr\/wp-json\/wp\/v2\/users\/1"}],"replies":[{"embeddable":true,"href":"https:\/\/scanico.com\/fr\/wp-json\/wp\/v2\/comments?post=2786"}],"version-history":[{"count":5,"href":"https:\/\/scanico.com\/fr\/wp-json\/wp\/v2\/pages\/2786\/revisions"}],"predecessor-version":[{"id":6824,"href":"https:\/\/scanico.com\/fr\/wp-json\/wp\/v2\/pages\/2786\/revisions\/6824"}],"wp:attachment":[{"href":"https:\/\/scanico.com\/fr\/wp-json\/wp\/v2\/media?parent=2786"}],"curies":[{"name":"wp","href":"https:\/\/api.w.org\/{rel}","templated":true}]}}