{"id":2782,"date":"2018-06-18T08:33:32","date_gmt":"2018-06-18T07:33:32","guid":{"rendered":"http:\/\/sandbox.scanico.com\/accessoires\/"},"modified":"2019-01-29T17:19:42","modified_gmt":"2019-01-29T16:19:42","slug":"accessoires","status":"publish","type":"page","link":"https:\/\/scanico.com\/fr\/nos-produits\/accessoires\/","title":{"rendered":"Accessoires"},"content":{"rendered":"<div  class='flex_column av-av_one_full-2a9015ff38129c418a3f2eafba3e9512 av_one_full  avia-builder-el-0  el_before_av_one_half  avia-builder-el-first  first flex_column_div  '     ><p>\n<style type=\"text\/css\" data-created_by=\"avia_inline_auto\" id=\"style-css-av-av_heading-4d51c49fc898102111ed671a66086fce\">\n#top .av-special-heading.av-av_heading-4d51c49fc898102111ed671a66086fce{\npadding-bottom:0;\n}\nbody .av-special-heading.av-av_heading-4d51c49fc898102111ed671a66086fce .av-special-heading-tag .heading-char{\nfont-size:25px;\n}\n.av-special-heading.av-av_heading-4d51c49fc898102111ed671a66086fce .av-subheading{\nfont-size:15px;\n}\n<\/style>\n<div  class='av-special-heading av-av_heading-4d51c49fc898102111ed671a66086fce av-special-heading-h2 blockquote modern-quote  avia-builder-el-1  el_before_av_hr  avia-builder-el-first '><h2 class='av-special-heading-tag '  itemprop=\"headline\"  >Accessoires<\/h2><div class=\"special-heading-border\"><div class=\"special-heading-inner-border\"><\/div><\/div><\/div><br \/>\n\n<style type=\"text\/css\" data-created_by=\"avia_inline_auto\" id=\"style-css-av-av_hr-e4afb54f23ef18eb2242ace6874f1bc1\">\n#top .hr.av-av_hr-e4afb54f23ef18eb2242ace6874f1bc1{\nmargin-top:10px;\nmargin-bottom:0;\n}\n.hr.av-av_hr-e4afb54f23ef18eb2242ace6874f1bc1 .hr-inner{\nwidth:50px;\nborder-color:#258b8f;\n}\n<\/style>\n<div  class='hr av-av_hr-e4afb54f23ef18eb2242ace6874f1bc1 hr-custom  avia-builder-el-2  el_after_av_heading  avia-builder-el-last  hr-left hr-icon-no'><span class='hr-inner inner-border-av-border-fat'><span class=\"hr-inner-style\"><\/span><\/span><\/div><\/p><\/div>\n\n<style type=\"text\/css\" data-created_by=\"avia_inline_auto\" id=\"style-css-av-av_one_half-d71a51a707c4656b37c9afbbd6138215\">\n.flex_column.av-av_one_half-d71a51a707c4656b37c9afbbd6138215{\nborder-radius:0px 0px 0px 0px;\npadding:0px 0px 0px 0px;\n}\n<\/style>\n<div  class='flex_column av-av_one_half-d71a51a707c4656b37c9afbbd6138215 av_one_half  avia-builder-el-3  el_after_av_one_full  el_before_av_one_half  first flex_column_div av-animated-generic bottom-to-top av-zero-column-padding  column-top-margin'     ><section  class='av_textblock_section av-joyf7rpt-b1eec381eff751e6d210baa4dccdab62 '   itemscope=\"itemscope\" itemtype=\"https:\/\/schema.org\/CreativeWork\" ><div class='avia_textblock'  itemprop=\"text\" ><p>Les options de syst\u00e8me de nettoyage en place (NEP) \u00e0 l\u2019eau sont efficaces et \u00e9conomes et les diff\u00e9rents types de nettoyeurs de tapis garantissent un nettoyage facile, efficace et \u00e9conomique.<\/p>\n<p>Ci-dessous, une liste des accessoires qui peuvent \u00eatre int\u00e9gr\u00e9s \u00e0 nos syst\u00e8mes, vous fournissant ainsi une solution sur mesure pour r\u00e9pondre \u00e0 vos besoins:<\/p>\n<\/div><\/section><\/div>\n\n<style type=\"text\/css\" data-created_by=\"avia_inline_auto\" id=\"style-css-av-av_one_half-93bea18e2ccb60552a17080633244dec\">\n.flex_column.av-av_one_half-93bea18e2ccb60552a17080633244dec{\nborder-radius:0px 0px 0px 0px;\npadding:0px 0px 0px 0px;\n}\n<\/style>\n<div  class='flex_column av-av_one_half-93bea18e2ccb60552a17080633244dec av_one_half  avia-builder-el-5  el_after_av_one_half  el_before_av_one_half  flex_column_div av-animated-generic bottom-to-top av-zero-column-padding  column-top-margin'     ><style type=\"text\/css\" data-created_by=\"avia_inline_auto\" id=\"style-css-av-av_image-ffb6f5b4d70a990407982da611b35481\">\n.avia-image-container.av-av_image-ffb6f5b4d70a990407982da611b35481 img.avia_image{\nbox-shadow:none;\n}\n.avia-image-container.av-av_image-ffb6f5b4d70a990407982da611b35481 .av-image-caption-overlay-center{\ncolor:#ffffff;\n}\n<\/style>\n<div  class='avia-image-container av-av_image-ffb6f5b4d70a990407982da611b35481 av-styling- avia-align-center  avia-builder-el-6  avia-builder-el-no-sibling '   itemprop=\"image\" itemscope=\"itemscope\" itemtype=\"https:\/\/schema.org\/ImageObject\" ><div class=\"avia-image-container-inner\"><div class=\"avia-image-overlay-wrap\"><img decoding=\"async\" fetchpriority=\"high\" class='wp-image-2703 avia-img-lazy-loading-not-2703 avia_image ' src=\"https:\/\/scanico.com\/wp-content\/uploads\/2017\/05\/Scanico-belt-cleaning-300x186.jpg\" alt='' title='Scanico Belt Cleaning'  height=\"186\" width=\"300\"  itemprop=\"thumbnailUrl\" srcset=\"https:\/\/scanico.com\/wp-content\/uploads\/2017\/05\/Scanico-belt-cleaning-300x186.jpg 300w, https:\/\/scanico.com\/wp-content\/uploads\/2017\/05\/Scanico-belt-cleaning.jpg 365w\" sizes=\"(max-width: 300px) 100vw, 300px\" \/><\/div><\/div><\/div><\/div>\n\n<style type=\"text\/css\" data-created_by=\"avia_inline_auto\" id=\"style-css-av-av_one_half-9e4d7cb42ab75ccdd51b4addf8e313d1\">\n.flex_column.av-av_one_half-9e4d7cb42ab75ccdd51b4addf8e313d1{\nborder-radius:0px 0px 0px 0px;\npadding:10px 10px 10px 10px;\nbackground-color:#258b8f;\n}\n<\/style>\n<div  class='flex_column av-av_one_half-9e4d7cb42ab75ccdd51b4addf8e313d1 av_one_half  avia-builder-el-7  el_after_av_one_half  el_before_av_one_half  first flex_column_div  column-top-margin'     ><style type=\"text\/css\" data-created_by=\"avia_inline_auto\" id=\"style-css-av-joyfcp6u-4cefd32e31c6179e475f9efa6a0c9e58\">\n#top .av_textblock_section.av-joyfcp6u-4cefd32e31c6179e475f9efa6a0c9e58 .avia_textblock{\ncolor:#f8f8f8;\n}\n<\/style>\n<section  class='av_textblock_section av-joyfcp6u-4cefd32e31c6179e475f9efa6a0c9e58 '   itemscope=\"itemscope\" itemtype=\"https:\/\/schema.org\/CreativeWork\" ><div class='avia_textblock av_inherit_color'  itemprop=\"text\" ><ul>\n<li>Syst\u00e8me de nettoyage CIP<\/li>\n<li>Unit\u00e9 de nettoyeur de tapis<\/li>\n<li>Unit\u00e9 de gla\u00e7age<\/li>\n<li>Convoyeur d&rsquo;alimentation\/de sortie<\/li>\n<li>Syst\u00e8me de chargement produit<\/li>\n<li>Chargeur de p\u00e2tons (courbe)<\/li>\n<li>D\u00e9cong\u00e9lation s\u00e9quentielle<\/li>\n<li>Logement et plancher en acier inoxydable enti\u00e8rement soud\u00e9<\/li>\n<\/ul>\n<\/div><\/section><\/div>\n\n<style type=\"text\/css\" data-created_by=\"avia_inline_auto\" id=\"style-css-av-av_one_half-0aa7055fe62c3622faec82866afbaeb2\">\n.flex_column.av-av_one_half-0aa7055fe62c3622faec82866afbaeb2{\nborder-radius:0px 0px 0px 0px;\npadding:0px 0px 0px 0px;\n}\n<\/style>\n<div  class='flex_column av-av_one_half-0aa7055fe62c3622faec82866afbaeb2 av_one_half  avia-builder-el-9  el_after_av_one_half  avia-builder-el-last  flex_column_div av-zero-column-padding  column-top-margin'     ><section  class='av_textblock_section av-jrhyw8fp-a41cbf5b9ad31aac9d6c253495c28636 '   itemscope=\"itemscope\" itemtype=\"https:\/\/schema.org\/CreativeWork\" ><div class='avia_textblock'  itemprop=\"text\" ><p class=\"bodytext\">Merci de prendre contact avec le <a href=\"https:\/\/scanico.com\/fr\/contact\/ventes\/\"><strong>D\u00e9partement Ventes<\/strong><\/a> pour une solution parfaitement adapt\u00e9e \u00e0 vos besoins.<\/p>\n<\/div><\/section><\/div>\n","protected":false},"excerpt":{"rendered":"","protected":false},"author":1,"featured_media":0,"parent":2862,"menu_order":12,"comment_status":"closed","ping_status":"closed","template":"","meta":{"footnotes":""},"class_list":["post-2782","page","type-page","status-publish","hentry"],"_links":{"self":[{"href":"https:\/\/scanico.com\/fr\/wp-json\/wp\/v2\/pages\/2782","targetHints":{"allow":["GET"]}}],"collection":[{"href":"https:\/\/scanico.com\/fr\/wp-json\/wp\/v2\/pages"}],"about":[{"href":"https:\/\/scanico.com\/fr\/wp-json\/wp\/v2\/types\/page"}],"author":[{"embeddable":true,"href":"https:\/\/scanico.com\/fr\/wp-json\/wp\/v2\/users\/1"}],"replies":[{"embeddable":true,"href":"https:\/\/scanico.com\/fr\/wp-json\/wp\/v2\/comments?post=2782"}],"version-history":[{"count":5,"href":"https:\/\/scanico.com\/fr\/wp-json\/wp\/v2\/pages\/2782\/revisions"}],"predecessor-version":[{"id":4020,"href":"https:\/\/scanico.com\/fr\/wp-json\/wp\/v2\/pages\/2782\/revisions\/4020"}],"up":[{"embeddable":true,"href":"https:\/\/scanico.com\/fr\/wp-json\/wp\/v2\/pages\/2862"}],"wp:attachment":[{"href":"https:\/\/scanico.com\/fr\/wp-json\/wp\/v2\/media?parent=2782"}],"curies":[{"name":"wp","href":"https:\/\/api.w.org\/{rel}","templated":true}]}}