{"id":2762,"date":"2018-04-30T14:30:02","date_gmt":"2018-04-30T13:30:02","guid":{"rendered":"http:\/\/sandbox.scanico.com\/__\/"},"modified":"2026-04-16T09:52:28","modified_gmt":"2026-04-16T08:52:28","slug":"carriere","status":"publish","type":"page","link":"https:\/\/scanico.com\/fr\/carriere\/","title":{"rendered":"Carri\u00e8re"},"content":{"rendered":"\n<style type=\"text\/css\" data-created_by=\"avia_inline_auto\" id=\"style-css-av-9okwzl-705188a53601884490c801bee759bc6e\">\n.flex_column.av-9okwzl-705188a53601884490c801bee759bc6e{\nborder-radius:0px 0px 0px 0px;\npadding:0px 0px 0px 0px;\n}\n<\/style>\n<div  class='flex_column av-9okwzl-705188a53601884490c801bee759bc6e av_one_full  avia-builder-el-0  el_before_av_one_half  avia-builder-el-first  first flex_column_div av-zero-column-padding  '     ><p>\n<style type=\"text\/css\" data-created_by=\"avia_inline_auto\" id=\"style-css-av-7otbq9-929c5b481fe35b1e22e626ec0ad1eb37\">\n#top .av-special-heading.av-7otbq9-929c5b481fe35b1e22e626ec0ad1eb37{\npadding-bottom:0;\n}\nbody .av-special-heading.av-7otbq9-929c5b481fe35b1e22e626ec0ad1eb37 .av-special-heading-tag .heading-char{\nfont-size:25px;\n}\n.av-special-heading.av-7otbq9-929c5b481fe35b1e22e626ec0ad1eb37 .av-subheading{\nfont-size:15px;\n}\n<\/style>\n<div  class='av-special-heading av-7otbq9-929c5b481fe35b1e22e626ec0ad1eb37 av-special-heading-h1 blockquote modern-quote modern-centered  avia-builder-el-1  el_before_av_hr  avia-builder-el-first '><h1 class='av-special-heading-tag '  itemprop=\"headline\"  >Carri\u00e8re<\/h1><div class=\"special-heading-border\"><div class=\"special-heading-inner-border\"><\/div><\/div><\/div><br \/>\n\n<style type=\"text\/css\" data-created_by=\"avia_inline_auto\" id=\"style-css-av-5g8b01-f32c0bf55291952e768cdbcb1e5c477c\">\n#top .hr.av-5g8b01-f32c0bf55291952e768cdbcb1e5c477c{\nmargin-top:10px;\nmargin-bottom:10px;\n}\n.hr.av-5g8b01-f32c0bf55291952e768cdbcb1e5c477c .hr-inner{\nwidth:50px;\nborder-color:#f05a3f;\n}\n<\/style>\n<div  class='hr av-5g8b01-f32c0bf55291952e768cdbcb1e5c477c hr-custom  avia-builder-el-2  el_after_av_heading  avia-builder-el-last  hr-center hr-icon-no'><span class='hr-inner inner-border-av-border-fat'><span class=\"hr-inner-style\"><\/span><\/span><\/div><\/p><\/div>\n<div  class='flex_column av-av_one_half-2d22dc0500e159f2b39fe7a147caf14c av_one_half  avia-builder-el-3  el_after_av_one_full  el_before_av_one_half  first flex_column_div  column-top-margin'     ><section  class='av_textblock_section av-4t36pt-223253f15736298b99c0a04756d544f2 '   itemscope=\"itemscope\" itemtype=\"https:\/\/schema.org\/CreativeWork\" ><div class='avia_textblock'  itemprop=\"text\" ><p>Chez Scanico A\/S, notre \u00e9quipe de professionnels con\u00e7oit, d\u00e9veloppe et fabrique des syst\u00e8mes de cong\u00e9lation de haute qualit\u00e9.<\/p>\n<p>Pour en savoir plus sur vos perspectives de carri\u00e8re chez Scanico, contactez notre partenaire RH :<\/p>\n<p><strong>Helle Uldbjerg\u00a0<\/strong><\/p>\n<p><a href=\"tel:+4521821559\">\n<style type=\"text\/css\" data-created_by=\"avia_inline_auto\" id=\"style-css-av-12klkn-ae7f4ad7d2a4452b2e90beb646aa1c91\">\n.av_font_icon.av-12klkn-ae7f4ad7d2a4452b2e90beb646aa1c91 .av-icon-char{\nfont-size:20px;\nline-height:20px;\n}\n<\/style>\n<span  class='av_font_icon av-12klkn-ae7f4ad7d2a4452b2e90beb646aa1c91 avia_animate_when_visible av-icon-style- avia-icon-pos-left avia-iconfont avia-font-entypo-fontello av-no-color avia-icon-animate'><span class='av-icon-char' data-av_icon='\ue8ac' data-av_iconfont='entypo-fontello' aria-hidden=\"true\" ><\/span><\/span> +45 21 82 15 59\u00a0<\/a><\/p>\n<\/div><\/section><\/div>\n\n<style type=\"text\/css\" data-created_by=\"avia_inline_auto\" id=\"style-css-av-mfpcyngl-28e8ead62bc5a7395007a8ce9458c21d\">\n.flex_column.av-mfpcyngl-28e8ead62bc5a7395007a8ce9458c21d{\npadding:20px 20px 20px 20px;\nbackground-color:#8b99a7;\n}\n<\/style>\n<div  class='flex_column av-mfpcyngl-28e8ead62bc5a7395007a8ce9458c21d av_one_half  avia-builder-el-6  el_after_av_one_half  el_before_av_one_full  flex_column_div  column-top-margin'     ><p>\n<style type=\"text\/css\" data-created_by=\"avia_inline_auto\" id=\"style-css-av-mhdcqcry-c0a5b36ba942803cfea9b2cda09ab07a\">\n#top .av-special-heading.av-mhdcqcry-c0a5b36ba942803cfea9b2cda09ab07a{\npadding-bottom:5px;\ncolor:#f8f8f8;\n}\nbody .av-special-heading.av-mhdcqcry-c0a5b36ba942803cfea9b2cda09ab07a .av-special-heading-tag .heading-char{\nfont-size:25px;\n}\n.av-special-heading.av-mhdcqcry-c0a5b36ba942803cfea9b2cda09ab07a .special-heading-inner-border{\nborder-color:#f8f8f8;\n}\n.av-special-heading.av-mhdcqcry-c0a5b36ba942803cfea9b2cda09ab07a .av-subheading{\nfont-size:15px;\n}\n<\/style>\n<div  class='av-special-heading av-mhdcqcry-c0a5b36ba942803cfea9b2cda09ab07a av-special-heading-h3 custom-color-heading blockquote modern-quote  avia-builder-el-7  el_before_av_hr  avia-builder-el-first '><h3 class='av-special-heading-tag '  itemprop=\"headline\"  >Postes \u00e0 pourvoir chez Scanico <\/h3><div class=\"special-heading-border\"><div class=\"special-heading-inner-border\"><\/div><\/div><\/div><br \/>\n\n<style type=\"text\/css\" data-created_by=\"avia_inline_auto\" id=\"style-css-av-mhdcoj1l-a31a33d195de3b0c352d3d745e0c1c29\">\n#top .hr.av-mhdcoj1l-a31a33d195de3b0c352d3d745e0c1c29{\nmargin-top:10px;\nmargin-bottom:10px;\n}\n.hr.av-mhdcoj1l-a31a33d195de3b0c352d3d745e0c1c29 .hr-inner{\nwidth:50px;\nborder-color:#f05a3f;\n}\n<\/style>\n<div  class='hr av-mhdcoj1l-a31a33d195de3b0c352d3d745e0c1c29 hr-custom  avia-builder-el-8  el_after_av_heading  el_before_av_textblock  hr-left hr-icon-no'><span class='hr-inner inner-border-av-border-fat'><span class=\"hr-inner-style\"><\/span><\/span><\/div><br \/>\n\n<style type=\"text\/css\" data-created_by=\"avia_inline_auto\" id=\"style-css-av-m6hnfk3y-a73d6ca6c5d93bf97cf1135075ea6989\">\n#top .av_textblock_section.av-m6hnfk3y-a73d6ca6c5d93bf97cf1135075ea6989 .avia_textblock{\ncolor:#f8f8f8;\n}\n<\/style>\n<section  class='av_textblock_section av-m6hnfk3y-a73d6ca6c5d93bf97cf1135075ea6989 '   itemscope=\"itemscope\" itemtype=\"https:\/\/schema.org\/CreativeWork\" ><div class='avia_textblock av_inherit_color'  itemprop=\"text\" ><p><code><\/code><\/p>\n<p>Pour le moment nous recherchons:<strong>\u00a0<\/strong><strong>\u00a0<\/strong><strong>\u00a0\u00a0<\/strong><\/p>\n<ul>\n<li><a href=\"https:\/\/www.jobindex.dk\/vis-job\/h1646592\" target=\"_blank\" rel=\"noopener\"><strong>Head of Engineering <\/strong><\/a><\/li>\n<li><a href=\"https:\/\/www.jobindex.dk\/vis-job\/h1655493\" target=\"_blank\" rel=\"noopener\"><strong>Mechanical Engineer til Innovation<\/strong><\/a><\/li>\n<li><strong><a href=\"https:\/\/www.jobindex.dk\/vis-job\/h1644412\" target=\"_blank\" rel=\"noopener\">Teamleder &#8211; Automation<\/a> \u00a0<\/strong><\/li>\n<li><a href=\"https:\/\/www.jobindex.dk\/vis-job\/h1650457\" target=\"_blank\" rel=\"noopener\"><strong>Procurement Manager<\/strong><\/a><\/li>\n<\/ul>\n<p>Le lien ci-dessus ouvrira un nouvel onglet avec une description compl\u00e8te du poste en danois et un lien pour postuler.<\/p>\n<\/div><\/section><\/p><\/div><div  class='flex_column av-av_one_full-2d22dc0500e159f2b39fe7a147caf14c av_one_full  avia-builder-el-10  el_after_av_one_half  el_before_av_hr  first flex_column_div  column-top-margin'     ><section  class='av_textblock_section av-mfpd7mqi-a36a58fc75baf10987c1a797cd9d98f1 '   itemscope=\"itemscope\" itemtype=\"https:\/\/schema.org\/CreativeWork\" ><div class='avia_textblock'  itemprop=\"text\" ><p><strong>Candidatures spontan\u00e9es<\/strong><\/p>\n<p>Veuillez envoyer vos candidatures spontan\u00e9es \u00e0\u00a0: <a href=\"mailto:job@scanico.com\">job@scanico.com<\/a>.<\/p>\n<p>Les CV et candidatures envoy\u00e9s \u00e0 d&rsquo;autres adresses seront supprim\u00e9s d\u00e8s r\u00e9ception.<\/p>\n<p>En soumettant votre candidature, vous nous autorisez \u00e0 traiter vos donn\u00e9es personnelles uniquement \u00e0 des fins de recrutement. Pour plus de d\u00e9tails sur la mani\u00e8re dont nous traitons vos donn\u00e9es conform\u00e9ment au RGPD, veuillez consulter ci-dessous.<\/p>\n<\/div><\/section><\/div>\n\n<style type=\"text\/css\" data-created_by=\"avia_inline_auto\" id=\"style-css-av-av_hr-477f233fffdfbbb735b8ab0883b7903a\">\n#top .hr.av-av_hr-477f233fffdfbbb735b8ab0883b7903a{\nmargin-top:10px;\nmargin-bottom:10px;\n}\n.hr.av-av_hr-477f233fffdfbbb735b8ab0883b7903a .hr-inner{\nwidth:50px;\nborder-color:#f05a3f;\n}\n<\/style>\n<div  class='hr av-av_hr-477f233fffdfbbb735b8ab0883b7903a hr-custom  avia-builder-el-12  el_after_av_one_full  el_before_av_one_full  hr-center hr-icon-no'><span class='hr-inner inner-border-av-border-fat'><span class=\"hr-inner-style\"><\/span><\/span><\/div>\n<div  class='flex_column av-av_one_full-2d22dc0500e159f2b39fe7a147caf14c av_one_full  avia-builder-el-13  el_after_av_hr  avia-builder-el-last  first flex_column_div  '     ><section  class='av_textblock_section av-mfpddbbr-edde98044a8a6859f8ed78144eecc31a '   itemscope=\"itemscope\" itemtype=\"https:\/\/schema.org\/CreativeWork\" ><div class='avia_textblock'  itemprop=\"text\" ><p><strong>Traitement des candidatures<\/strong><\/p>\n<p>Lorsque vous postulez \u00e0 un emploi chez Scanico, nous traitons vos donn\u00e9es personnelles conform\u00e9ment au R\u00e8glement g\u00e9n\u00e9ral sur la protection des donn\u00e9es (RGPD) et \u00e0 la loi danoise sur la protection des donn\u00e9es.<\/p>\n<p><strong>Objectif<\/strong><\/p>\n<p>Vos informations seront utilis\u00e9es uniquement pour \u00e9valuer votre candidature et toute candidature potentielle.<\/p>\n<p><strong>Conservation des candidatures<\/strong><\/p>\n<p>Toutes les candidatures des candidats non retenus seront supprim\u00e9es une fois le processus de recrutement termin\u00e9.<\/p>\n<p>Si un candidat prometteur n&rsquo;est pas retenu pour un poste, nous pouvons demander un consentement \u00e9crit pour conserver sa candidature pendant une dur\u00e9e maximale de 12 mois.<\/p>\n<p><strong>Conservation des candidatures spontan\u00e9es<\/strong><\/p>\n<p>Si votre candidature n&rsquo;est pas retenue, votre candidature sera supprim\u00e9e imm\u00e9diatement apr\u00e8s r\u00e9ception de notre r\u00e9ponse.<\/p>\n<p>Si vous souhaitez que nous conservions votre candidature pendant une dur\u00e9e maximale de 6 mois pour de futures opportunit\u00e9s de carri\u00e8re, veuillez inclure la mention suivante dans votre e-mail\u00a0: \u00ab\u00a0J&rsquo;autorise Scanico \u00e0 conserver ma candidature pendant une dur\u00e9e maximale de 6 mois.\u00a0\u00bb<\/p>\n<p>Si vous n&rsquo;avez pas encore consenti \u00e0 la conservation de votre candidature et que nous consid\u00e9rons votre profil pertinent pour de futurs postes, nous vous demanderons votre consentement \u00e9crit pour la conserver pendant une p\u00e9riode maximale de 6 mois. Pass\u00e9 ce d\u00e9lai, elle sera d\u00e9finitivement supprim\u00e9e.<\/p>\n<p><strong>Consentement<\/strong><\/p>\n<p>Votre consentement \u00e0 la conservation de votre candidature n&rsquo;est pas requis pour \u00eatre retenu pour un poste. <strong>Toutes les candidatures seront \u00e9valu\u00e9es avec soin.<\/strong><\/p>\n<p><strong>Vos droits<\/strong><\/p>\n<p>Vous avez le droit d&rsquo;acc\u00e9der aux donn\u00e9es que nous d\u00e9tenons vous concernant, de faire rectifier les donn\u00e9es inexactes et de les faire supprimer.<\/p>\n<p><strong>Contact<\/strong><\/p>\n<p>Pour toute question concernant le traitement des candidatures et des donn\u00e9es personnelles, veuillez nous contacter par e-mail\u00a0: <a href=\"mailto:job@scanico.com\">job@scanico.com<\/a>.<\/p>\n<\/div><\/section><\/div>\n","protected":false},"excerpt":{"rendered":"","protected":false},"author":3,"featured_media":0,"parent":0,"menu_order":0,"comment_status":"closed","ping_status":"closed","template":"","meta":{"footnotes":""},"class_list":["post-2762","page","type-page","status-publish","hentry"],"_links":{"self":[{"href":"https:\/\/scanico.com\/fr\/wp-json\/wp\/v2\/pages\/2762","targetHints":{"allow":["GET"]}}],"collection":[{"href":"https:\/\/scanico.com\/fr\/wp-json\/wp\/v2\/pages"}],"about":[{"href":"https:\/\/scanico.com\/fr\/wp-json\/wp\/v2\/types\/page"}],"author":[{"embeddable":true,"href":"https:\/\/scanico.com\/fr\/wp-json\/wp\/v2\/users\/3"}],"replies":[{"embeddable":true,"href":"https:\/\/scanico.com\/fr\/wp-json\/wp\/v2\/comments?post=2762"}],"version-history":[{"count":46,"href":"https:\/\/scanico.com\/fr\/wp-json\/wp\/v2\/pages\/2762\/revisions"}],"predecessor-version":[{"id":7350,"href":"https:\/\/scanico.com\/fr\/wp-json\/wp\/v2\/pages\/2762\/revisions\/7350"}],"wp:attachment":[{"href":"https:\/\/scanico.com\/fr\/wp-json\/wp\/v2\/media?parent=2762"}],"curies":[{"name":"wp","href":"https:\/\/api.w.org\/{rel}","templated":true}]}}