{"id":3414,"date":"2018-11-27T09:42:54","date_gmt":"2018-11-27T08:42:54","guid":{"rendered":"http:\/\/sandbox.scanico.com\/nuestros-productos\/congeladores-de-prueba\/"},"modified":"2019-01-29T17:23:29","modified_gmt":"2019-01-29T16:23:29","slug":"congeladores-de-prueba","status":"publish","type":"page","link":"https:\/\/scanico.com\/es\/nuestros-productos\/congeladores-de-prueba\/","title":{"rendered":"Congeladores de prueba"},"content":{"rendered":"<div  class='flex_column av-5rmna-2d033e9ae8160d7612000e5be0840abd av_one_full  avia-builder-el-0  el_before_av_one_half  avia-builder-el-first  first flex_column_div  '     ><p>\n<style type=\"text\/css\" data-created_by=\"avia_inline_auto\" id=\"style-css-av-1gh31y-262a7070098bccd6ce43a2cbc58252f5\">\n#top .av-special-heading.av-1gh31y-262a7070098bccd6ce43a2cbc58252f5{\npadding-bottom:0;\n}\nbody .av-special-heading.av-1gh31y-262a7070098bccd6ce43a2cbc58252f5 .av-special-heading-tag .heading-char{\nfont-size:25px;\n}\n.av-special-heading.av-1gh31y-262a7070098bccd6ce43a2cbc58252f5 .av-subheading{\nfont-size:15px;\n}\n<\/style>\n<div  class='av-special-heading av-1gh31y-262a7070098bccd6ce43a2cbc58252f5 av-special-heading-h2 blockquote modern-quote  avia-builder-el-1  el_before_av_hr  avia-builder-el-first '><h2 class='av-special-heading-tag '  itemprop=\"headline\"  >Congeladores de prueba<\/h2><div class=\"special-heading-border\"><div class=\"special-heading-inner-border\"><\/div><\/div><\/div><br \/>\n\n<style type=\"text\/css\" data-created_by=\"avia_inline_auto\" id=\"style-css-av-18h6uu-3cde10fda01f2dc65f1e1a118ccab1f9\">\n#top .hr.av-18h6uu-3cde10fda01f2dc65f1e1a118ccab1f9{\nmargin-top:10px;\nmargin-bottom:10px;\n}\n.hr.av-18h6uu-3cde10fda01f2dc65f1e1a118ccab1f9 .hr-inner{\nwidth:50px;\nborder-color:#258b8f;\n}\n<\/style>\n<div  class='hr av-18h6uu-3cde10fda01f2dc65f1e1a118ccab1f9 hr-custom  avia-builder-el-2  el_after_av_heading  avia-builder-el-last  hr-left hr-icon-no'><span class='hr-inner inner-border-av-border-fat'><span class=\"hr-inner-style\"><\/span><\/span><\/div><\/p><\/div>\n\n<style type=\"text\/css\" data-created_by=\"avia_inline_auto\" id=\"style-css-av-dt0u-6921638db72148d6be4b91dbb9a1e361\">\n.flex_column.av-dt0u-6921638db72148d6be4b91dbb9a1e361{\nborder-radius:0px 0px 0px 0px;\npadding:0px 0px 0px 0px;\n}\n<\/style>\n<div  class='flex_column av-dt0u-6921638db72148d6be4b91dbb9a1e361 av_one_half  avia-builder-el-3  el_after_av_one_full  el_before_av_one_half  first flex_column_div av-animated-generic bottom-to-top av-zero-column-padding  column-top-margin'     ><section  class='av_textblock_section av-wzyba-b6297139b85f42508a864b91203aa635 '   itemscope=\"itemscope\" itemtype=\"https:\/\/schema.org\/CreativeWork\" ><div class='avia_textblock'  itemprop=\"text\" ><p>Tenemos unidades de prueba que le permitir\u00e1n comprobar la tecnolog\u00eda de su producto en su emplazamiento de producci\u00f3n, de modo que podr\u00e1 confirmar por s\u00ed mismo la rentabilidad de la inversi\u00f3n.<\/p>\n<p class=\"bodytext\">Si le interesa probar uno de nuestros congeladores Scanico en su planta de producci\u00f3n o desea obtener m\u00e1s informaci\u00f3n sobre nuestras soluciones de congelaci\u00f3n personalizadas, consulte a nuestro <strong><a href=\"https:\/\/scanico.com\/es\/contacto\/ventas\/\">Departamento de ventas<\/a><\/strong>.<\/p>\n<\/div><\/section><\/div>\n<style type=\"text\/css\" data-created_by=\"avia_inline_auto\" id=\"style-css-av-r27va-b666a93207a9e565b5605284fbee5525\">\n.flex_column.av-r27va-b666a93207a9e565b5605284fbee5525{\nborder-radius:0px 0px 0px 0px;\npadding:0px 0px 0px 0px;\n}\n<\/style>\n<div  class='flex_column av-r27va-b666a93207a9e565b5605284fbee5525 av_one_half  avia-builder-el-5  el_after_av_one_half  el_before_av_one_full  flex_column_div av-animated-generic bottom-to-top av-zero-column-padding  column-top-margin'     ><div  class='av-hotspot-image-container av-kaev2-5e06e4fb25f03cfd4934abe16250c0cc  avia-builder-el-6  avia-builder-el-no-sibling  av-hotspot-numbered av-mobile-fallback-active  av-non-fullwidth-hotspot-image'  itemprop=\"image\" itemscope=\"itemscope\" itemtype=\"https:\/\/schema.org\/ImageObject\" ><div class='av-hotspot-container'><div class='av-hotspot-container-inner-cell'><div class='av-hotspot-container-inner-wrap'><img decoding=\"async\" fetchpriority=\"high\" class='wp-image-2468 avia-img-lazy-loading-not-2468 avia_image' src=\"https:\/\/scanico.com\/wp-content\/uploads\/2015\/10\/Impingement-systems-300x164.jpg\" alt='' title='Scanico TwinImp Freezer'  height=\"164\" width=\"300\"  itemprop=\"thumbnailUrl\" srcset=\"https:\/\/scanico.com\/wp-content\/uploads\/2015\/10\/Impingement-systems-300x164.jpg 300w, https:\/\/scanico.com\/wp-content\/uploads\/2015\/10\/Impingement-systems.jpg 365w\" sizes=\"(max-width: 300px) 100vw, 300px\" \/><\/div><\/div><\/div><\/div><\/div>\n\n<style type=\"text\/css\" data-created_by=\"avia_inline_auto\" id=\"style-css-av-fi8k6-f704896f6c9f0cb28f702418bef9b234\">\n.flex_column.av-fi8k6-f704896f6c9f0cb28f702418bef9b234{\nborder-width:1px;\nborder-color:#e1e1e1;\nborder-style:solid;\nborder-radius:0px 0px 0px 0px;\npadding:20px 20px 20px 20px;\nbackground-color:#fcfcfc;\n}\n<\/style>\n<div  class='flex_column av-fi8k6-f704896f6c9f0cb28f702418bef9b234 av_one_full  avia-builder-el-7  el_after_av_one_half  avia-builder-el-last  first flex_column_div av-animated-generic bottom-to-top  column-top-margin'     ><section  class='av_textblock_section av-6que6-36479e62cc1de9f8821f8d2f0903b5cb '   itemscope=\"itemscope\" itemtype=\"https:\/\/schema.org\/CreativeWork\" ><div class='avia_textblock'  itemprop=\"text\" ><div class=\"csc-header csc-header-n2\">\n<h4>Centro de pruebas de congeladores<\/h4>\n<\/div>\n<p><!-- Header: &#091;end&#093; --> <!-- Text: &#091;begin&#093; --><\/p>\n<p class=\"bodytext\">En las instalaciones de Scanico en Aalborg (Dinamarca), tambi\u00e9n tenemos una unidad de congelaci\u00f3n de prueba que nos permite probar y calcular los tiempos de congelaci\u00f3n seg\u00fan la aplicaci\u00f3n, el peso, etc.<\/p>\n<p class=\"bodytext\">\n<\/div><\/section><\/div>\n","protected":false},"excerpt":{"rendered":"","protected":false},"author":1,"featured_media":0,"parent":2863,"menu_order":11,"comment_status":"closed","ping_status":"closed","template":"","meta":{"footnotes":""},"class_list":["post-3414","page","type-page","status-publish","hentry"],"_links":{"self":[{"href":"https:\/\/scanico.com\/es\/wp-json\/wp\/v2\/pages\/3414","targetHints":{"allow":["GET"]}}],"collection":[{"href":"https:\/\/scanico.com\/es\/wp-json\/wp\/v2\/pages"}],"about":[{"href":"https:\/\/scanico.com\/es\/wp-json\/wp\/v2\/types\/page"}],"author":[{"embeddable":true,"href":"https:\/\/scanico.com\/es\/wp-json\/wp\/v2\/users\/1"}],"replies":[{"embeddable":true,"href":"https:\/\/scanico.com\/es\/wp-json\/wp\/v2\/comments?post=3414"}],"version-history":[{"count":5,"href":"https:\/\/scanico.com\/es\/wp-json\/wp\/v2\/pages\/3414\/revisions"}],"predecessor-version":[{"id":4039,"href":"https:\/\/scanico.com\/es\/wp-json\/wp\/v2\/pages\/3414\/revisions\/4039"}],"up":[{"embeddable":true,"href":"https:\/\/scanico.com\/es\/wp-json\/wp\/v2\/pages\/2863"}],"wp:attachment":[{"href":"https:\/\/scanico.com\/es\/wp-json\/wp\/v2\/media?parent=3414"}],"curies":[{"name":"wp","href":"https:\/\/api.w.org\/{rel}","templated":true}]}}