{"id":2837,"date":"2018-06-18T08:33:57","date_gmt":"2018-06-18T07:33:57","guid":{"rendered":"http:\/\/sandbox.scanico.com\/enfriador-single-drum\/"},"modified":"2018-12-12T11:46:18","modified_gmt":"2018-12-12T10:46:18","slug":"enfriador-single-drum","status":"publish","type":"page","link":"https:\/\/scanico.com\/es\/nuestros-productos\/enfriador-single-drum\/","title":{"rendered":"Enfriador Single Drum"},"content":{"rendered":"\n<style type=\"text\/css\" data-created_by=\"avia_inline_auto\" id=\"style-css-av-av_one_full-6126cab7d8fab8d08143dd2dacdf673c\">\n.flex_column.av-av_one_full-6126cab7d8fab8d08143dd2dacdf673c{\nborder-radius:0px 0px 0px 0px;\npadding:0px 0px 0px 0px;\n}\n<\/style>\n<div  class='flex_column av-av_one_full-6126cab7d8fab8d08143dd2dacdf673c av_one_full  avia-builder-el-0  el_before_av_three_fourth  avia-builder-el-first  first flex_column_div av-zero-column-padding  '     ><div  class='avia-slideshow av-av_slideshow-4d3e6f4bd49a99f6ad73a8cdbc7e63b4 avia-slideshow-featured av_slideshow avia-slide-slider  avia-builder-el-1  avia-builder-el-no-sibling  av-slideshow-ui av-control-default av-slideshow-autoplay av-loop-endless av-loop-manual-endless av-default-height-applied avia-slideshow-1' data-slideshow-options=\"{&quot;animation&quot;:&quot;slide&quot;,&quot;autoplay&quot;:true,&quot;loop_autoplay&quot;:&quot;endless&quot;,&quot;interval&quot;:5,&quot;loop_manual&quot;:&quot;manual-endless&quot;,&quot;autoplay_stopper&quot;:false,&quot;noNavigation&quot;:false,&quot;bg_slider&quot;:false,&quot;keep_padding&quot;:false,&quot;hoverpause&quot;:false,&quot;show_slide_delay&quot;:0}\"  itemprop=\"image\" itemscope=\"itemscope\" itemtype=\"https:\/\/schema.org\/ImageObject\" ><ul class='avia-slideshow-inner ' style='padding-bottom: 30.714285714286%;'><li  class='avia-slideshow-slide av-av_slideshow-4d3e6f4bd49a99f6ad73a8cdbc7e63b4__0  slide-1 slide-odd'><div data-rel='slideshow-1' class='avia-slide-wrap '  title='Scanico Spiral Freezer in production, in-feed belt 2' ><img decoding=\"async\" fetchpriority=\"high\" class=\"wp-image-2700 avia-img-lazy-loading-not-2700\"  src=\"https:\/\/scanico.com\/wp-content\/uploads\/2017\/04\/Scanico_SpiralFreezer_prod-1400x430.jpg\" width=\"1400\" height=\"430\" title='Scanico Spiral Freezer' alt=''  itemprop=\"thumbnailUrl\"   \/><\/div><\/li><li  class='avia-slideshow-slide av-av_slideshow-4d3e6f4bd49a99f6ad73a8cdbc7e63b4__1  slide-2 slide-even'><div data-rel='slideshow-1' class='avia-slide-wrap '  title='Scanico Spiral Freezer construction, drum, on site assembly' ><img decoding=\"async\" fetchpriority=\"high\" class=\"wp-image-2626 avia-img-lazy-loading-not-2626\"  src=\"https:\/\/scanico.com\/wp-content\/uploads\/2017\/04\/Scanico-spiral-construc-1400x430.jpg\" width=\"1400\" height=\"430\" title='Scanico Spiral Freezer' alt=''  itemprop=\"thumbnailUrl\"   \/><\/div><\/li><\/ul><div class='avia-slideshow-arrows avia-slideshow-controls' ><a href='#prev' class='prev-slide  avia-svg-icon avia-font-svg_entypo-fontello' data-av_svg_icon='left-open-big' data-av_iconset='svg_entypo-fontello' tabindex='-1' title=\"Anterior\"><svg version=\"1.1\" xmlns=\"http:\/\/www.w3.org\/2000\/svg\" width=\"15\" height=\"32\" viewBox=\"0 0 15 32\" preserveAspectRatio=\"xMidYMid meet\" aria-labelledby='av-svg-title-1' aria-describedby='av-svg-desc-1' role=\"graphics-symbol\" aria-hidden=\"true\">\n<title id='av-svg-title-1'>Anterior<\/title>\n<desc id='av-svg-desc-1'>Anterior<\/desc>\n<path d=\"M14.464 27.84q0.832 0.832 0 1.536-0.832 0.832-1.536 0l-12.544-12.608q-0.768-0.768 0-1.6l12.544-12.608q0.704-0.832 1.536 0 0.832 0.704 0 1.536l-11.456 11.904z\"><\/path>\n<\/svg><span class='avia_hidden_link_text'>Anterior<\/span><\/a><a href='#next' class='next-slide  avia-svg-icon avia-font-svg_entypo-fontello' data-av_svg_icon='right-open-big' data-av_iconset='svg_entypo-fontello' tabindex='-1' title=\"Posterior\"><svg version=\"1.1\" xmlns=\"http:\/\/www.w3.org\/2000\/svg\" width=\"15\" height=\"32\" viewBox=\"0 0 15 32\" preserveAspectRatio=\"xMidYMid meet\" aria-labelledby='av-svg-title-2' aria-describedby='av-svg-desc-2' role=\"graphics-symbol\" aria-hidden=\"true\">\n<title id='av-svg-title-2'>Posterior<\/title>\n<desc id='av-svg-desc-2'>Posterior<\/desc>\n<path d=\"M0.416 27.84l11.456-11.84-11.456-11.904q-0.832-0.832 0-1.536 0.832-0.832 1.536 0l12.544 12.608q0.768 0.832 0 1.6l-12.544 12.608q-0.704 0.832-1.536 0-0.832-0.704 0-1.536z\"><\/path>\n<\/svg><span class='avia_hidden_link_text'>Posterior<\/span><\/a><\/div><div class='avia-slideshow-dots avia-slideshow-controls'><a href='#1' class='goto-slide active' >1<\/a><a href='#2' class='goto-slide ' >2<\/a><\/div><\/div><\/div>\n\n<style type=\"text\/css\" data-created_by=\"avia_inline_auto\" id=\"style-css-av-av_three_fourth-6126cab7d8fab8d08143dd2dacdf673c\">\n.flex_column.av-av_three_fourth-6126cab7d8fab8d08143dd2dacdf673c{\nborder-radius:0px 0px 0px 0px;\npadding:0px 0px 0px 0px;\n}\n<\/style>\n<div  class='flex_column av-av_three_fourth-6126cab7d8fab8d08143dd2dacdf673c av_three_fourth  avia-builder-el-2  el_after_av_one_full  el_before_av_one_fourth  first flex_column_div av-zero-column-padding  column-top-margin'     ><p>\n<style type=\"text\/css\" data-created_by=\"avia_inline_auto\" id=\"style-css-av-av_heading-eeb71cadfb1a586bee100fde78b524cd\">\n#top .av-special-heading.av-av_heading-eeb71cadfb1a586bee100fde78b524cd{\npadding-bottom:0;\n}\nbody .av-special-heading.av-av_heading-eeb71cadfb1a586bee100fde78b524cd .av-special-heading-tag .heading-char{\nfont-size:25px;\n}\n.av-special-heading.av-av_heading-eeb71cadfb1a586bee100fde78b524cd .av-subheading{\nfont-size:15px;\n}\n<\/style>\n<div  class='av-special-heading av-av_heading-eeb71cadfb1a586bee100fde78b524cd av-special-heading-h2 blockquote modern-quote  avia-builder-el-3  el_before_av_hr  avia-builder-el-first '><h2 class='av-special-heading-tag '  itemprop=\"headline\"  >Enfriador Single Drum<\/h2><div class=\"special-heading-border\"><div class=\"special-heading-inner-border\"><\/div><\/div><\/div><br \/>\n\n<style type=\"text\/css\" data-created_by=\"avia_inline_auto\" id=\"style-css-av-av_hr-2d4f9671cc57d9913a2ef5d4cfec1e91\">\n#top .hr.av-av_hr-2d4f9671cc57d9913a2ef5d4cfec1e91{\nmargin-top:10px;\nmargin-bottom:10px;\n}\n.hr.av-av_hr-2d4f9671cc57d9913a2ef5d4cfec1e91 .hr-inner{\nwidth:50px;\nborder-color:#258b8f;\n}\n<\/style>\n<div  class='hr av-av_hr-2d4f9671cc57d9913a2ef5d4cfec1e91 hr-custom  avia-builder-el-4  el_after_av_heading  el_before_av_textblock  hr-left hr-icon-no'><span class='hr-inner inner-border-av-border-fat'><span class=\"hr-inner-style\"><\/span><\/span><\/div><br \/>\n<section  class='av_textblock_section av-av_textblock-0366cc7376be6c9e82a3e9cc8987b64f '   itemscope=\"itemscope\" itemtype=\"https:\/\/schema.org\/CreativeWork\" ><div class='avia_textblock'  itemprop=\"text\" ><p>Dise\u00f1ado para l\u00edneas de procesamiento medianas y de gran capacidad con ancho de correa de hasta 1500 mm, el enfriador Single Drum Spiral (SF) es adecuado para casi cualquier l\u00ednea de procesamiento. Soportes de correa extra fuertes que hacen posible transportar productos pesados que exigen un largo tiempo de retenci\u00f3n. El enfriador en espiral es la soluci\u00f3n m\u00e1s flexible en espiral y puede adaptarse a casi cualquier l\u00ednea de procesamiento.<\/p>\n<\/div><\/section><br \/>\n<div  class='togglecontainer av-av_toggle_container-8e0c6e39d39b619a829887bd54fff3ed  avia-builder-el-6  el_after_av_textblock  avia-builder-el-last  toggle_close_all' >\n<section class='av_toggle_section av-av_toggle-fae53c853689429d2021f277d07fed1c'  itemscope=\"itemscope\" itemtype=\"https:\/\/schema.org\/CreativeWork\" ><div role=\"tablist\" class=\"single_toggle\" data-tags=\"{Todo} \"  ><p id='toggle-toggle-id-1' data-fake-id='#toggle-id-1' class='toggler  av-title-above '  itemprop=\"headline\"  role='tab' tabindex='0' aria-controls='toggle-id-1' data-slide-speed=\"200\" data-title=\"Especificaciones t\u00e9cnicas\" data-title-open=\"\" data-aria_collapsed=\"Click to expand: Especificaciones t\u00e9cnicas\" data-aria_expanded=\"Click to collapse: Especificaciones t\u00e9cnicas\">Especificaciones t\u00e9cnicas<span class=\"toggle_icon\"><span class=\"vert_icon\"><\/span><span class=\"hor_icon\"><\/span><\/span><\/p><div id='toggle-id-1' aria-labelledby='toggle-toggle-id-1' role='region' class='toggle_wrap  av-title-above'  ><div class='toggle_content invers-color '  itemprop=\"text\" ><ul>\n<li>Ancho de correa de hasta 1500 mm<\/li>\n<li>Altura de producto seg\u00fan pedido<\/li>\n<li>Correa en espiral de acero o pl\u00e1stico<\/li>\n<li>Correa en espiral no apilable para carga de productos pesados<\/li>\n<li>Opcional: descongelaci\u00f3n secuencial de evaporadores<\/li>\n<\/ul>\n<\/div><\/div><\/div><\/section>\n<section class='av_toggle_section av-av_toggle-257e5c00fa2661b760cfcc92e086ff8a'  itemscope=\"itemscope\" itemtype=\"https:\/\/schema.org\/CreativeWork\" ><div role=\"tablist\" class=\"single_toggle\" data-tags=\"{Todo} \"  ><p id='toggle-toggle-id-2' data-fake-id='#toggle-id-2' class='toggler  av-title-above '  itemprop=\"headline\"  role='tab' tabindex='0' aria-controls='toggle-id-2' data-slide-speed=\"200\" data-title=\"Beneficios\" data-title-open=\"\" data-aria_collapsed=\"Click to expand: Beneficios\" data-aria_expanded=\"Click to collapse: Beneficios\">Beneficios<span class=\"toggle_icon\"><span class=\"vert_icon\"><\/span><span class=\"hor_icon\"><\/span><\/span><\/p><div id='toggle-id-2' aria-labelledby='toggle-toggle-id-2' role='region' class='toggle_wrap  av-title-above'  ><div class='toggle_content invers-color '  itemprop=\"text\" ><ul>\n<li>Se puede adaptar para casi cualquier l\u00ednea de procesamiento<\/li>\n<li>Puede funcionar con productos pesados (elevada carga de correa)<\/li>\n<li>Flujo de aire horizontal para una r\u00e1pida congelaci\u00f3n y menor deshidrataci\u00f3n del producto<\/li>\n<li>Utilizaci\u00f3n m\u00e1xima de la cinta en espiral, ya que el aire no tiene que pasar a trav\u00e9s de la correa<\/li>\n<li>Alimentaci\u00f3n de entrada y salida en la misma zona de presi\u00f3n<\/li>\n<li>Sin necesidad de calefacci\u00f3n de suelo<\/li>\n<li>Varios motores de accionamiento<\/li>\n<li>Controlado por receta para un funcionamiento sencillo<\/li>\n<li>Dise\u00f1o flexible con m\u00faltiples opciones de dise\u00f1o<\/li>\n<li>Fabricado en acero inoxidable con perfiles abiertos para facilitar la limpieza<\/li>\n<\/ul>\n<\/div><\/div><\/div><\/section>\n<section class='av_toggle_section av-av_toggle-05201b502a408b2b8fc9ecbdfcc2c274'  itemscope=\"itemscope\" itemtype=\"https:\/\/schema.org\/CreativeWork\" ><div role=\"tablist\" class=\"single_toggle\" data-tags=\"{Todo} \"  ><p id='toggle-toggle-id-3' data-fake-id='#toggle-id-3' class='toggler  av-title-above '  itemprop=\"headline\"  role='tab' tabindex='0' aria-controls='toggle-id-3' data-slide-speed=\"200\" data-title=\"M\u00e1s informaci\u00f3n\" data-title-open=\"\" data-aria_collapsed=\"Click to expand: M\u00e1s informaci\u00f3n\" data-aria_expanded=\"Click to collapse: M\u00e1s informaci\u00f3n\">M\u00e1s informaci\u00f3n<span class=\"toggle_icon\"><span class=\"vert_icon\"><\/span><span class=\"hor_icon\"><\/span><\/span><\/p><div id='toggle-id-3' aria-labelledby='toggle-toggle-id-3' role='region' class='toggle_wrap  av-title-above'  ><div class='toggle_content invers-color '  itemprop=\"text\" ><p><a href=\"https:\/\/scanico.com\/es\/contacto\/ventas\/\">Para m\u00e1s informaci\u00f3n, p\u00f3ngase en contacto con nuestro departamento de ventas. <\/a><\/p>\n<\/div><\/div><\/div><\/section>\n<\/div><\/p><\/div>\n\n<style type=\"text\/css\" data-created_by=\"avia_inline_auto\" id=\"style-css-av-av_one_fourth-0aa7055fe62c3622faec82866afbaeb2\">\n.flex_column.av-av_one_fourth-0aa7055fe62c3622faec82866afbaeb2{\nborder-radius:0px 0px 0px 0px;\npadding:0px 0px 0px 0px;\n}\n<\/style>\n<div  class='flex_column av-av_one_fourth-0aa7055fe62c3622faec82866afbaeb2 av_one_fourth  avia-builder-el-7  el_after_av_three_fourth  avia-builder-el-last  flex_column_div av-zero-column-padding  column-top-margin'     ><p>\n<style type=\"text\/css\" data-created_by=\"avia_inline_auto\" id=\"style-css-av-av_image-3952f5cb2344339ea6c0d7a637459356\">\n.avia-image-container.av-av_image-3952f5cb2344339ea6c0d7a637459356 img.avia_image{\nbox-shadow:none;\n}\n.avia-image-container.av-av_image-3952f5cb2344339ea6c0d7a637459356 .av-caption-image-overlay-bg{\nopacity:0.4;\nbackground-color:#000000;\n}\n.avia-image-container.av-av_image-3952f5cb2344339ea6c0d7a637459356 .av-image-caption-overlay-center{\ncolor:#ffffff;\n}\n<\/style>\n<div  class='avia-image-container av-av_image-3952f5cb2344339ea6c0d7a637459356 av-styling- av-hover-grow avia-align-center  avia-builder-el-8  el_before_av_heading  avia-builder-el-first  noHover av-overlay-on-hover'   itemprop=\"image\" itemscope=\"itemscope\" itemtype=\"https:\/\/schema.org\/ImageObject\" ><div class=\"avia-image-container-inner\"><div class=\"avia-image-overlay-wrap\"><div class=\"av-image-caption-overlay\"><div class=\"av-caption-image-overlay-bg\"><\/div><div class=\"av-image-caption-overlay-position\"><div class=\"av-image-caption-overlay-center\"><p>Enfriador Single Drum Spiral<\/p>\n<\/div><\/div><\/div><img decoding=\"async\" fetchpriority=\"high\" class='wp-image-2548 avia-img-lazy-loading-not-2548 avia_image ' src=\"https:\/\/scanico.com\/wp-content\/uploads\/2017\/03\/Spiral-Freezer-Single-Drum-244x204px.jpg\" alt='' title='Single Drum Freezer'  height=\"204\" width=\"244\"  itemprop=\"thumbnailUrl\"  \/><\/div><\/div><\/div><br \/>\n\n<style type=\"text\/css\" data-created_by=\"avia_inline_auto\" id=\"style-css-av-jpl1un9z-a97ecff3e965488e25a9920657cb64c0\">\n#top .av-special-heading.av-jpl1un9z-a97ecff3e965488e25a9920657cb64c0{\npadding-bottom:10px;\n}\nbody .av-special-heading.av-jpl1un9z-a97ecff3e965488e25a9920657cb64c0 .av-special-heading-tag .heading-char{\nfont-size:25px;\n}\n.av-special-heading.av-jpl1un9z-a97ecff3e965488e25a9920657cb64c0 .av-subheading{\nfont-size:15px;\n}\n<\/style>\n<div  class='av-special-heading av-jpl1un9z-a97ecff3e965488e25a9920657cb64c0 av-special-heading-h4 blockquote modern-quote modern-centered  avia-builder-el-9  el_after_av_image  el_before_av_image '><h4 class='av-special-heading-tag '  itemprop=\"headline\"  >IDEAL PARA:<\/h4><div class=\"special-heading-border\"><div class=\"special-heading-inner-border\"><\/div><\/div><\/div><br \/>\n\n<style type=\"text\/css\" data-created_by=\"avia_inline_auto\" id=\"style-css-av-av_image-963b7036b324af4e061c494520c184db\">\n.avia-image-container.av-av_image-963b7036b324af4e061c494520c184db img.avia_image{\nbox-shadow:none;\n}\n.avia-image-container.av-av_image-963b7036b324af4e061c494520c184db .av-image-caption-overlay-center{\ncolor:#ffffff;\n}\n<\/style>\n<div  class='avia-image-container av-av_image-963b7036b324af4e061c494520c184db av-styling- avia-align-center  avia-builder-el-10  el_after_av_heading  el_before_av_image '   itemprop=\"image\" itemscope=\"itemscope\" itemtype=\"https:\/\/schema.org\/ImageObject\" ><div class=\"avia-image-container-inner\"><div class=\"avia-image-overlay-wrap\"><img decoding=\"async\" fetchpriority=\"high\" class='wp-image-2644 avia-img-lazy-loading-not-2644 avia_image ' src=\"https:\/\/scanico.com\/wp-content\/uploads\/2017\/04\/Meat_products-80x80.png\" alt='' title='Meat'  height=\"80\" width=\"80\"  itemprop=\"thumbnailUrl\" srcset=\"https:\/\/scanico.com\/wp-content\/uploads\/2017\/04\/Meat_products-80x80.png 80w, https:\/\/scanico.com\/wp-content\/uploads\/2017\/04\/Meat_products-300x300.png 300w, https:\/\/scanico.com\/wp-content\/uploads\/2017\/04\/Meat_products-768x768.png 768w, https:\/\/scanico.com\/wp-content\/uploads\/2017\/04\/Meat_products-36x36.png 36w, https:\/\/scanico.com\/wp-content\/uploads\/2017\/04\/Meat_products-180x180.png 180w, https:\/\/scanico.com\/wp-content\/uploads\/2017\/04\/Meat_products-705x705.png 705w, https:\/\/scanico.com\/wp-content\/uploads\/2017\/04\/Meat_products-120x120.png 120w, https:\/\/scanico.com\/wp-content\/uploads\/2017\/04\/Meat_products-450x450.png 450w, https:\/\/scanico.com\/wp-content\/uploads\/2017\/04\/Meat_products.png 800w\" sizes=\"(max-width: 80px) 100vw, 80px\" \/><\/div><\/div><\/div><br \/>\n\n<style type=\"text\/css\" data-created_by=\"avia_inline_auto\" id=\"style-css-av-av_image-19da789620af9636043e0ff97d2c0afd\">\n.avia-image-container.av-av_image-19da789620af9636043e0ff97d2c0afd img.avia_image{\nbox-shadow:none;\n}\n.avia-image-container.av-av_image-19da789620af9636043e0ff97d2c0afd .av-image-caption-overlay-center{\ncolor:#ffffff;\n}\n<\/style>\n<div  class='avia-image-container av-av_image-19da789620af9636043e0ff97d2c0afd av-styling- avia-align-center  avia-builder-el-11  el_after_av_image  el_before_av_image '   itemprop=\"image\" itemscope=\"itemscope\" itemtype=\"https:\/\/schema.org\/ImageObject\" ><div class=\"avia-image-container-inner\"><div class=\"avia-image-overlay-wrap\"><img decoding=\"async\" fetchpriority=\"high\" class='wp-image-2646 avia-img-lazy-loading-not-2646 avia_image ' src=\"https:\/\/scanico.com\/wp-content\/uploads\/2017\/04\/Poultry_products-80x80.png\" alt='' title='Poultry'  height=\"80\" width=\"80\"  itemprop=\"thumbnailUrl\" srcset=\"https:\/\/scanico.com\/wp-content\/uploads\/2017\/04\/Poultry_products-80x80.png 80w, https:\/\/scanico.com\/wp-content\/uploads\/2017\/04\/Poultry_products-300x300.png 300w, https:\/\/scanico.com\/wp-content\/uploads\/2017\/04\/Poultry_products-768x768.png 768w, https:\/\/scanico.com\/wp-content\/uploads\/2017\/04\/Poultry_products-36x36.png 36w, https:\/\/scanico.com\/wp-content\/uploads\/2017\/04\/Poultry_products-180x180.png 180w, https:\/\/scanico.com\/wp-content\/uploads\/2017\/04\/Poultry_products-705x705.png 705w, https:\/\/scanico.com\/wp-content\/uploads\/2017\/04\/Poultry_products-120x120.png 120w, https:\/\/scanico.com\/wp-content\/uploads\/2017\/04\/Poultry_products-450x450.png 450w, https:\/\/scanico.com\/wp-content\/uploads\/2017\/04\/Poultry_products.png 800w\" sizes=\"(max-width: 80px) 100vw, 80px\" \/><\/div><\/div><\/div><br \/>\n\n<style type=\"text\/css\" data-created_by=\"avia_inline_auto\" id=\"style-css-av-av_image-2368ba238151764509c01d8330c3acb2\">\n.avia-image-container.av-av_image-2368ba238151764509c01d8330c3acb2 img.avia_image{\nbox-shadow:none;\n}\n.avia-image-container.av-av_image-2368ba238151764509c01d8330c3acb2 .av-image-caption-overlay-center{\ncolor:#ffffff;\n}\n<\/style>\n<div  class='avia-image-container av-av_image-2368ba238151764509c01d8330c3acb2 av-styling- avia-align-center  avia-builder-el-12  el_after_av_image  el_before_av_image '   itemprop=\"image\" itemscope=\"itemscope\" itemtype=\"https:\/\/schema.org\/ImageObject\" ><div class=\"avia-image-container-inner\"><div class=\"avia-image-overlay-wrap\"><img decoding=\"async\" fetchpriority=\"high\" class='wp-image-2648 avia-img-lazy-loading-not-2648 avia_image ' src=\"https:\/\/scanico.com\/wp-content\/uploads\/2017\/04\/Seafood_products-80x80.png\" alt='' title='Seafood'  height=\"80\" width=\"80\"  itemprop=\"thumbnailUrl\" srcset=\"https:\/\/scanico.com\/wp-content\/uploads\/2017\/04\/Seafood_products-80x80.png 80w, https:\/\/scanico.com\/wp-content\/uploads\/2017\/04\/Seafood_products-300x300.png 300w, https:\/\/scanico.com\/wp-content\/uploads\/2017\/04\/Seafood_products-768x768.png 768w, https:\/\/scanico.com\/wp-content\/uploads\/2017\/04\/Seafood_products-36x36.png 36w, https:\/\/scanico.com\/wp-content\/uploads\/2017\/04\/Seafood_products-180x180.png 180w, https:\/\/scanico.com\/wp-content\/uploads\/2017\/04\/Seafood_products-705x705.png 705w, https:\/\/scanico.com\/wp-content\/uploads\/2017\/04\/Seafood_products-120x120.png 120w, https:\/\/scanico.com\/wp-content\/uploads\/2017\/04\/Seafood_products-450x450.png 450w, https:\/\/scanico.com\/wp-content\/uploads\/2017\/04\/Seafood_products.png 800w\" sizes=\"(max-width: 80px) 100vw, 80px\" \/><\/div><\/div><\/div><br \/>\n\n<style type=\"text\/css\" data-created_by=\"avia_inline_auto\" id=\"style-css-av-av_image-f7c6dab489f84bfe560e98e12a1df1df\">\n.avia-image-container.av-av_image-f7c6dab489f84bfe560e98e12a1df1df img.avia_image{\nbox-shadow:none;\n}\n.avia-image-container.av-av_image-f7c6dab489f84bfe560e98e12a1df1df .av-image-caption-overlay-center{\ncolor:#ffffff;\n}\n<\/style>\n<div  class='avia-image-container av-av_image-f7c6dab489f84bfe560e98e12a1df1df av-styling- avia-align-center  avia-builder-el-13  el_after_av_image  el_before_av_image '   itemprop=\"image\" itemscope=\"itemscope\" itemtype=\"https:\/\/schema.org\/ImageObject\" ><div class=\"avia-image-container-inner\"><div class=\"avia-image-overlay-wrap\"><img decoding=\"async\" fetchpriority=\"high\" class='wp-image-2650 avia-img-lazy-loading-not-2650 avia_image ' src=\"https:\/\/scanico.com\/wp-content\/uploads\/2017\/04\/Bakery_products-80x80.png\" alt='' title='Bakery'  height=\"80\" width=\"80\"  itemprop=\"thumbnailUrl\" srcset=\"https:\/\/scanico.com\/wp-content\/uploads\/2017\/04\/Bakery_products-80x80.png 80w, https:\/\/scanico.com\/wp-content\/uploads\/2017\/04\/Bakery_products-300x300.png 300w, https:\/\/scanico.com\/wp-content\/uploads\/2017\/04\/Bakery_products-768x768.png 768w, https:\/\/scanico.com\/wp-content\/uploads\/2017\/04\/Bakery_products-36x36.png 36w, https:\/\/scanico.com\/wp-content\/uploads\/2017\/04\/Bakery_products-180x180.png 180w, https:\/\/scanico.com\/wp-content\/uploads\/2017\/04\/Bakery_products-705x705.png 705w, https:\/\/scanico.com\/wp-content\/uploads\/2017\/04\/Bakery_products-120x120.png 120w, https:\/\/scanico.com\/wp-content\/uploads\/2017\/04\/Bakery_products-450x450.png 450w, https:\/\/scanico.com\/wp-content\/uploads\/2017\/04\/Bakery_products.png 800w\" sizes=\"(max-width: 80px) 100vw, 80px\" \/><\/div><\/div><\/div><br \/>\n\n<style type=\"text\/css\" data-created_by=\"avia_inline_auto\" id=\"style-css-av-av_image-a2720683a14b416568ba5a4c6a07cdaf\">\n.avia-image-container.av-av_image-a2720683a14b416568ba5a4c6a07cdaf img.avia_image{\nbox-shadow:none;\n}\n.avia-image-container.av-av_image-a2720683a14b416568ba5a4c6a07cdaf .av-image-caption-overlay-center{\ncolor:#ffffff;\n}\n<\/style>\n<div  class='avia-image-container av-av_image-a2720683a14b416568ba5a4c6a07cdaf av-styling- avia-align-center  avia-builder-el-14  el_after_av_image  el_before_av_image '   itemprop=\"image\" itemscope=\"itemscope\" itemtype=\"https:\/\/schema.org\/ImageObject\" ><div class=\"avia-image-container-inner\"><div class=\"avia-image-overlay-wrap\"><img decoding=\"async\" fetchpriority=\"high\" class='wp-image-2638 avia-img-lazy-loading-not-2638 avia_image ' src=\"https:\/\/scanico.com\/wp-content\/uploads\/2017\/04\/Dairy_products-80x80.png\" alt='' title='Dairy'  height=\"80\" width=\"80\"  itemprop=\"thumbnailUrl\" srcset=\"https:\/\/scanico.com\/wp-content\/uploads\/2017\/04\/Dairy_products-80x80.png 80w, https:\/\/scanico.com\/wp-content\/uploads\/2017\/04\/Dairy_products-300x300.png 300w, https:\/\/scanico.com\/wp-content\/uploads\/2017\/04\/Dairy_products-768x768.png 768w, https:\/\/scanico.com\/wp-content\/uploads\/2017\/04\/Dairy_products-36x36.png 36w, https:\/\/scanico.com\/wp-content\/uploads\/2017\/04\/Dairy_products-180x180.png 180w, https:\/\/scanico.com\/wp-content\/uploads\/2017\/04\/Dairy_products-705x705.png 705w, https:\/\/scanico.com\/wp-content\/uploads\/2017\/04\/Dairy_products-120x120.png 120w, https:\/\/scanico.com\/wp-content\/uploads\/2017\/04\/Dairy_products-450x450.png 450w, https:\/\/scanico.com\/wp-content\/uploads\/2017\/04\/Dairy_products.png 800w\" sizes=\"(max-width: 80px) 100vw, 80px\" \/><\/div><\/div><\/div><br \/>\n\n<style type=\"text\/css\" data-created_by=\"avia_inline_auto\" id=\"style-css-av-av_image-7a89dc487530f5b12e4a694b37e6968a\">\n.avia-image-container.av-av_image-7a89dc487530f5b12e4a694b37e6968a img.avia_image{\nbox-shadow:none;\n}\n.avia-image-container.av-av_image-7a89dc487530f5b12e4a694b37e6968a .av-image-caption-overlay-center{\ncolor:#ffffff;\n}\n<\/style>\n<div  class='avia-image-container av-av_image-7a89dc487530f5b12e4a694b37e6968a av-styling- avia-align-center  avia-builder-el-15  el_after_av_image  avia-builder-el-last '   itemprop=\"image\" itemscope=\"itemscope\" itemtype=\"https:\/\/schema.org\/ImageObject\" ><div class=\"avia-image-container-inner\"><div class=\"avia-image-overlay-wrap\"><img decoding=\"async\" fetchpriority=\"high\" class='wp-image-2642 avia-img-lazy-loading-not-2642 avia_image ' src=\"https:\/\/scanico.com\/wp-content\/uploads\/2017\/04\/Icecream_products-80x80.png\" alt='' title='Ice cream'  height=\"80\" width=\"80\"  itemprop=\"thumbnailUrl\" srcset=\"https:\/\/scanico.com\/wp-content\/uploads\/2017\/04\/Icecream_products-80x80.png 80w, https:\/\/scanico.com\/wp-content\/uploads\/2017\/04\/Icecream_products-300x300.png 300w, https:\/\/scanico.com\/wp-content\/uploads\/2017\/04\/Icecream_products-768x768.png 768w, https:\/\/scanico.com\/wp-content\/uploads\/2017\/04\/Icecream_products-36x36.png 36w, https:\/\/scanico.com\/wp-content\/uploads\/2017\/04\/Icecream_products-180x180.png 180w, https:\/\/scanico.com\/wp-content\/uploads\/2017\/04\/Icecream_products-705x705.png 705w, https:\/\/scanico.com\/wp-content\/uploads\/2017\/04\/Icecream_products-120x120.png 120w, https:\/\/scanico.com\/wp-content\/uploads\/2017\/04\/Icecream_products-450x450.png 450w, https:\/\/scanico.com\/wp-content\/uploads\/2017\/04\/Icecream_products.png 800w\" sizes=\"(max-width: 80px) 100vw, 80px\" \/><\/div><\/div><\/div><\/p><\/div>\n","protected":false},"excerpt":{"rendered":"","protected":false},"author":3,"featured_media":0,"parent":2863,"menu_order":4,"comment_status":"closed","ping_status":"closed","template":"","meta":{"footnotes":""},"class_list":["post-2837","page","type-page","status-publish","hentry"],"_links":{"self":[{"href":"https:\/\/scanico.com\/es\/wp-json\/wp\/v2\/pages\/2837","targetHints":{"allow":["GET"]}}],"collection":[{"href":"https:\/\/scanico.com\/es\/wp-json\/wp\/v2\/pages"}],"about":[{"href":"https:\/\/scanico.com\/es\/wp-json\/wp\/v2\/types\/page"}],"author":[{"embeddable":true,"href":"https:\/\/scanico.com\/es\/wp-json\/wp\/v2\/users\/3"}],"replies":[{"embeddable":true,"href":"https:\/\/scanico.com\/es\/wp-json\/wp\/v2\/comments?post=2837"}],"version-history":[{"count":4,"href":"https:\/\/scanico.com\/es\/wp-json\/wp\/v2\/pages\/2837\/revisions"}],"predecessor-version":[{"id":3563,"href":"https:\/\/scanico.com\/es\/wp-json\/wp\/v2\/pages\/2837\/revisions\/3563"}],"up":[{"embeddable":true,"href":"https:\/\/scanico.com\/es\/wp-json\/wp\/v2\/pages\/2863"}],"wp:attachment":[{"href":"https:\/\/scanico.com\/es\/wp-json\/wp\/v2\/media?parent=2837"}],"curies":[{"name":"wp","href":"https:\/\/api.w.org\/{rel}","templated":true}]}}