{"id":2797,"date":"2018-06-18T08:33:42","date_gmt":"2018-06-18T07:33:42","guid":{"rendered":"http:\/\/sandbox.scanico.com\/contacto\/ventas\/"},"modified":"2025-01-07T11:58:03","modified_gmt":"2025-01-07T10:58:03","slug":"ventas","status":"publish","type":"page","link":"https:\/\/scanico.com\/es\/contacto\/ventas\/","title":{"rendered":"Ventas"},"content":{"rendered":"\n<style type=\"text\/css\" data-created_by=\"avia_inline_auto\" id=\"style-css-av-av_one_full-b18ec1635791c30194c2fc90ea77ba9c\">\n.flex_column.av-av_one_full-b18ec1635791c30194c2fc90ea77ba9c{\nborder-radius:0px 0px 0px 0px;\npadding:0px 0px 0px 0px;\n}\n<\/style>\n<div  class='flex_column av-av_one_full-b18ec1635791c30194c2fc90ea77ba9c av_one_full  avia-builder-el-0  el_before_av_one_third  avia-builder-el-first  first flex_column_div av-zero-column-padding  '     ><p>\n<style type=\"text\/css\" data-created_by=\"avia_inline_auto\" id=\"style-css-av-av_heading-1c3408ebb3e70887aef74a019a7b6752\">\n#top .av-special-heading.av-av_heading-1c3408ebb3e70887aef74a019a7b6752{\npadding-bottom:0;\n}\nbody .av-special-heading.av-av_heading-1c3408ebb3e70887aef74a019a7b6752 .av-special-heading-tag .heading-char{\nfont-size:25px;\n}\n.av-special-heading.av-av_heading-1c3408ebb3e70887aef74a019a7b6752 .av-subheading{\nfont-size:15px;\n}\n<\/style>\n<div  class='av-special-heading av-av_heading-1c3408ebb3e70887aef74a019a7b6752 av-special-heading-h2 blockquote modern-quote modern-centered  avia-builder-el-1  el_before_av_hr  avia-builder-el-first '><h2 class='av-special-heading-tag '  itemprop=\"headline\"  >Departamento de ventas<\/h2><div class=\"special-heading-border\"><div class=\"special-heading-inner-border\"><\/div><\/div><\/div><br \/>\n\n<style type=\"text\/css\" data-created_by=\"avia_inline_auto\" id=\"style-css-av-lf0yjf7g-fc205861d998950583246039b25954de\">\n#top .hr.av-lf0yjf7g-fc205861d998950583246039b25954de{\nmargin-top:10px;\nmargin-bottom:10px;\n}\n.hr.av-lf0yjf7g-fc205861d998950583246039b25954de .hr-inner{\nwidth:50px;\nborder-color:#f05a3f;\n}\n<\/style>\n<div  class='hr av-lf0yjf7g-fc205861d998950583246039b25954de hr-custom  avia-builder-el-2  el_after_av_heading  avia-builder-el-last  hr-center hr-icon-no'><span class='hr-inner inner-border-av-border-fat'><span class=\"hr-inner-style\"><\/span><\/span><\/div><\/p><\/div>\n\n<style type=\"text\/css\" data-created_by=\"avia_inline_auto\" id=\"style-css-av-av_one_third-b631c2767f58f0c8c42999fc85ef54ef\">\n.flex_column.av-av_one_third-b631c2767f58f0c8c42999fc85ef54ef{\nborder-radius:0px 0px 0px 0px;\npadding:10px 50px 10px 50px;\n}\n<\/style>\n<div  class='flex_column av-av_one_third-b631c2767f58f0c8c42999fc85ef54ef av_one_third  avia-builder-el-3  el_after_av_one_full  el_before_av_one_third  first flex_column_div  column-top-margin'     ><p>\n<style type=\"text\/css\" data-created_by=\"avia_inline_auto\" id=\"style-css-av-ku55m4bn-bd628021bbf414a19ac8932e6704b0e6\">\n.avia-image-container.av-ku55m4bn-bd628021bbf414a19ac8932e6704b0e6 img.avia_image{\nbox-shadow:none;\n}\n.avia-image-container.av-ku55m4bn-bd628021bbf414a19ac8932e6704b0e6 .av-image-caption-overlay-center{\ncolor:#ffffff;\n}\n<\/style>\n<div  class='avia-image-container av-ku55m4bn-bd628021bbf414a19ac8932e6704b0e6 av-styling- avia-align-center  avia-builder-el-4  el_before_av_heading  avia-builder-el-first '   itemprop=\"image\" itemscope=\"itemscope\" itemtype=\"https:\/\/schema.org\/ImageObject\" ><div class=\"avia-image-container-inner\"><div class=\"avia-image-overlay-wrap\"><img decoding=\"async\" fetchpriority=\"high\" class='wp-image-5617 avia-img-lazy-loading-not-5617 avia_image ' src=\"https:\/\/scanico.com\/wp-content\/uploads\/2021\/09\/Lars-Soderman-300x300.jpg\" alt='Lars Soederman, Scanico' title='Lars Soederman, Scanico'  height=\"300\" width=\"300\"  itemprop=\"thumbnailUrl\" srcset=\"https:\/\/scanico.com\/wp-content\/uploads\/2021\/09\/Lars-Soderman-300x300.jpg 300w, https:\/\/scanico.com\/wp-content\/uploads\/2021\/09\/Lars-Soderman-80x80.jpg 80w, https:\/\/scanico.com\/wp-content\/uploads\/2021\/09\/Lars-Soderman-36x36.jpg 36w, https:\/\/scanico.com\/wp-content\/uploads\/2021\/09\/Lars-Soderman-180x180.jpg 180w, https:\/\/scanico.com\/wp-content\/uploads\/2021\/09\/Lars-Soderman-120x120.jpg 120w, https:\/\/scanico.com\/wp-content\/uploads\/2021\/09\/Lars-Soderman-450x451.jpg 450w, https:\/\/scanico.com\/wp-content\/uploads\/2021\/09\/Lars-Soderman.jpg 600w\" sizes=\"(max-width: 300px) 100vw, 300px\" \/><\/div><\/div><\/div><br \/>\n\n<style type=\"text\/css\" data-created_by=\"avia_inline_auto\" id=\"style-css-av-av_heading-ed6191b1d61d61629ba6dfba68ee6bcc\">\n#top .av-special-heading.av-av_heading-ed6191b1d61d61629ba6dfba68ee6bcc{\npadding-bottom:0;\ncolor:#63666a;\n}\nbody .av-special-heading.av-av_heading-ed6191b1d61d61629ba6dfba68ee6bcc .av-special-heading-tag .heading-char{\nfont-size:25px;\n}\n.av-special-heading.av-av_heading-ed6191b1d61d61629ba6dfba68ee6bcc .special-heading-inner-border{\nborder-color:#63666a;\n}\n.av-special-heading.av-av_heading-ed6191b1d61d61629ba6dfba68ee6bcc .av-subheading{\nfont-size:15px;\n}\n<\/style>\n<div  class='av-special-heading av-av_heading-ed6191b1d61d61629ba6dfba68ee6bcc av-special-heading-h3 custom-color-heading  avia-builder-el-5  el_after_av_image  el_before_av_textblock '><h3 class='av-special-heading-tag '  itemprop=\"headline\"  >Lars S\u00f8derman<\/h3><div class=\"special-heading-border\"><div class=\"special-heading-inner-border\"><\/div><\/div><\/div><br \/>\n<section  class='av_textblock_section av-jozgnhad-8e5b0fcea9c4d72e0656bb405690aa69 '   itemscope=\"itemscope\" itemtype=\"https:\/\/schema.org\/CreativeWork\" ><div class='avia_textblock'  itemprop=\"text\" ><div class=\"team-member-job-title \">Director de Ventas<\/div>\n<p><a href=\"tel:+4596203086\">\n<style type=\"text\/css\" data-created_by=\"avia_inline_auto\" id=\"style-css-av-av_font_icon-e4eb4a2291daea55b8cdb2fb7a14b579\">\n.av_font_icon.av-av_font_icon-e4eb4a2291daea55b8cdb2fb7a14b579 .av-icon-char{\nfont-size:20px;\nline-height:20px;\n}\n<\/style>\n<span  class='av_font_icon av-av_font_icon-e4eb4a2291daea55b8cdb2fb7a14b579 avia_animate_when_visible av-icon-style- avia-icon-pos-left avia-iconfont avia-font-entypo-fontello av-no-color avia-icon-animate'><span class='av-icon-char' data-av_icon='\ue854' data-av_iconfont='entypo-fontello' aria-hidden=\"true\" ><\/span><\/span> +45 96 20\u00a030 86\u00a0<\/a><\/p>\n<p><a href=\"tel:+4529636126\">\n<style type=\"text\/css\" data-created_by=\"avia_inline_auto\" id=\"style-css-av-av_font_icon-67d2bfb42c06ec83e73a72c7867c1098\">\n.av_font_icon.av-av_font_icon-67d2bfb42c06ec83e73a72c7867c1098 .av-icon-char{\nfont-size:20px;\nline-height:20px;\n}\n<\/style>\n<span  class='av_font_icon av-av_font_icon-67d2bfb42c06ec83e73a72c7867c1098 avia_animate_when_visible av-icon-style- avia-icon-pos-left avia-iconfont avia-font-entypo-fontello av-no-color avia-icon-animate'><span class='av-icon-char' data-av_icon='\ue8ac' data-av_iconfont='entypo-fontello' aria-hidden=\"true\" ><\/span><\/span> +45 29 63 61 26\u00a0<\/a><\/p>\n<p><a href=\"mailto:lso@scanico.com\">\n<style type=\"text\/css\" data-created_by=\"avia_inline_auto\" id=\"style-css-av-av_font_icon-1926d87e7481f5458c9c712a3c081021\">\n.av_font_icon.av-av_font_icon-1926d87e7481f5458c9c712a3c081021 .av-icon-char{\nfont-size:20px;\nline-height:20px;\n}\n<\/style>\n<span  class='av_font_icon av-av_font_icon-1926d87e7481f5458c9c712a3c081021 avia_animate_when_visible av-icon-style- avia-icon-pos-left avia-iconfont avia-font-entypo-fontello av-no-color avia-icon-animate'><span class='av-icon-char' data-av_icon='\ue805' data-av_iconfont='entypo-fontello' aria-hidden=\"true\" ><\/span><\/span> lso@scanico.com<\/a><\/p>\n<\/div><\/section><\/p><\/div>\n\n<style type=\"text\/css\" data-created_by=\"avia_inline_auto\" id=\"style-css-av-av_one_third-0c19149d19a07be7acd742c84a1edd80\">\n.flex_column.av-av_one_third-0c19149d19a07be7acd742c84a1edd80{\nborder-radius:0px 0px 0px 0px;\npadding:10px 50px 10px 50px;\n}\n<\/style>\n<div  class='flex_column av-av_one_third-0c19149d19a07be7acd742c84a1edd80 av_one_third  avia-builder-el-10  el_after_av_one_third  el_before_av_one_third  flex_column_div  column-top-margin'     ><p>\n<style type=\"text\/css\" data-created_by=\"avia_inline_auto\" id=\"style-css-av-ku55mg16-2ce0662a64aa9e76bafcf8a217a2d052\">\n.avia-image-container.av-ku55mg16-2ce0662a64aa9e76bafcf8a217a2d052 img.avia_image{\nbox-shadow:none;\n}\n.avia-image-container.av-ku55mg16-2ce0662a64aa9e76bafcf8a217a2d052 .av-image-caption-overlay-center{\ncolor:#ffffff;\n}\n<\/style>\n<div  class='avia-image-container av-ku55mg16-2ce0662a64aa9e76bafcf8a217a2d052 av-styling- avia-align-center  avia-builder-el-11  el_before_av_heading  avia-builder-el-first '   itemprop=\"image\" itemscope=\"itemscope\" itemtype=\"https:\/\/schema.org\/ImageObject\" ><div class=\"avia-image-container-inner\"><div class=\"avia-image-overlay-wrap\"><img decoding=\"async\" fetchpriority=\"high\" class='wp-image-5609 avia-img-lazy-loading-not-5609 avia_image ' src=\"https:\/\/scanico.com\/wp-content\/uploads\/2021\/09\/Peter-G-S-300x300.jpg\" alt='Peter G. Soerensen, Scanico' title='Peter G. Soerensen, Scanico'  height=\"300\" width=\"300\"  itemprop=\"thumbnailUrl\" srcset=\"https:\/\/scanico.com\/wp-content\/uploads\/2021\/09\/Peter-G-S-300x300.jpg 300w, https:\/\/scanico.com\/wp-content\/uploads\/2021\/09\/Peter-G-S-80x80.jpg 80w, https:\/\/scanico.com\/wp-content\/uploads\/2021\/09\/Peter-G-S-36x36.jpg 36w, https:\/\/scanico.com\/wp-content\/uploads\/2021\/09\/Peter-G-S-180x180.jpg 180w, https:\/\/scanico.com\/wp-content\/uploads\/2021\/09\/Peter-G-S-120x120.jpg 120w, https:\/\/scanico.com\/wp-content\/uploads\/2021\/09\/Peter-G-S-450x452.jpg 450w, https:\/\/scanico.com\/wp-content\/uploads\/2021\/09\/Peter-G-S.jpg 600w\" sizes=\"(max-width: 300px) 100vw, 300px\" \/><\/div><\/div><\/div><br \/>\n\n<style type=\"text\/css\" data-created_by=\"avia_inline_auto\" id=\"style-css-av-av_heading-701c44a1e7ad61898d9b81a60cb7cf2e\">\n#top .av-special-heading.av-av_heading-701c44a1e7ad61898d9b81a60cb7cf2e{\npadding-bottom:0;\ncolor:#63666a;\n}\nbody .av-special-heading.av-av_heading-701c44a1e7ad61898d9b81a60cb7cf2e .av-special-heading-tag .heading-char{\nfont-size:25px;\n}\n.av-special-heading.av-av_heading-701c44a1e7ad61898d9b81a60cb7cf2e .special-heading-inner-border{\nborder-color:#63666a;\n}\n.av-special-heading.av-av_heading-701c44a1e7ad61898d9b81a60cb7cf2e .av-subheading{\nfont-size:15px;\n}\n<\/style>\n<div  class='av-special-heading av-av_heading-701c44a1e7ad61898d9b81a60cb7cf2e av-special-heading-h3 custom-color-heading  avia-builder-el-12  el_after_av_image  el_before_av_textblock '><h3 class='av-special-heading-tag '  itemprop=\"headline\"  >Peter G. S\u00f8rensen<\/h3><div class=\"special-heading-border\"><div class=\"special-heading-inner-border\"><\/div><\/div><\/div><br \/>\n<section  class='av_textblock_section av-kltjz7fk-3007662da82ce8bb922836928998f08f '   itemscope=\"itemscope\" itemtype=\"https:\/\/schema.org\/CreativeWork\" ><div class='avia_textblock'  itemprop=\"text\" ><div class=\"team-member-job-title \">Gerente Regional de Ventas<\/div>\n<div>Am\u00e9rica del Sur<br \/>\nProductos l\u00e1cteos y helados: en todo el mundo<\/div>\n<p><a href=\"tel:+4596203060\">\n<style type=\"text\/css\" data-created_by=\"avia_inline_auto\" id=\"style-css-av-av_font_icon-e4eb4a2291daea55b8cdb2fb7a14b579\">\n.av_font_icon.av-av_font_icon-e4eb4a2291daea55b8cdb2fb7a14b579 .av-icon-char{\nfont-size:20px;\nline-height:20px;\n}\n<\/style>\n<span  class='av_font_icon av-av_font_icon-e4eb4a2291daea55b8cdb2fb7a14b579 avia_animate_when_visible av-icon-style- avia-icon-pos-left avia-iconfont avia-font-entypo-fontello av-no-color avia-icon-animate'><span class='av-icon-char' data-av_icon='\ue854' data-av_iconfont='entypo-fontello' aria-hidden=\"true\" ><\/span><\/span> +45 96 20\u00a030 60\u00a0<\/a><\/p>\n<p><a href=\"tel:+4520703560\">\n<style type=\"text\/css\" data-created_by=\"avia_inline_auto\" id=\"style-css-av-av_font_icon-67d2bfb42c06ec83e73a72c7867c1098\">\n.av_font_icon.av-av_font_icon-67d2bfb42c06ec83e73a72c7867c1098 .av-icon-char{\nfont-size:20px;\nline-height:20px;\n}\n<\/style>\n<span  class='av_font_icon av-av_font_icon-67d2bfb42c06ec83e73a72c7867c1098 avia_animate_when_visible av-icon-style- avia-icon-pos-left avia-iconfont avia-font-entypo-fontello av-no-color avia-icon-animate'><span class='av-icon-char' data-av_icon='\ue8ac' data-av_iconfont='entypo-fontello' aria-hidden=\"true\" ><\/span><\/span> +45 20 70 35 60\u00a0<\/a><\/p>\n<p><a href=\"mailto:pgs@scanico.com\">\n<style type=\"text\/css\" data-created_by=\"avia_inline_auto\" id=\"style-css-av-av_font_icon-1926d87e7481f5458c9c712a3c081021\">\n.av_font_icon.av-av_font_icon-1926d87e7481f5458c9c712a3c081021 .av-icon-char{\nfont-size:20px;\nline-height:20px;\n}\n<\/style>\n<span  class='av_font_icon av-av_font_icon-1926d87e7481f5458c9c712a3c081021 avia_animate_when_visible av-icon-style- avia-icon-pos-left avia-iconfont avia-font-entypo-fontello av-no-color avia-icon-animate'><span class='av-icon-char' data-av_icon='\ue805' data-av_iconfont='entypo-fontello' aria-hidden=\"true\" ><\/span><\/span>\u00a0pgs@scanico.com<\/a><\/p>\n<\/div><\/section><\/p><\/div>\n\n<style type=\"text\/css\" data-created_by=\"avia_inline_auto\" id=\"style-css-av-av_one_third-0c19149d19a07be7acd742c84a1edd80\">\n.flex_column.av-av_one_third-0c19149d19a07be7acd742c84a1edd80{\nborder-radius:0px 0px 0px 0px;\npadding:10px 50px 10px 50px;\n}\n<\/style>\n<div  class='flex_column av-av_one_third-0c19149d19a07be7acd742c84a1edd80 av_one_third  avia-builder-el-17  el_after_av_one_third  el_before_av_one_third  flex_column_div  column-top-margin'     ><p>\n<style type=\"text\/css\" data-created_by=\"avia_inline_auto\" id=\"style-css-av-ku55msp2-966374bacfd623e68a06b0ab2df9dc8e\">\n.avia-image-container.av-ku55msp2-966374bacfd623e68a06b0ab2df9dc8e img.avia_image{\nbox-shadow:none;\n}\n.avia-image-container.av-ku55msp2-966374bacfd623e68a06b0ab2df9dc8e .av-image-caption-overlay-center{\ncolor:#ffffff;\n}\n<\/style>\n<div  class='avia-image-container av-ku55msp2-966374bacfd623e68a06b0ab2df9dc8e av-styling- avia-align-center  avia-builder-el-18  el_before_av_heading  avia-builder-el-first '   itemprop=\"image\" itemscope=\"itemscope\" itemtype=\"https:\/\/schema.org\/ImageObject\" ><div class=\"avia-image-container-inner\"><div class=\"avia-image-overlay-wrap\"><img decoding=\"async\" fetchpriority=\"high\" class='wp-image-5625 avia-img-lazy-loading-not-5625 avia_image ' src=\"https:\/\/scanico.com\/wp-content\/uploads\/2021\/09\/Mogens-Bang_2-300x300.jpg\" alt='Mogens Bang, Scanico' title='Mogens Bang, Scanico'  height=\"300\" width=\"300\"  itemprop=\"thumbnailUrl\" srcset=\"https:\/\/scanico.com\/wp-content\/uploads\/2021\/09\/Mogens-Bang_2-300x300.jpg 300w, https:\/\/scanico.com\/wp-content\/uploads\/2021\/09\/Mogens-Bang_2-80x80.jpg 80w, https:\/\/scanico.com\/wp-content\/uploads\/2021\/09\/Mogens-Bang_2-36x36.jpg 36w, https:\/\/scanico.com\/wp-content\/uploads\/2021\/09\/Mogens-Bang_2-180x180.jpg 180w, https:\/\/scanico.com\/wp-content\/uploads\/2021\/09\/Mogens-Bang_2-120x120.jpg 120w, https:\/\/scanico.com\/wp-content\/uploads\/2021\/09\/Mogens-Bang_2-450x451.jpg 450w, https:\/\/scanico.com\/wp-content\/uploads\/2021\/09\/Mogens-Bang_2.jpg 600w\" sizes=\"(max-width: 300px) 100vw, 300px\" \/><\/div><\/div><\/div><br \/>\n\n<style type=\"text\/css\" data-created_by=\"avia_inline_auto\" id=\"style-css-av-av_heading-4b996b956c271f17148724d488f49288\">\n#top .av-special-heading.av-av_heading-4b996b956c271f17148724d488f49288{\npadding-bottom:0;\ncolor:#63666a;\n}\nbody .av-special-heading.av-av_heading-4b996b956c271f17148724d488f49288 .av-special-heading-tag .heading-char{\nfont-size:25px;\n}\n.av-special-heading.av-av_heading-4b996b956c271f17148724d488f49288 .special-heading-inner-border{\nborder-color:#63666a;\n}\n.av-special-heading.av-av_heading-4b996b956c271f17148724d488f49288 .av-subheading{\nfont-size:15px;\n}\n<\/style>\n<div  class='av-special-heading av-av_heading-4b996b956c271f17148724d488f49288 av-special-heading-h3 custom-color-heading  avia-builder-el-19  el_after_av_image  el_before_av_textblock '><h3 class='av-special-heading-tag '  itemprop=\"headline\"  >Mogens Bang<\/h3><div class=\"special-heading-border\"><div class=\"special-heading-inner-border\"><\/div><\/div><\/div><br \/>\n<section  class='av_textblock_section av-jozgrlp8-a87ab9326eb6c1880874c0afbdecaf48 '   itemscope=\"itemscope\" itemtype=\"https:\/\/schema.org\/CreativeWork\" ><div class='avia_textblock'  itemprop=\"text\" ><div class=\"team-member-job-title \">Gerente Regional de Ventas<\/div>\n<div>Europa, Rusia y el Sudeste Asi\u00e1tico<\/div>\n<p><a href=\"tel:+4596203088\">\n<style type=\"text\/css\" data-created_by=\"avia_inline_auto\" id=\"style-css-av-av_font_icon-e4eb4a2291daea55b8cdb2fb7a14b579\">\n.av_font_icon.av-av_font_icon-e4eb4a2291daea55b8cdb2fb7a14b579 .av-icon-char{\nfont-size:20px;\nline-height:20px;\n}\n<\/style>\n<span  class='av_font_icon av-av_font_icon-e4eb4a2291daea55b8cdb2fb7a14b579 avia_animate_when_visible av-icon-style- avia-icon-pos-left avia-iconfont avia-font-entypo-fontello av-no-color avia-icon-animate'><span class='av-icon-char' data-av_icon='\ue854' data-av_iconfont='entypo-fontello' aria-hidden=\"true\" ><\/span><\/span> +45 96 20\u00a030 88\u00a0<\/a><\/p>\n<p><a href=\"tel:+4530950488\">\n<style type=\"text\/css\" data-created_by=\"avia_inline_auto\" id=\"style-css-av-av_font_icon-67d2bfb42c06ec83e73a72c7867c1098\">\n.av_font_icon.av-av_font_icon-67d2bfb42c06ec83e73a72c7867c1098 .av-icon-char{\nfont-size:20px;\nline-height:20px;\n}\n<\/style>\n<span  class='av_font_icon av-av_font_icon-67d2bfb42c06ec83e73a72c7867c1098 avia_animate_when_visible av-icon-style- avia-icon-pos-left avia-iconfont avia-font-entypo-fontello av-no-color avia-icon-animate'><span class='av-icon-char' data-av_icon='\ue8ac' data-av_iconfont='entypo-fontello' aria-hidden=\"true\" ><\/span><\/span> +45 30 95 04 88\u00a0<\/a><\/p>\n<p><a href=\"mailto:mb@scanico.com\">\n<style type=\"text\/css\" data-created_by=\"avia_inline_auto\" id=\"style-css-av-av_font_icon-1926d87e7481f5458c9c712a3c081021\">\n.av_font_icon.av-av_font_icon-1926d87e7481f5458c9c712a3c081021 .av-icon-char{\nfont-size:20px;\nline-height:20px;\n}\n<\/style>\n<span  class='av_font_icon av-av_font_icon-1926d87e7481f5458c9c712a3c081021 avia_animate_when_visible av-icon-style- avia-icon-pos-left avia-iconfont avia-font-entypo-fontello av-no-color avia-icon-animate'><span class='av-icon-char' data-av_icon='\ue805' data-av_iconfont='entypo-fontello' aria-hidden=\"true\" ><\/span><\/span> mb@scanico.com<\/a><\/p>\n<\/div><\/section><\/p><\/div>\n\n<style type=\"text\/css\" data-created_by=\"avia_inline_auto\" id=\"style-css-av-av_one_third-b631c2767f58f0c8c42999fc85ef54ef\">\n.flex_column.av-av_one_third-b631c2767f58f0c8c42999fc85ef54ef{\nborder-radius:0px 0px 0px 0px;\npadding:10px 50px 10px 50px;\n}\n<\/style>\n<div  class='flex_column av-av_one_third-b631c2767f58f0c8c42999fc85ef54ef av_one_third  avia-builder-el-24  el_after_av_one_third  el_before_av_one_full  first flex_column_div  column-top-margin'     ><p>\n<style type=\"text\/css\" data-created_by=\"avia_inline_auto\" id=\"style-css-av-jozgoonx-80cb9ad942da7a3843a6a8ae570cc1ba\">\n.avia-image-container.av-jozgoonx-80cb9ad942da7a3843a6a8ae570cc1ba img.avia_image{\nbox-shadow:none;\n}\n.avia-image-container.av-jozgoonx-80cb9ad942da7a3843a6a8ae570cc1ba .av-image-caption-overlay-center{\ncolor:#ffffff;\n}\n<\/style>\n<div  class='avia-image-container av-jozgoonx-80cb9ad942da7a3843a6a8ae570cc1ba av-styling- avia-align-center  avia-builder-el-25  el_before_av_heading  avia-builder-el-first '   itemprop=\"image\" itemscope=\"itemscope\" itemtype=\"https:\/\/schema.org\/ImageObject\" ><div class=\"avia-image-container-inner\"><div class=\"avia-image-overlay-wrap\"><img decoding=\"async\" fetchpriority=\"high\" class='wp-image-6565 avia-img-lazy-loading-not-6565 avia_image ' src=\"https:\/\/scanico.com\/wp-content\/uploads\/2024\/03\/Ben-Chaplin_2-300x300.jpg\" alt='Ben Chaplin, Scanico A\/S' title='Ben-Chaplin_2'  height=\"300\" width=\"300\"  itemprop=\"thumbnailUrl\" srcset=\"https:\/\/scanico.com\/wp-content\/uploads\/2024\/03\/Ben-Chaplin_2-300x300.jpg 300w, https:\/\/scanico.com\/wp-content\/uploads\/2024\/03\/Ben-Chaplin_2-80x80.jpg 80w, https:\/\/scanico.com\/wp-content\/uploads\/2024\/03\/Ben-Chaplin_2-36x36.jpg 36w, https:\/\/scanico.com\/wp-content\/uploads\/2024\/03\/Ben-Chaplin_2-180x180.jpg 180w, https:\/\/scanico.com\/wp-content\/uploads\/2024\/03\/Ben-Chaplin_2.jpg 600w\" sizes=\"(max-width: 300px) 100vw, 300px\" \/><\/div><\/div><\/div><br \/>\n\n<style type=\"text\/css\" data-created_by=\"avia_inline_auto\" id=\"style-css-av-av_heading-312ac8177773961cebcfd2845ae6d0d2\">\n#top .av-special-heading.av-av_heading-312ac8177773961cebcfd2845ae6d0d2{\npadding-bottom:0;\ncolor:#63666a;\n}\nbody .av-special-heading.av-av_heading-312ac8177773961cebcfd2845ae6d0d2 .av-special-heading-tag .heading-char{\nfont-size:25px;\n}\n.av-special-heading.av-av_heading-312ac8177773961cebcfd2845ae6d0d2 .special-heading-inner-border{\nborder-color:#63666a;\n}\n.av-special-heading.av-av_heading-312ac8177773961cebcfd2845ae6d0d2 .av-subheading{\nfont-size:15px;\n}\n<\/style>\n<div  class='av-special-heading av-av_heading-312ac8177773961cebcfd2845ae6d0d2 av-special-heading-h3 custom-color-heading  avia-builder-el-26  el_after_av_image  el_before_av_textblock '><h3 class='av-special-heading-tag '  itemprop=\"headline\"  >Ben Chaplin<\/h3><div class=\"special-heading-border\"><div class=\"special-heading-inner-border\"><\/div><\/div><\/div><br \/>\n<section  class='av_textblock_section av-jozgpwsx-5c9fe9c1bf93a35e17b940ecd01cac37 '   itemscope=\"itemscope\" itemtype=\"https:\/\/schema.org\/CreativeWork\" ><div class='avia_textblock'  itemprop=\"text\" ><div class=\"team-member-job-title \">Gerente Regional de Ventas<\/div>\n<div class=\"team-member-job-title \">Am\u00e9rica Latina<\/div>\n<p><a href=\"tel:+5282804760\">\n<style type=\"text\/css\" data-created_by=\"avia_inline_auto\" id=\"style-css-av-av_font_icon-67d2bfb42c06ec83e73a72c7867c1098\">\n.av_font_icon.av-av_font_icon-67d2bfb42c06ec83e73a72c7867c1098 .av-icon-char{\nfont-size:20px;\nline-height:20px;\n}\n<\/style>\n<span  class='av_font_icon av-av_font_icon-67d2bfb42c06ec83e73a72c7867c1098 avia_animate_when_visible av-icon-style- avia-icon-pos-left avia-iconfont avia-font-entypo-fontello av-no-color avia-icon-animate'><span class='av-icon-char' data-av_icon='\ue8ac' data-av_iconfont='entypo-fontello' aria-hidden=\"true\" ><\/span><\/span> +52 81 8280 4760<\/a><\/p>\n<p><a href=\"mailto:bch@scanico.com\">\n<style type=\"text\/css\" data-created_by=\"avia_inline_auto\" id=\"style-css-av-av_font_icon-1926d87e7481f5458c9c712a3c081021\">\n.av_font_icon.av-av_font_icon-1926d87e7481f5458c9c712a3c081021 .av-icon-char{\nfont-size:20px;\nline-height:20px;\n}\n<\/style>\n<span  class='av_font_icon av-av_font_icon-1926d87e7481f5458c9c712a3c081021 avia_animate_when_visible av-icon-style- avia-icon-pos-left avia-iconfont avia-font-entypo-fontello av-no-color avia-icon-animate'><span class='av-icon-char' data-av_icon='\ue805' data-av_iconfont='entypo-fontello' aria-hidden=\"true\" ><\/span><\/span> <\/a><a href=\"mailto:bchaplin@middleby.com\">bchaplin@middleby.com<\/a><\/p>\n<\/div><\/section><\/p><\/div>\n<style type=\"text\/css\" data-created_by=\"avia_inline_auto\" id=\"style-css-av-av_one_full-6126cab7d8fab8d08143dd2dacdf673c\">\n.flex_column.av-av_one_full-6126cab7d8fab8d08143dd2dacdf673c{\nborder-radius:0px 0px 0px 0px;\npadding:0px 0px 0px 0px;\n}\n<\/style>\n<div  class='flex_column av-av_one_full-6126cab7d8fab8d08143dd2dacdf673c av_one_full  avia-builder-el-30  el_after_av_one_third  avia-builder-el-last  first flex_column_div av-zero-column-padding  column-top-margin'     ><p>\n<style type=\"text\/css\" data-created_by=\"avia_inline_auto\" id=\"style-css-av-av_heading-153ba4e7e4396e7154856aa44165914a\">\n#top .av-special-heading.av-av_heading-153ba4e7e4396e7154856aa44165914a{\npadding-bottom:0;\n}\nbody .av-special-heading.av-av_heading-153ba4e7e4396e7154856aa44165914a .av-special-heading-tag .heading-char{\nfont-size:25px;\n}\n.av-special-heading.av-av_heading-153ba4e7e4396e7154856aa44165914a .av-subheading{\nfont-size:15px;\n}\n<\/style>\n<div  class='av-special-heading av-av_heading-153ba4e7e4396e7154856aa44165914a av-special-heading-h2 blockquote modern-quote modern-centered  avia-builder-el-31  el_before_av_hr  avia-builder-el-first '><h2 class='av-special-heading-tag '  itemprop=\"headline\"  >Referencias<\/h2><div class=\"special-heading-border\"><div class=\"special-heading-inner-border\"><\/div><\/div><\/div><br \/>\n\n<style type=\"text\/css\" data-created_by=\"avia_inline_auto\" id=\"style-css-av-lf0yjmqi-c3ec2483e7d44c8075b76b9a15977fbf\">\n#top .hr.av-lf0yjmqi-c3ec2483e7d44c8075b76b9a15977fbf{\nmargin-top:10px;\nmargin-bottom:10px;\n}\n.hr.av-lf0yjmqi-c3ec2483e7d44c8075b76b9a15977fbf .hr-inner{\nwidth:50px;\nborder-color:#f05a3f;\n}\n<\/style>\n<div  class='hr av-lf0yjmqi-c3ec2483e7d44c8075b76b9a15977fbf hr-custom  avia-builder-el-32  el_after_av_heading  el_before_av_textblock  hr-center hr-icon-no'><span class='hr-inner inner-border-av-border-fat'><span class=\"hr-inner-style\"><\/span><\/span><\/div><br \/>\n<section  class='av_textblock_section av-av_textblock-0366cc7376be6c9e82a3e9cc8987b64f '   itemscope=\"itemscope\" itemtype=\"https:\/\/schema.org\/CreativeWork\" ><div class='avia_textblock'  itemprop=\"text\" ><p>Tenemos clientes en todos los sectores comerciales. Scanico ha construido y dise\u00f1ado sistemas de congelaci\u00f3n m\u00e1s de 20 a\u00f1os y hoy somos reconocidos y respetados por nuestros productos de calidad que se encuentran en m\u00e1s de 25 pa\u00edses de todo el mundo.<\/p>\n<p>Centrarnos en la creaci\u00f3n de asociaciones con nuestros clientes aumenta continuamente nuestro know-how. Varios de nuestros socios son empresas grandes y reconocidas en todo el mundo y tambi\u00e9n consultoras de ingenier\u00eda de todo el mundo.<\/p>\n<p>Hay disponible una completa lista de referencias a petici\u00f3n.<\/p>\n<\/div><\/section><\/p><\/div>\n","protected":false},"excerpt":{"rendered":"","protected":false},"author":1,"featured_media":0,"parent":2787,"menu_order":1,"comment_status":"closed","ping_status":"closed","template":"","meta":{"footnotes":""},"class_list":["post-2797","page","type-page","status-publish","hentry"],"_links":{"self":[{"href":"https:\/\/scanico.com\/es\/wp-json\/wp\/v2\/pages\/2797","targetHints":{"allow":["GET"]}}],"collection":[{"href":"https:\/\/scanico.com\/es\/wp-json\/wp\/v2\/pages"}],"about":[{"href":"https:\/\/scanico.com\/es\/wp-json\/wp\/v2\/types\/page"}],"author":[{"embeddable":true,"href":"https:\/\/scanico.com\/es\/wp-json\/wp\/v2\/users\/1"}],"replies":[{"embeddable":true,"href":"https:\/\/scanico.com\/es\/wp-json\/wp\/v2\/comments?post=2797"}],"version-history":[{"count":5,"href":"https:\/\/scanico.com\/es\/wp-json\/wp\/v2\/pages\/2797\/revisions"}],"predecessor-version":[{"id":6848,"href":"https:\/\/scanico.com\/es\/wp-json\/wp\/v2\/pages\/2797\/revisions\/6848"}],"up":[{"embeddable":true,"href":"https:\/\/scanico.com\/es\/wp-json\/wp\/v2\/pages\/2787"}],"wp:attachment":[{"href":"https:\/\/scanico.com\/es\/wp-json\/wp\/v2\/media?parent=2797"}],"curies":[{"name":"wp","href":"https:\/\/api.w.org\/{rel}","templated":true}]}}