{"id":2787,"date":"2018-06-18T08:33:39","date_gmt":"2018-06-18T07:33:39","guid":{"rendered":"http:\/\/sandbox.scanico.com\/contacto\/"},"modified":"2024-12-17T15:13:08","modified_gmt":"2024-12-17T14:13:08","slug":"contacto","status":"publish","type":"page","link":"https:\/\/scanico.com\/es\/contacto\/","title":{"rendered":"Contacto"},"content":{"rendered":"\n<style type=\"text\/css\" data-created_by=\"avia_inline_auto\" id=\"style-css-av-av_one_full-6126cab7d8fab8d08143dd2dacdf673c\">\n.flex_column.av-av_one_full-6126cab7d8fab8d08143dd2dacdf673c{\nborder-radius:0px 0px 0px 0px;\npadding:0px 0px 0px 0px;\n}\n<\/style>\n<div  class='flex_column av-av_one_full-6126cab7d8fab8d08143dd2dacdf673c av_one_full  avia-builder-el-0  el_before_av_one_fourth  avia-builder-el-first  first flex_column_div av-zero-column-padding  '     ><p>\n<style type=\"text\/css\" data-created_by=\"avia_inline_auto\" id=\"style-css-av-av_heading-d11898ecbe0fafdce13432e849b94dad\">\n#top .av-special-heading.av-av_heading-d11898ecbe0fafdce13432e849b94dad{\npadding-bottom:0;\n}\nbody .av-special-heading.av-av_heading-d11898ecbe0fafdce13432e849b94dad .av-special-heading-tag .heading-char{\nfont-size:25px;\n}\n.av-special-heading.av-av_heading-d11898ecbe0fafdce13432e849b94dad .av-subheading{\nfont-size:15px;\n}\n<\/style>\n<div  class='av-special-heading av-av_heading-d11898ecbe0fafdce13432e849b94dad av-special-heading-h1 blockquote modern-quote modern-centered  avia-builder-el-1  el_before_av_hr  avia-builder-el-first '><h1 class='av-special-heading-tag '  itemprop=\"headline\"  >Contacto<\/h1><div class=\"special-heading-border\"><div class=\"special-heading-inner-border\"><\/div><\/div><\/div><br \/>\n\n<style type=\"text\/css\" data-created_by=\"avia_inline_auto\" id=\"style-css-av-leyb5bre-0fe02b7543a023f798fbb4715f120ba1\">\n#top .hr.av-leyb5bre-0fe02b7543a023f798fbb4715f120ba1{\nmargin-top:10px;\nmargin-bottom:10px;\n}\n.hr.av-leyb5bre-0fe02b7543a023f798fbb4715f120ba1 .hr-inner{\nwidth:50px;\nborder-color:#f05a3f;\n}\n<\/style>\n<div  class='hr av-leyb5bre-0fe02b7543a023f798fbb4715f120ba1 hr-custom  avia-builder-el-2  el_after_av_heading  avia-builder-el-last  hr-center hr-icon-no'><span class='hr-inner inner-border-av-border-fat'><span class=\"hr-inner-style\"><\/span><\/span><\/div><\/p><\/div>\n\n<style type=\"text\/css\" data-created_by=\"avia_inline_auto\" id=\"style-css-av-av_one_fourth-6126cab7d8fab8d08143dd2dacdf673c\">\n.flex_column.av-av_one_fourth-6126cab7d8fab8d08143dd2dacdf673c{\nborder-radius:0px 0px 0px 0px;\npadding:0px 0px 0px 0px;\n}\n<\/style>\n<div  class='flex_column av-av_one_fourth-6126cab7d8fab8d08143dd2dacdf673c av_one_fourth  avia-builder-el-3  el_after_av_one_full  el_before_av_one_fourth  first flex_column_div av-zero-column-padding  column-top-margin'     ><p>\n<style type=\"text\/css\" data-created_by=\"avia_inline_auto\" id=\"style-css-av-jnlhlvjt-918e65d074c07239796cbcf2a696fe28\">\n.avia-image-container.av-jnlhlvjt-918e65d074c07239796cbcf2a696fe28 img.avia_image{\nbox-shadow:none;\n}\n.avia-image-container.av-jnlhlvjt-918e65d074c07239796cbcf2a696fe28 .av-image-caption-overlay-center{\ncolor:#ffffff;\n}\n<\/style>\n<div  class='avia-image-container av-jnlhlvjt-918e65d074c07239796cbcf2a696fe28 av-styling- av-hover-grow av-img-linked avia-align-center  avia-builder-el-4  el_before_av_heading  avia-builder-el-first '   itemprop=\"image\" itemscope=\"itemscope\" itemtype=\"https:\/\/schema.org\/ImageObject\" ><div class=\"avia-image-container-inner\"><div class=\"avia-image-overlay-wrap\"><a href=\"https:\/\/scanico.com\/es\/contacto\/ventas\/\" class='avia_image '  aria-label='Sales-grey'><img decoding=\"async\" fetchpriority=\"high\" class='wp-image-6129 avia-img-lazy-loading-not-6129 avia_image ' src=\"https:\/\/scanico.com\/wp-content\/uploads\/2023\/03\/Sales-grey-300x300.png\" alt='Scanico Sales Department' title='Sales-grey'  height=\"300\" width=\"300\"  itemprop=\"thumbnailUrl\" srcset=\"https:\/\/scanico.com\/wp-content\/uploads\/2023\/03\/Sales-grey-300x300.png 300w, https:\/\/scanico.com\/wp-content\/uploads\/2023\/03\/Sales-grey-80x80.png 80w, https:\/\/scanico.com\/wp-content\/uploads\/2023\/03\/Sales-grey-36x36.png 36w, https:\/\/scanico.com\/wp-content\/uploads\/2023\/03\/Sales-grey-180x180.png 180w, https:\/\/scanico.com\/wp-content\/uploads\/2023\/03\/Sales-grey.png 400w\" sizes=\"(max-width: 300px) 100vw, 300px\" \/><\/a><\/div><\/div><\/div><br \/>\n\n<style type=\"text\/css\" data-created_by=\"avia_inline_auto\" id=\"style-css-av-av_heading-8456ffc866f3aecb7ded4947fbe8dd73\">\n#top .av-special-heading.av-av_heading-8456ffc866f3aecb7ded4947fbe8dd73{\npadding-bottom:10px;\n}\nbody .av-special-heading.av-av_heading-8456ffc866f3aecb7ded4947fbe8dd73 .av-special-heading-tag .heading-char{\nfont-size:25px;\n}\n.av-special-heading.av-av_heading-8456ffc866f3aecb7ded4947fbe8dd73 .av-subheading{\nfont-size:15px;\n}\n<\/style>\n<div  class='av-special-heading av-av_heading-8456ffc866f3aecb7ded4947fbe8dd73 av-special-heading-h3 blockquote modern-quote modern-centered  avia-builder-el-5  el_after_av_image  avia-builder-el-last '><h3 class='av-special-heading-tag '  itemprop=\"headline\"  >Ventas<\/h3><div class=\"special-heading-border\"><div class=\"special-heading-inner-border\"><\/div><\/div><\/div><\/p><\/div>\n\n<style type=\"text\/css\" data-created_by=\"avia_inline_auto\" id=\"style-css-av-av_one_fourth-0aa7055fe62c3622faec82866afbaeb2\">\n.flex_column.av-av_one_fourth-0aa7055fe62c3622faec82866afbaeb2{\nborder-radius:0px 0px 0px 0px;\npadding:0px 0px 0px 0px;\n}\n<\/style>\n<div  class='flex_column av-av_one_fourth-0aa7055fe62c3622faec82866afbaeb2 av_one_fourth  avia-builder-el-6  el_after_av_one_fourth  el_before_av_one_fourth  flex_column_div av-zero-column-padding  column-top-margin'     ><p>\n<style type=\"text\/css\" data-created_by=\"avia_inline_auto\" id=\"style-css-av-jnlhm7lw-40530e95dae178ed3ba967222ed53f2d\">\n.avia-image-container.av-jnlhm7lw-40530e95dae178ed3ba967222ed53f2d img.avia_image{\nbox-shadow:none;\n}\n.avia-image-container.av-jnlhm7lw-40530e95dae178ed3ba967222ed53f2d .av-image-caption-overlay-center{\ncolor:#ffffff;\n}\n<\/style>\n<div  class='avia-image-container av-jnlhm7lw-40530e95dae178ed3ba967222ed53f2d av-styling- av-hover-grow av-img-linked avia-align-center  avia-builder-el-7  el_before_av_heading  avia-builder-el-first '   itemprop=\"image\" itemscope=\"itemscope\" itemtype=\"https:\/\/schema.org\/ImageObject\" ><div class=\"avia-image-container-inner\"><div class=\"avia-image-overlay-wrap\"><a href=\"https:\/\/scanico.com\/es\/contacto\/servicio\/\" class='avia_image '  aria-label='Service-grey'><img decoding=\"async\" fetchpriority=\"high\" class='wp-image-6132 avia-img-lazy-loading-not-6132 avia_image ' src=\"https:\/\/scanico.com\/wp-content\/uploads\/2023\/03\/Service-grey-300x300.png\" alt='Scanico Service Department' title='Service-grey'  height=\"300\" width=\"300\"  itemprop=\"thumbnailUrl\" srcset=\"https:\/\/scanico.com\/wp-content\/uploads\/2023\/03\/Service-grey-300x300.png 300w, https:\/\/scanico.com\/wp-content\/uploads\/2023\/03\/Service-grey-80x80.png 80w, https:\/\/scanico.com\/wp-content\/uploads\/2023\/03\/Service-grey-36x36.png 36w, https:\/\/scanico.com\/wp-content\/uploads\/2023\/03\/Service-grey-180x180.png 180w, https:\/\/scanico.com\/wp-content\/uploads\/2023\/03\/Service-grey.png 400w\" sizes=\"(max-width: 300px) 100vw, 300px\" \/><\/a><\/div><\/div><\/div><br \/>\n\n<style type=\"text\/css\" data-created_by=\"avia_inline_auto\" id=\"style-css-av-av_heading-c063835cdbe2e05f4ac9d8e6dbd4a525\">\n#top .av-special-heading.av-av_heading-c063835cdbe2e05f4ac9d8e6dbd4a525{\npadding-bottom:10px;\n}\nbody .av-special-heading.av-av_heading-c063835cdbe2e05f4ac9d8e6dbd4a525 .av-special-heading-tag .heading-char{\nfont-size:25px;\n}\n.av-special-heading.av-av_heading-c063835cdbe2e05f4ac9d8e6dbd4a525 .av-subheading{\nfont-size:15px;\n}\n<\/style>\n<div  class='av-special-heading av-av_heading-c063835cdbe2e05f4ac9d8e6dbd4a525 av-special-heading-h3 blockquote modern-quote modern-centered  avia-builder-el-8  el_after_av_image  avia-builder-el-last '><h3 class='av-special-heading-tag '  itemprop=\"headline\"  >Servicio<\/h3><div class=\"special-heading-border\"><div class=\"special-heading-inner-border\"><\/div><\/div><\/div><\/p><\/div>\n\n<style type=\"text\/css\" data-created_by=\"avia_inline_auto\" id=\"style-css-av-av_one_fourth-531d5d4d3d3a74d4c56d8363993d8877\">\n.flex_column.av-av_one_fourth-531d5d4d3d3a74d4c56d8363993d8877{\nborder-radius:0px 0px 0px 0px;\npadding:0px 0px 0px 0px;\n}\n<\/style>\n<div  class='flex_column av-av_one_fourth-531d5d4d3d3a74d4c56d8363993d8877 av_one_fourth  avia-builder-el-9  el_after_av_one_fourth  el_before_av_one_fourth  flex_column_div av-zero-column-padding  column-top-margin'     ><p>\n<style type=\"text\/css\" data-created_by=\"avia_inline_auto\" id=\"style-css-av-jnlhmea4-ccdabdfa79902d967e8139ed297e53aa\">\n.avia-image-container.av-jnlhmea4-ccdabdfa79902d967e8139ed297e53aa img.avia_image{\nbox-shadow:none;\n}\n.avia-image-container.av-jnlhmea4-ccdabdfa79902d967e8139ed297e53aa .av-image-caption-overlay-center{\ncolor:#ffffff;\n}\n<\/style>\n<div  class='avia-image-container av-jnlhmea4-ccdabdfa79902d967e8139ed297e53aa av-styling- av-hover-grow av-img-linked avia-align-center  avia-builder-el-10  el_before_av_heading  avia-builder-el-first '   itemprop=\"image\" itemscope=\"itemscope\" itemtype=\"https:\/\/schema.org\/ImageObject\" ><div class=\"avia-image-container-inner\"><div class=\"avia-image-overlay-wrap\"><a href=\"https:\/\/scanico.com\/es\/contacto\/administracion\/\" class='avia_image '  aria-label='Administration-grey'><img decoding=\"async\" fetchpriority=\"high\" class='wp-image-6138 avia-img-lazy-loading-not-6138 avia_image ' src=\"https:\/\/scanico.com\/wp-content\/uploads\/2023\/03\/Administration-grey-300x300.png\" alt='Scanico Administration' title='Administration-grey'  height=\"300\" width=\"300\"  itemprop=\"thumbnailUrl\" srcset=\"https:\/\/scanico.com\/wp-content\/uploads\/2023\/03\/Administration-grey-300x300.png 300w, https:\/\/scanico.com\/wp-content\/uploads\/2023\/03\/Administration-grey-80x80.png 80w, https:\/\/scanico.com\/wp-content\/uploads\/2023\/03\/Administration-grey-36x36.png 36w, https:\/\/scanico.com\/wp-content\/uploads\/2023\/03\/Administration-grey-180x180.png 180w, https:\/\/scanico.com\/wp-content\/uploads\/2023\/03\/Administration-grey.png 400w\" sizes=\"(max-width: 300px) 100vw, 300px\" \/><\/a><\/div><\/div><\/div><br \/>\n\n<style type=\"text\/css\" data-created_by=\"avia_inline_auto\" id=\"style-css-av-av_heading-e0304cded25e97c3a85c8037fd88ed9d\">\n#top .av-special-heading.av-av_heading-e0304cded25e97c3a85c8037fd88ed9d{\npadding-bottom:10px;\n}\nbody .av-special-heading.av-av_heading-e0304cded25e97c3a85c8037fd88ed9d .av-special-heading-tag .heading-char{\nfont-size:25px;\n}\n.av-special-heading.av-av_heading-e0304cded25e97c3a85c8037fd88ed9d .av-subheading{\nfont-size:15px;\n}\n<\/style>\n<div  class='av-special-heading av-av_heading-e0304cded25e97c3a85c8037fd88ed9d av-special-heading-h3 blockquote modern-quote modern-centered  avia-builder-el-11  el_after_av_image  avia-builder-el-last '><h3 class='av-special-heading-tag '  itemprop=\"headline\"  >Administraci\u00f3n<\/h3><div class=\"special-heading-border\"><div class=\"special-heading-inner-border\"><\/div><\/div><\/div><\/p><\/div>\n\n<style type=\"text\/css\" data-created_by=\"avia_inline_auto\" id=\"style-css-av-av_one_fourth-531d5d4d3d3a74d4c56d8363993d8877\">\n.flex_column.av-av_one_fourth-531d5d4d3d3a74d4c56d8363993d8877{\nborder-radius:0px 0px 0px 0px;\npadding:0px 0px 0px 0px;\n}\n<\/style>\n<div  class='flex_column av-av_one_fourth-531d5d4d3d3a74d4c56d8363993d8877 av_one_fourth  avia-builder-el-12  el_after_av_one_fourth  el_before_av_one_half  flex_column_div av-zero-column-padding  column-top-margin'     ><p>\n<style type=\"text\/css\" data-created_by=\"avia_inline_auto\" id=\"style-css-av-jnlhmn1u-6054a3792ca1e87f16c87b2cbfbf2ecf\">\n.avia-image-container.av-jnlhmn1u-6054a3792ca1e87f16c87b2cbfbf2ecf img.avia_image{\nbox-shadow:none;\n}\n.avia-image-container.av-jnlhmn1u-6054a3792ca1e87f16c87b2cbfbf2ecf .av-image-caption-overlay-center{\ncolor:#ffffff;\n}\n<\/style>\n<div  class='avia-image-container av-jnlhmn1u-6054a3792ca1e87f16c87b2cbfbf2ecf av-styling- av-hover-grow av-img-linked avia-align-center  avia-builder-el-13  el_before_av_heading  avia-builder-el-first '   itemprop=\"image\" itemscope=\"itemscope\" itemtype=\"https:\/\/schema.org\/ImageObject\" ><div class=\"avia-image-container-inner\"><div class=\"avia-image-overlay-wrap\"><a href=\"https:\/\/scanico.com\/es\/contacto\/donde-encontrarnos\/\" class='avia_image '  aria-label='Map-grey'><img decoding=\"async\" fetchpriority=\"high\" class='wp-image-6135 avia-img-lazy-loading-not-6135 avia_image ' src=\"https:\/\/scanico.com\/wp-content\/uploads\/2023\/03\/Map-grey-300x300.png\" alt='Scanico location map' title='Map-grey'  height=\"300\" width=\"300\"  itemprop=\"thumbnailUrl\" srcset=\"https:\/\/scanico.com\/wp-content\/uploads\/2023\/03\/Map-grey-300x300.png 300w, https:\/\/scanico.com\/wp-content\/uploads\/2023\/03\/Map-grey-80x80.png 80w, https:\/\/scanico.com\/wp-content\/uploads\/2023\/03\/Map-grey-36x36.png 36w, https:\/\/scanico.com\/wp-content\/uploads\/2023\/03\/Map-grey-180x180.png 180w, https:\/\/scanico.com\/wp-content\/uploads\/2023\/03\/Map-grey.png 400w\" sizes=\"(max-width: 300px) 100vw, 300px\" \/><\/a><\/div><\/div><\/div><br \/>\n\n<style type=\"text\/css\" data-created_by=\"avia_inline_auto\" id=\"style-css-av-av_heading-3c28d4e6988816d8b388062cf922c6b5\">\n#top .av-special-heading.av-av_heading-3c28d4e6988816d8b388062cf922c6b5{\npadding-bottom:10px;\n}\nbody .av-special-heading.av-av_heading-3c28d4e6988816d8b388062cf922c6b5 .av-special-heading-tag .heading-char{\nfont-size:25px;\n}\n.av-special-heading.av-av_heading-3c28d4e6988816d8b388062cf922c6b5 .av-subheading{\nfont-size:15px;\n}\n<\/style>\n<div  class='av-special-heading av-av_heading-3c28d4e6988816d8b388062cf922c6b5 av-special-heading-h3 blockquote modern-quote modern-centered  avia-builder-el-14  el_after_av_image  avia-builder-el-last '><h3 class='av-special-heading-tag '  itemprop=\"headline\"  >D\u00f3nde encontrarnos<\/h3><div class=\"special-heading-border\"><div class=\"special-heading-inner-border\"><\/div><\/div><\/div><\/p><\/div>\n\n<style type=\"text\/css\" data-created_by=\"avia_inline_auto\" id=\"style-css-av-av_one_half-6126cab7d8fab8d08143dd2dacdf673c\">\n.flex_column.av-av_one_half-6126cab7d8fab8d08143dd2dacdf673c{\nborder-radius:0px 0px 0px 0px;\npadding:0px 0px 0px 0px;\n}\n<\/style>\n<div  class='flex_column av-av_one_half-6126cab7d8fab8d08143dd2dacdf673c av_one_half  avia-builder-el-15  el_after_av_one_fourth  el_before_av_one_half  first flex_column_div av-zero-column-padding  column-top-margin'     ><p>\n<style type=\"text\/css\" data-created_by=\"avia_inline_auto\" id=\"style-css-av-av_heading-64ff6ad3db199456bf8712df0698f8e8\">\n#top .av-special-heading.av-av_heading-64ff6ad3db199456bf8712df0698f8e8{\npadding-bottom:0;\n}\nbody .av-special-heading.av-av_heading-64ff6ad3db199456bf8712df0698f8e8 .av-special-heading-tag .heading-char{\nfont-size:25px;\n}\n.av-special-heading.av-av_heading-64ff6ad3db199456bf8712df0698f8e8 .av-subheading{\nfont-size:15px;\n}\n<\/style>\n<div  class='av-special-heading av-av_heading-64ff6ad3db199456bf8712df0698f8e8 av-special-heading-h2 blockquote modern-quote  avia-builder-el-16  el_before_av_hr  avia-builder-el-first '><h2 class='av-special-heading-tag '  itemprop=\"headline\"  >Horario comercial<\/h2><div class=\"special-heading-border\"><div class=\"special-heading-inner-border\"><\/div><\/div><\/div><br \/>\n\n<style type=\"text\/css\" data-created_by=\"avia_inline_auto\" id=\"style-css-av-leyb5kga-63e7ce146664151b15df250a91657de1\">\n#top .hr.av-leyb5kga-63e7ce146664151b15df250a91657de1{\nmargin-top:10px;\nmargin-bottom:10px;\n}\n.hr.av-leyb5kga-63e7ce146664151b15df250a91657de1 .hr-inner{\nwidth:50px;\nborder-color:#f05a3f;\n}\n<\/style>\n<div  class='hr av-leyb5kga-63e7ce146664151b15df250a91657de1 hr-custom  avia-builder-el-17  el_after_av_heading  el_before_av_iconlist  hr-left hr-icon-no'><span class='hr-inner inner-border-av-border-fat'><span class=\"hr-inner-style\"><\/span><\/span><\/div><br \/>\n\n<style type=\"text\/css\" data-created_by=\"avia_inline_auto\" id=\"style-css-av-jozt46mo-73dea8d414d073d7d5d4e19e3a3188f0\">\n#top .avia-icon-list-container.av-jozt46mo-73dea8d414d073d7d5d4e19e3a3188f0 .iconlist_icon{\nbackground-color:#f05a3f;\n}\n<\/style>\n<div  class='avia-icon-list-container av-jozt46mo-73dea8d414d073d7d5d4e19e3a3188f0  avia-builder-el-18  el_after_av_hr  avia-builder-el-last '><ul class='avia-icon-list avia_animate_when_almost_visible avia-icon-list-left av-iconlist-big av-jozt46mo-73dea8d414d073d7d5d4e19e3a3188f0 avia-iconlist-animate'>\n<li><div class='iconlist_icon av-lvxvf090-8fb9c22081d2a2cc0b3bd225a86ec69e avia-font-entypo-fontello avia-iconfont avia-font-entypo-fontello'><span class='av-icon-char' data-av_icon='\ue862' data-av_iconfont='entypo-fontello' aria-hidden=\"true\"><\/span><\/div><article class=\"article-icon-entry \"  itemscope=\"itemscope\" itemtype=\"https:\/\/schema.org\/CreativeWork\" ><div class=\"iconlist_content_wrap\"><header class=\"entry-content-header\" aria-label=\"Icon: Oficina\"><h4 class='av_iconlist_title iconlist_title  '  itemprop=\"headline\" >Oficina<\/h4><\/header><div class='iconlist_content '  itemprop=\"text\" ><p>De lunes a jueves: 08:00 &#8211; 15:30<\/p>\n<p>Viernes: 08:00 &#8211; 15:00<\/p>\n<\/div><\/div><footer class=\"entry-footer\"><\/footer><\/article><div class=\"iconlist-timeline\"><\/div><\/li>\n<li><div class='iconlist_icon av-av_iconlist_item-fb44bfc0998208075580ad47e31980b7 avia-font-entypo-fontello avia-iconfont avia-font-entypo-fontello'><span class='av-icon-char' data-av_icon='\ue862' data-av_iconfont='entypo-fontello' aria-hidden=\"true\"><\/span><\/div><article class=\"article-icon-entry \"  itemscope=\"itemscope\" itemtype=\"https:\/\/schema.org\/CreativeWork\" ><div class=\"iconlist_content_wrap\"><header class=\"entry-content-header\" aria-label=\"Icon: Almac\u00e9n\"><h4 class='av_iconlist_title iconlist_title  '  itemprop=\"headline\" >Almac\u00e9n<\/h4><\/header><div class='iconlist_content '  itemprop=\"text\" ><p>De lunes a jueves: 07:00 &#8211; 15:00<\/p>\n<p>Viernes: 07:00 &#8211; 14:30<\/p>\n<\/div><\/div><footer class=\"entry-footer\"><\/footer><\/article><div class=\"iconlist-timeline\"><\/div><\/li>\n<li><div class='iconlist_icon av-m4sjn3zz-9b6d384d78a878c2f292194ab0bc7148 avia-font-entypo-fontello avia-iconfont avia-font-entypo-fontello'><span class='av-icon-char' data-av_icon='\ue854' data-av_iconfont='entypo-fontello' aria-hidden=\"true\"><\/span><\/div><article class=\"article-icon-entry \"  itemscope=\"itemscope\" itemtype=\"https:\/\/schema.org\/CreativeWork\" ><div class=\"iconlist_content_wrap\"><header class=\"entry-content-header\" aria-label=\"Icon: L\u00ednea telef\u00f3nica de servicio\"><h4 class='av_iconlist_title iconlist_title  '  itemprop=\"headline\" >L\u00ednea telef\u00f3nica de servicio<\/h4><\/header><div class='iconlist_content '  itemprop=\"text\" ><p>Los clientes con acuerdos de servicio prioritario pueden llamar a nuestra l\u00ednea directa de servicio extendido entre las 06:00 y las 22:00.<\/p>\n<\/div><\/div><footer class=\"entry-footer\"><\/footer><\/article><div class=\"iconlist-timeline\"><\/div><\/li>\n<\/ul><\/div><\/p><\/div>\n<style type=\"text\/css\" data-created_by=\"avia_inline_auto\" id=\"style-css-av-leya72ow-63a13c9bd758db58d70dc9343dbb2be9\">\n.flex_column.av-leya72ow-63a13c9bd758db58d70dc9343dbb2be9{\nborder-radius:0px 0px 0px 0px;\npadding:10px 10px 10px 10px;\nbackground-color:#8b99a7;\n}\n<\/style>\n<div  class='flex_column av-leya72ow-63a13c9bd758db58d70dc9343dbb2be9 av_one_half  avia-builder-el-19  el_after_av_one_half  el_before_av_four_fifth  flex_column_div  column-top-margin'     ><style type=\"text\/css\" data-created_by=\"avia_inline_auto\" id=\"style-css-av-av_textblock-45ffac5315a447b0d15c03c122e6f889\">\n#top .av_textblock_section.av-av_textblock-45ffac5315a447b0d15c03c122e6f889 .avia_textblock{\ncolor:#f8f8f8;\n}\n<\/style>\n<section  class='av_textblock_section av-av_textblock-45ffac5315a447b0d15c03c122e6f889 '   itemscope=\"itemscope\" itemtype=\"https:\/\/schema.org\/CreativeWork\" ><div class='avia_textblock av_inherit_color'  itemprop=\"text\" ><p>Nuestra planificaci\u00f3n profesional y organizaci\u00f3n de gesti\u00f3n se centran en todos los aspectos del proceso, incluyendo dise\u00f1o, fabricaci\u00f3n, instalaci\u00f3n, formaci\u00f3n de clientes y servicio postventa.<\/p>\n<p>No dude en contactar con nosotros para sus necesidades de proyectos espec\u00edficos, y perm\u00edtanos guiarle hasta la soluci\u00f3n \u00f3ptima.<\/p>\n<\/div><\/section><\/div>\n\n<style type=\"text\/css\" data-created_by=\"avia_inline_auto\" id=\"style-css-av-av_four_fifth-6126cab7d8fab8d08143dd2dacdf673c\">\n.flex_column.av-av_four_fifth-6126cab7d8fab8d08143dd2dacdf673c{\nborder-radius:0px 0px 0px 0px;\npadding:0px 0px 0px 0px;\n}\n<\/style>\n<div  class='flex_column av-av_four_fifth-6126cab7d8fab8d08143dd2dacdf673c av_four_fifth  avia-builder-el-21  el_after_av_one_half  avia-builder-el-last  first flex_column_div av-zero-column-padding  column-top-margin'     ><\/div>\n","protected":false},"excerpt":{"rendered":"","protected":false},"author":1,"featured_media":0,"parent":0,"menu_order":0,"comment_status":"closed","ping_status":"closed","template":"","meta":{"footnotes":""},"class_list":["post-2787","page","type-page","status-publish","hentry"],"_links":{"self":[{"href":"https:\/\/scanico.com\/es\/wp-json\/wp\/v2\/pages\/2787","targetHints":{"allow":["GET"]}}],"collection":[{"href":"https:\/\/scanico.com\/es\/wp-json\/wp\/v2\/pages"}],"about":[{"href":"https:\/\/scanico.com\/es\/wp-json\/wp\/v2\/types\/page"}],"author":[{"embeddable":true,"href":"https:\/\/scanico.com\/es\/wp-json\/wp\/v2\/users\/1"}],"replies":[{"embeddable":true,"href":"https:\/\/scanico.com\/es\/wp-json\/wp\/v2\/comments?post=2787"}],"version-history":[{"count":5,"href":"https:\/\/scanico.com\/es\/wp-json\/wp\/v2\/pages\/2787\/revisions"}],"predecessor-version":[{"id":6826,"href":"https:\/\/scanico.com\/es\/wp-json\/wp\/v2\/pages\/2787\/revisions\/6826"}],"wp:attachment":[{"href":"https:\/\/scanico.com\/es\/wp-json\/wp\/v2\/media?parent=2787"}],"curies":[{"name":"wp","href":"https:\/\/api.w.org\/{rel}","templated":true}]}}