{"id":2783,"date":"2018-06-18T08:33:33","date_gmt":"2018-06-18T07:33:33","guid":{"rendered":"http:\/\/sandbox.scanico.com\/accesorios\/"},"modified":"2019-01-29T17:18:31","modified_gmt":"2019-01-29T16:18:31","slug":"accesorios","status":"publish","type":"page","link":"https:\/\/scanico.com\/es\/nuestros-productos\/accesorios\/","title":{"rendered":"Accesorios"},"content":{"rendered":"<div  class='flex_column av-av_one_full-2a9015ff38129c418a3f2eafba3e9512 av_one_full  avia-builder-el-0  el_before_av_one_half  avia-builder-el-first  first flex_column_div  '     ><p>\n<style type=\"text\/css\" data-created_by=\"avia_inline_auto\" id=\"style-css-av-av_heading-6aa3bcda2551899769aeb391f4eed339\">\n#top .av-special-heading.av-av_heading-6aa3bcda2551899769aeb391f4eed339{\npadding-bottom:0;\n}\nbody .av-special-heading.av-av_heading-6aa3bcda2551899769aeb391f4eed339 .av-special-heading-tag .heading-char{\nfont-size:25px;\n}\n.av-special-heading.av-av_heading-6aa3bcda2551899769aeb391f4eed339 .av-subheading{\nfont-size:15px;\n}\n<\/style>\n<div  class='av-special-heading av-av_heading-6aa3bcda2551899769aeb391f4eed339 av-special-heading-h2 blockquote modern-quote  avia-builder-el-1  el_before_av_hr  avia-builder-el-first '><h2 class='av-special-heading-tag '  itemprop=\"headline\"  >Accesorios<\/h2><div class=\"special-heading-border\"><div class=\"special-heading-inner-border\"><\/div><\/div><\/div><br \/>\n\n<style type=\"text\/css\" data-created_by=\"avia_inline_auto\" id=\"style-css-av-av_hr-e4afb54f23ef18eb2242ace6874f1bc1\">\n#top .hr.av-av_hr-e4afb54f23ef18eb2242ace6874f1bc1{\nmargin-top:10px;\nmargin-bottom:0;\n}\n.hr.av-av_hr-e4afb54f23ef18eb2242ace6874f1bc1 .hr-inner{\nwidth:50px;\nborder-color:#258b8f;\n}\n<\/style>\n<div  class='hr av-av_hr-e4afb54f23ef18eb2242ace6874f1bc1 hr-custom  avia-builder-el-2  el_after_av_heading  avia-builder-el-last  hr-left hr-icon-no'><span class='hr-inner inner-border-av-border-fat'><span class=\"hr-inner-style\"><\/span><\/span><\/div><\/p><\/div>\n\n<style type=\"text\/css\" data-created_by=\"avia_inline_auto\" id=\"style-css-av-av_one_half-d71a51a707c4656b37c9afbbd6138215\">\n.flex_column.av-av_one_half-d71a51a707c4656b37c9afbbd6138215{\nborder-radius:0px 0px 0px 0px;\npadding:0px 0px 0px 0px;\n}\n<\/style>\n<div  class='flex_column av-av_one_half-d71a51a707c4656b37c9afbbd6138215 av_one_half  avia-builder-el-3  el_after_av_one_full  el_before_av_one_half  first flex_column_div av-animated-generic bottom-to-top av-zero-column-padding  column-top-margin'     ><section  class='av_textblock_section av-av_textblock-0366cc7376be6c9e82a3e9cc8987b64f '   itemscope=\"itemscope\" itemtype=\"https:\/\/schema.org\/CreativeWork\" ><div class='avia_textblock'  itemprop=\"text\" ><p>Las opciones de un sistema de limpieza CIP eficaz de ahorro de agua y electricidad y la posibilidad de distintos tipos de limpiadores de cinta aseguran una limpieza f\u00e1cil, eficaz, econ\u00f3mica y segura.<\/p>\n<p>A continuaci\u00f3n se muestra una lista de los accesorios que se pueden integrar en nuestros sistemas, ofreci\u00e9ndole una soluci\u00f3n personalizada para que coincida con sus necesidades de producci\u00f3n:<\/p>\n<\/div><\/section><\/div>\n\n<style type=\"text\/css\" data-created_by=\"avia_inline_auto\" id=\"style-css-av-av_one_half-93bea18e2ccb60552a17080633244dec\">\n.flex_column.av-av_one_half-93bea18e2ccb60552a17080633244dec{\nborder-radius:0px 0px 0px 0px;\npadding:0px 0px 0px 0px;\n}\n<\/style>\n<div  class='flex_column av-av_one_half-93bea18e2ccb60552a17080633244dec av_one_half  avia-builder-el-5  el_after_av_one_half  el_before_av_one_half  flex_column_div av-animated-generic bottom-to-top av-zero-column-padding  column-top-margin'     ><style type=\"text\/css\" data-created_by=\"avia_inline_auto\" id=\"style-css-av-av_image-2bd02dbb7a20b1cbc5c4904f35834bdd\">\n.avia-image-container.av-av_image-2bd02dbb7a20b1cbc5c4904f35834bdd img.avia_image{\nbox-shadow:none;\n}\n.avia-image-container.av-av_image-2bd02dbb7a20b1cbc5c4904f35834bdd .av-image-caption-overlay-center{\ncolor:#ffffff;\n}\n<\/style>\n<div  class='avia-image-container av-av_image-2bd02dbb7a20b1cbc5c4904f35834bdd av-styling- avia-align-center  avia-builder-el-6  avia-builder-el-no-sibling '   itemprop=\"image\" itemscope=\"itemscope\" itemtype=\"https:\/\/schema.org\/ImageObject\" ><div class=\"avia-image-container-inner\"><div class=\"avia-image-overlay-wrap\"><img decoding=\"async\" fetchpriority=\"high\" class='wp-image-2704 avia-img-lazy-loading-not-2704 avia_image ' src=\"https:\/\/scanico.com\/wp-content\/uploads\/2017\/05\/Scanico-belt-cleaning-300x186.jpg\" alt='' title='Scanico Belt Cleaning'  height=\"186\" width=\"300\"  itemprop=\"thumbnailUrl\" srcset=\"https:\/\/scanico.com\/wp-content\/uploads\/2017\/05\/Scanico-belt-cleaning-300x186.jpg 300w, https:\/\/scanico.com\/wp-content\/uploads\/2017\/05\/Scanico-belt-cleaning.jpg 365w\" sizes=\"(max-width: 300px) 100vw, 300px\" \/><\/div><\/div><\/div><\/div>\n\n<style type=\"text\/css\" data-created_by=\"avia_inline_auto\" id=\"style-css-av-av_one_half-9e4d7cb42ab75ccdd51b4addf8e313d1\">\n.flex_column.av-av_one_half-9e4d7cb42ab75ccdd51b4addf8e313d1{\nborder-radius:0px 0px 0px 0px;\npadding:10px 10px 10px 10px;\nbackground-color:#258b8f;\n}\n<\/style>\n<div  class='flex_column av-av_one_half-9e4d7cb42ab75ccdd51b4addf8e313d1 av_one_half  avia-builder-el-7  el_after_av_one_half  el_before_av_one_half  first flex_column_div  column-top-margin'     ><style type=\"text\/css\" data-created_by=\"avia_inline_auto\" id=\"style-css-av-joyfifzj-5f750772761bdd0e88f1a4aaa82e3260\">\n#top .av_textblock_section.av-joyfifzj-5f750772761bdd0e88f1a4aaa82e3260 .avia_textblock{\ncolor:#f8f8f8;\n}\n<\/style>\n<section  class='av_textblock_section av-joyfifzj-5f750772761bdd0e88f1a4aaa82e3260 '   itemscope=\"itemscope\" itemtype=\"https:\/\/schema.org\/CreativeWork\" ><div class='avia_textblock av_inherit_color'  itemprop=\"text\" ><ul>\n<li>Sistema de limpieza CIP<\/li>\n<li>Unidad de lavado en cinta<\/li>\n<li>Unidad de esmaltado<\/li>\n<li>Transportador de entrada\/salida<\/li>\n<li>Sistema de carga de productos<\/li>\n<li>Cargador de empanadas (curva)<\/li>\n<li>Descongelaci\u00f3n secuencial<\/li>\n<li>Carcasa y suelo de acero inoxidable totalmente soldado<\/li>\n<\/ul>\n<\/div><\/section><\/div>\n\n<style type=\"text\/css\" data-created_by=\"avia_inline_auto\" id=\"style-css-av-av_one_half-0aa7055fe62c3622faec82866afbaeb2\">\n.flex_column.av-av_one_half-0aa7055fe62c3622faec82866afbaeb2{\nborder-radius:0px 0px 0px 0px;\npadding:0px 0px 0px 0px;\n}\n<\/style>\n<div  class='flex_column av-av_one_half-0aa7055fe62c3622faec82866afbaeb2 av_one_half  avia-builder-el-9  el_after_av_one_half  avia-builder-el-last  flex_column_div av-zero-column-padding  column-top-margin'     ><section  class='av_textblock_section av-jrhyuoel-af78039ebaa6122d75927bf77ca8ca88 '   itemscope=\"itemscope\" itemtype=\"https:\/\/schema.org\/CreativeWork\" ><div class='avia_textblock'  itemprop=\"text\" ><p class=\"bodytext\">P\u00f3ngase en contacto con nuestro <a href=\"https:\/\/scanico.com\/es\/contacto\/ventas\/\"><strong>Departamento de ventas<\/strong><\/a> para obtener una soluci\u00f3n perfectamente adaptada a sus necesidades.<\/p>\n<\/div><\/section><\/div>\n","protected":false},"excerpt":{"rendered":"","protected":false},"author":1,"featured_media":0,"parent":2863,"menu_order":12,"comment_status":"closed","ping_status":"closed","template":"","meta":{"footnotes":""},"class_list":["post-2783","page","type-page","status-publish","hentry"],"_links":{"self":[{"href":"https:\/\/scanico.com\/es\/wp-json\/wp\/v2\/pages\/2783","targetHints":{"allow":["GET"]}}],"collection":[{"href":"https:\/\/scanico.com\/es\/wp-json\/wp\/v2\/pages"}],"about":[{"href":"https:\/\/scanico.com\/es\/wp-json\/wp\/v2\/types\/page"}],"author":[{"embeddable":true,"href":"https:\/\/scanico.com\/es\/wp-json\/wp\/v2\/users\/1"}],"replies":[{"embeddable":true,"href":"https:\/\/scanico.com\/es\/wp-json\/wp\/v2\/comments?post=2783"}],"version-history":[{"count":4,"href":"https:\/\/scanico.com\/es\/wp-json\/wp\/v2\/pages\/2783\/revisions"}],"predecessor-version":[{"id":4007,"href":"https:\/\/scanico.com\/es\/wp-json\/wp\/v2\/pages\/2783\/revisions\/4007"}],"up":[{"embeddable":true,"href":"https:\/\/scanico.com\/es\/wp-json\/wp\/v2\/pages\/2863"}],"wp:attachment":[{"href":"https:\/\/scanico.com\/es\/wp-json\/wp\/v2\/media?parent=2783"}],"curies":[{"name":"wp","href":"https:\/\/api.w.org\/{rel}","templated":true}]}}