{"id":2763,"date":"2018-04-30T14:30:07","date_gmt":"2018-04-30T13:30:07","guid":{"rendered":"http:\/\/sandbox.scanico.com\/__\/"},"modified":"2026-04-27T13:02:24","modified_gmt":"2026-04-27T12:02:24","slug":"carrera","status":"publish","type":"page","link":"https:\/\/scanico.com\/es\/carrera\/","title":{"rendered":"Carrera"},"content":{"rendered":"\n<style type=\"text\/css\" data-created_by=\"avia_inline_auto\" id=\"style-css-av-9okwzl-705188a53601884490c801bee759bc6e\">\n.flex_column.av-9okwzl-705188a53601884490c801bee759bc6e{\nborder-radius:0px 0px 0px 0px;\npadding:0px 0px 0px 0px;\n}\n<\/style>\n<div  class='flex_column av-9okwzl-705188a53601884490c801bee759bc6e av_one_full  avia-builder-el-0  el_before_av_one_half  avia-builder-el-first  first flex_column_div av-zero-column-padding  '     ><p>\n<style type=\"text\/css\" data-created_by=\"avia_inline_auto\" id=\"style-css-av-7otbq9-3739a46fb68d0438993fe85e1a2c8faa\">\n#top .av-special-heading.av-7otbq9-3739a46fb68d0438993fe85e1a2c8faa{\npadding-bottom:0;\n}\nbody .av-special-heading.av-7otbq9-3739a46fb68d0438993fe85e1a2c8faa .av-special-heading-tag .heading-char{\nfont-size:25px;\n}\n.av-special-heading.av-7otbq9-3739a46fb68d0438993fe85e1a2c8faa .av-subheading{\nfont-size:15px;\n}\n<\/style>\n<div  class='av-special-heading av-7otbq9-3739a46fb68d0438993fe85e1a2c8faa av-special-heading-h1 blockquote modern-quote modern-centered  avia-builder-el-1  el_before_av_hr  avia-builder-el-first '><h1 class='av-special-heading-tag '  itemprop=\"headline\"  >Carrera<\/h1><div class=\"special-heading-border\"><div class=\"special-heading-inner-border\"><\/div><\/div><\/div><br \/>\n\n<style type=\"text\/css\" data-created_by=\"avia_inline_auto\" id=\"style-css-av-5g8b01-f32c0bf55291952e768cdbcb1e5c477c\">\n#top .hr.av-5g8b01-f32c0bf55291952e768cdbcb1e5c477c{\nmargin-top:10px;\nmargin-bottom:10px;\n}\n.hr.av-5g8b01-f32c0bf55291952e768cdbcb1e5c477c .hr-inner{\nwidth:50px;\nborder-color:#f05a3f;\n}\n<\/style>\n<div  class='hr av-5g8b01-f32c0bf55291952e768cdbcb1e5c477c hr-custom  avia-builder-el-2  el_after_av_heading  avia-builder-el-last  hr-center hr-icon-no'><span class='hr-inner inner-border-av-border-fat'><span class=\"hr-inner-style\"><\/span><\/span><\/div><\/p><\/div>\n<div  class='flex_column av-av_one_half-2d22dc0500e159f2b39fe7a147caf14c av_one_half  avia-builder-el-3  el_after_av_one_full  el_before_av_one_half  first flex_column_div  column-top-margin'     ><section  class='av_textblock_section av-4t36pt-223253f15736298b99c0a04756d544f2 '   itemscope=\"itemscope\" itemtype=\"https:\/\/schema.org\/CreativeWork\" ><div class='avia_textblock'  itemprop=\"text\" ><p>En Scanico A\/S, nuestro equipo de profesionales especializados dise\u00f1an, desarrollan y fabrican soluciones de enfriamiento de alta calidad.<\/p>\n<p>Si le interesa obtener m\u00e1s informaci\u00f3n sobre sus oportunidades profesionales en Scanico, puede contactar con nuestra socia de Recursos Humanos:<\/p>\n<p><strong>Helle Uldbjerg<\/strong><\/p>\n<p><a href=\"tel:+4521821559\">\n<style type=\"text\/css\" data-created_by=\"avia_inline_auto\" id=\"style-css-av-12klkn-ae7f4ad7d2a4452b2e90beb646aa1c91\">\n.av_font_icon.av-12klkn-ae7f4ad7d2a4452b2e90beb646aa1c91 .av-icon-char{\nfont-size:20px;\nline-height:20px;\n}\n<\/style>\n<span  class='av_font_icon av-12klkn-ae7f4ad7d2a4452b2e90beb646aa1c91 avia_animate_when_visible av-icon-style- avia-icon-pos-left avia-iconfont avia-font-entypo-fontello av-no-color avia-icon-animate'><span class='av-icon-char' data-av_icon='\ue8ac' data-av_iconfont='entypo-fontello' aria-hidden=\"true\" ><\/span><\/span> +45 21 82 15 59\u00a0<\/a><\/p>\n<\/div><\/section><\/div>\n\n<style type=\"text\/css\" data-created_by=\"avia_inline_auto\" id=\"style-css-av-mfpe0jt8-8a90722504456ce09134d46ef93283d3\">\n.flex_column.av-mfpe0jt8-8a90722504456ce09134d46ef93283d3{\npadding:20px 20px 20px 20px;\nbackground-color:#8b99a7;\n}\n<\/style>\n<div  class='flex_column av-mfpe0jt8-8a90722504456ce09134d46ef93283d3 av_one_half  avia-builder-el-6  el_after_av_one_half  el_before_av_one_full  flex_column_div  column-top-margin'     ><p>\n<style type=\"text\/css\" data-created_by=\"avia_inline_auto\" id=\"style-css-av-mhddug1q-cfd425bea32c223c1439e9ecbe40232c\">\n#top .av-special-heading.av-mhddug1q-cfd425bea32c223c1439e9ecbe40232c{\npadding-bottom:10px;\ncolor:#f8f8f8;\n}\nbody .av-special-heading.av-mhddug1q-cfd425bea32c223c1439e9ecbe40232c .av-special-heading-tag .heading-char{\nfont-size:25px;\n}\n.av-special-heading.av-mhddug1q-cfd425bea32c223c1439e9ecbe40232c .special-heading-inner-border{\nborder-color:#f8f8f8;\n}\n.av-special-heading.av-mhddug1q-cfd425bea32c223c1439e9ecbe40232c .av-subheading{\nfont-size:15px;\n}\n<\/style>\n<div  class='av-special-heading av-mhddug1q-cfd425bea32c223c1439e9ecbe40232c av-special-heading-h3 custom-color-heading blockquote modern-quote  avia-builder-el-7  el_before_av_hr  avia-builder-el-first '><h3 class='av-special-heading-tag '  itemprop=\"headline\"  >Puestos vacantes en Scanico<\/h3><div class=\"special-heading-border\"><div class=\"special-heading-inner-border\"><\/div><\/div><\/div><br \/>\n\n<style type=\"text\/css\" data-created_by=\"avia_inline_auto\" id=\"style-css-av-mhddt1hn-412907394c39fbc0480aec7f8668ae44\">\n#top .hr.av-mhddt1hn-412907394c39fbc0480aec7f8668ae44{\nmargin-top:10px;\nmargin-bottom:10px;\n}\n.hr.av-mhddt1hn-412907394c39fbc0480aec7f8668ae44 .hr-inner{\nwidth:50px;\nborder-color:#f05a3f;\n}\n<\/style>\n<div  class='hr av-mhddt1hn-412907394c39fbc0480aec7f8668ae44 hr-custom  avia-builder-el-8  el_after_av_heading  el_before_av_textblock  hr-left hr-icon-no'><span class='hr-inner inner-border-av-border-fat'><span class=\"hr-inner-style\"><\/span><\/span><\/div><br \/>\n\n<style type=\"text\/css\" data-created_by=\"avia_inline_auto\" id=\"style-css-av-m6hnpbjv-3cb8657ab16fd888080ecc52f3b1a30a\">\n#top .av_textblock_section.av-m6hnpbjv-3cb8657ab16fd888080ecc52f3b1a30a .avia_textblock{\ncolor:#f8f8f8;\n}\n<\/style>\n<section  class='av_textblock_section av-m6hnpbjv-3cb8657ab16fd888080ecc52f3b1a30a '   itemscope=\"itemscope\" itemtype=\"https:\/\/schema.org\/CreativeWork\" ><div class='avia_textblock av_inherit_color'  itemprop=\"text\" >\n<p>Por el momento, estamos buscando: <strong>\u00a0\u00a0<\/strong><\/p>\n<ul>\n<li><a href=\"https:\/\/www.jobindex.dk\/vis-job\/h1646592\" target=\"_blank\" rel=\"noopener\"><strong>Head of Engineering<\/strong><\/a><\/li>\n<li><a href=\"https:\/\/www.jobindex.dk\/vis-job\/h1655493\" target=\"_blank\" rel=\"noopener\"><strong>Mechanical Engineer til Innovation<\/strong><\/a><\/li>\n<li><strong><a href=\"https:\/\/www.jobindex.dk\/vis-job\/h1644412\" target=\"_blank\" rel=\"noopener\">Teamleder &#8211; Automation<\/a> \u00a0<\/strong><\/li>\n<li><a href=\"https:\/\/www.jobindex.dk\/vis-job\/h1658699\" target=\"_blank\" rel=\"noopener\"><strong>Teamleder &#8211; Montage &amp; Lager<\/strong><\/a><\/li>\n<li><a href=\"https:\/\/www.jobindex.dk\/vis-job\/h1650457\" target=\"_blank\" rel=\"noopener\"><strong>Procurement Manager<\/strong><\/a><\/li>\n<li><a href=\"https:\/\/www.jobindex.dk\/vis-job\/h1658064\" target=\"_blank\" rel=\"noopener\"><strong>Kantineleder<\/strong><\/a><\/li>\n<\/ul>\n<p>El enlace anterior se abrir\u00e1 en una nueva pesta\u00f1a con una descripci\u00f3n completa del trabajo en dan\u00e9s y un enlace para la aplicaci\u00f3n.<\/p>\n<\/div><\/section><\/p><\/div><div  class='flex_column av-av_one_full-2d22dc0500e159f2b39fe7a147caf14c av_one_full  avia-builder-el-10  el_after_av_one_half  el_before_av_hr  first flex_column_div  column-top-margin'     ><section  class='av_textblock_section av-mhkp4bmv-a3c8e3a052e6174d67af536e4165f55a '   itemscope=\"itemscope\" itemtype=\"https:\/\/schema.org\/CreativeWork\" ><div class='avia_textblock'  itemprop=\"text\" ><p><strong>Solicitudes espont\u00e1neas<\/strong><\/p>\n<p>Env\u00ede sus solicitudes espont\u00e1neas a: <a href=\"mailto:job@scanico.com\">job@scanico.com<\/a>.<\/p>\n<p>Los CV y \u200b\u200blas solicitudes enviadas a otras direcciones se eliminar\u00e1n una vez recibidos.<\/p>\n<p>Al enviar su solicitud, nos da su consentimiento para que procesemos sus datos personales \u00fanicamente con fines de selecci\u00f3n. Para obtener m\u00e1s informaci\u00f3n sobre c\u00f3mo gestionamos sus datos de acuerdo con el RGPD, consulte a continuaci\u00f3n.<\/p>\n<\/div><\/section><\/div>\n\n<style type=\"text\/css\" data-created_by=\"avia_inline_auto\" id=\"style-css-av-av_hr-477f233fffdfbbb735b8ab0883b7903a\">\n#top .hr.av-av_hr-477f233fffdfbbb735b8ab0883b7903a{\nmargin-top:10px;\nmargin-bottom:10px;\n}\n.hr.av-av_hr-477f233fffdfbbb735b8ab0883b7903a .hr-inner{\nwidth:50px;\nborder-color:#f05a3f;\n}\n<\/style>\n<div  class='hr av-av_hr-477f233fffdfbbb735b8ab0883b7903a hr-custom  avia-builder-el-12  el_after_av_one_full  el_before_av_one_full  hr-center hr-icon-no'><span class='hr-inner inner-border-av-border-fat'><span class=\"hr-inner-style\"><\/span><\/span><\/div>\n<div  class='flex_column av-av_one_full-2d22dc0500e159f2b39fe7a147caf14c av_one_full  avia-builder-el-13  el_after_av_hr  avia-builder-el-last  first flex_column_div  '     ><section  class='av_textblock_section av-mhkp95rw-e9de6993cc8a96edfeab27949be64387 '   itemscope=\"itemscope\" itemtype=\"https:\/\/schema.org\/CreativeWork\" ><div class='avia_textblock'  itemprop=\"text\" ><p><strong>Procesamiento de solicitudes<\/strong><\/p>\n<p>Cuando solicita un puesto en Scanico, procesamos sus datos personales de acuerdo con el Reglamento General de Protecci\u00f3n de Datos (RGPD) y la Ley de Protecci\u00f3n de Datos de Dinamarca.<\/p>\n<p><strong>Finalidad<\/strong><\/p>\n<p>Su informaci\u00f3n se utilizar\u00e1 \u00fanicamente para evaluar su solicitud y cualquier posible empleo con nosotros.<\/p>\n<p><strong>Almacenamiento de solicitudes<\/strong><\/p>\n<p>Todas las solicitudes de candidatos no seleccionados se eliminar\u00e1n una vez finalizado el proceso de selecci\u00f3n.<\/p>\n<p>Si un candidato prometedor no es seleccionado para un puesto, podremos solicitar su consentimiento por escrito para conservar su solicitud hasta 12 meses.<\/p>\n<p><strong>Almacenamiento de solicitudes no solicitadas<\/strong><\/p>\n<p>Si no se le considera para un puesto, su solicitud se eliminar\u00e1 inmediatamente despu\u00e9s de recibir nuestra respuesta.<\/p>\n<p>Si desea que conservemos su solicitud hasta 6 meses para futuras oportunidades profesionales, incluya la siguiente declaraci\u00f3n en su correo electr\u00f3nico: \u00abDoy mi consentimiento a Scanico para que conserve mi solicitud hasta 6 meses\u00bb. Si a\u00fan no ha dado su consentimiento para almacenar su solicitud y consideramos que su perfil es relevante para futuros puestos, le solicitaremos su consentimiento por escrito para conservarla hasta 6 meses. Transcurrido este plazo, se eliminar\u00e1 definitivamente.<\/p>\n<p><strong>Consentimiento<\/strong><\/p>\n<p>No se requiere el consentimiento para almacenar su solicitud para ser considerado para un puesto. <strong>Todas las solicitudes se evaluar\u00e1n exhaustivamente<\/strong>.<\/p>\n<p><strong>Sus derechos<\/strong><\/p>\n<p>Tiene derecho a acceder a los datos que tenemos sobre usted, a que se corrijan los datos inexactos y a que se eliminen sus datos.<\/p>\n<p><strong>Contacto<\/strong><\/p>\n<p>Si tiene alguna pregunta sobre c\u00f3mo procesamos las solicitudes y los datos personales, p\u00f3ngase en contacto con nosotros por correo electr\u00f3nico: job@scanico.com.<\/p>\n<\/div><\/section><\/div>\n","protected":false},"excerpt":{"rendered":"","protected":false},"author":3,"featured_media":0,"parent":0,"menu_order":0,"comment_status":"closed","ping_status":"closed","template":"","meta":{"footnotes":""},"class_list":["post-2763","page","type-page","status-publish","hentry"],"_links":{"self":[{"href":"https:\/\/scanico.com\/es\/wp-json\/wp\/v2\/pages\/2763","targetHints":{"allow":["GET"]}}],"collection":[{"href":"https:\/\/scanico.com\/es\/wp-json\/wp\/v2\/pages"}],"about":[{"href":"https:\/\/scanico.com\/es\/wp-json\/wp\/v2\/types\/page"}],"author":[{"embeddable":true,"href":"https:\/\/scanico.com\/es\/wp-json\/wp\/v2\/users\/3"}],"replies":[{"embeddable":true,"href":"https:\/\/scanico.com\/es\/wp-json\/wp\/v2\/comments?post=2763"}],"version-history":[{"count":44,"href":"https:\/\/scanico.com\/es\/wp-json\/wp\/v2\/pages\/2763\/revisions"}],"predecessor-version":[{"id":7369,"href":"https:\/\/scanico.com\/es\/wp-json\/wp\/v2\/pages\/2763\/revisions\/7369"}],"wp:attachment":[{"href":"https:\/\/scanico.com\/es\/wp-json\/wp\/v2\/media?parent=2763"}],"curies":[{"name":"wp","href":"https:\/\/api.w.org\/{rel}","templated":true}]}}